{"id":2896,"date":"2020-02-26T13:25:10","date_gmt":"2020-02-26T12:25:10","guid":{"rendered":"https:\/\/aneyron.com\/produkte\/silicone\/"},"modified":"2021-05-25T15:55:38","modified_gmt":"2021-05-25T14:55:38","slug":"silikon","status":"publish","type":"page","link":"https:\/\/id-unlimited.es\/de\/produkte\/silikon\/","title":{"rendered":"Silikon"},"content":{"rendered":"\t\t<div data-elementor-type=\"wp-page\" data-elementor-id=\"2896\" class=\"elementor elementor-2896 elementor-851\" data-elementor-post-type=\"page\">\n\t\t\t\t\t\t<section class=\"elementor-section elementor-top-section elementor-element elementor-element-70304f3b elementor-section-boxed elementor-section-height-default elementor-section-height-default\" data-id=\"70304f3b\" data-element_type=\"section\">\n\t\t\t\t\t\t<div class=\"elementor-container elementor-column-gap-default\">\n\t\t\t\t\t<div class=\"elementor-column elementor-col-100 elementor-top-column elementor-element elementor-element-7191fc8c\" data-id=\"7191fc8c\" data-element_type=\"column\">\n\t\t\t<div class=\"elementor-widget-wrap elementor-element-populated\">\n\t\t\t\t\t\t<div class=\"elementor-element elementor-element-7c14d226 elementor-pagination-position-inside elementor-arrows-position-inside elementor-widget elementor-widget-image-carousel\" data-id=\"7c14d226\" data-element_type=\"widget\" data-settings=\"{&quot;slides_to_show&quot;:&quot;1&quot;,&quot;navigation&quot;:&quot;both&quot;,&quot;autoplay&quot;:&quot;yes&quot;,&quot;pause_on_hover&quot;:&quot;yes&quot;,&quot;pause_on_interaction&quot;:&quot;yes&quot;,&quot;autoplay_speed&quot;:5000,&quot;infinite&quot;:&quot;yes&quot;,&quot;effect&quot;:&quot;slide&quot;,&quot;speed&quot;:500}\" data-widget_type=\"image-carousel.default\">\n\t\t\t\t<div class=\"elementor-widget-container\">\n\t\t\t\t\t\t\t<div class=\"elementor-image-carousel-wrapper swiper\" role=\"region\" aria-roledescription=\"carousel\" aria-label=\"Bild Karussell\" dir=\"ltr\">\n\t\t\t<div class=\"elementor-image-carousel swiper-wrapper\" aria-live=\"off\">\n\t\t\t\t\t\t\t\t<div class=\"swiper-slide\" role=\"group\" aria-roledescription=\"slide\" aria-label=\"1 von 3\"><a data-elementor-open-lightbox=\"yes\" data-elementor-lightbox-slideshow=\"7c14d226\" data-elementor-lightbox-title=\"termoadhesivo de silicona marcaje escudos\" data-e-action-hash=\"#elementor-action%3Aaction%3Dlightbox%26settings%3DeyJpZCI6MTQ0MywidXJsIjoiaHR0cHM6XC9cL2lkLXVubGltaXRlZC5lc1wvd3AtY29udGVudFwvdXBsb2Fkc1wvMjAyMFwvMDNcL3Rlcm1vYWRoZXNpdm8tZGUtc2lsaWNvbmEtbWFyY2FqZS1lc2N1ZG9zLmpwZyIsInNsaWRlc2hvdyI6IjdjMTRkMjI2In0%3D\" href=\"https:\/\/id-unlimited.es\/wp-content\/uploads\/2020\/03\/termoadhesivo-de-silicona-marcaje-escudos.jpg\"><figure class=\"swiper-slide-inner\"><img decoding=\"async\" class=\"swiper-slide-image\" src=\"https:\/\/id-unlimited.es\/wp-content\/uploads\/2020\/03\/termoadhesivo-de-silicona-marcaje-escudos.jpg\" alt=\"termoadhesivo de silicona marcaje escudos\" \/><\/figure><\/a><\/div><div class=\"swiper-slide\" role=\"group\" aria-roledescription=\"slide\" aria-label=\"2 von 3\"><a data-elementor-open-lightbox=\"yes\" data-elementor-lightbox-slideshow=\"7c14d226\" data-elementor-lightbox-title=\"termoadhesivo de silicona efecto 3d\" data-e-action-hash=\"#elementor-action%3Aaction%3Dlightbox%26settings%3DeyJpZCI6MTQ0NSwidXJsIjoiaHR0cHM6XC9cL2lkLXVubGltaXRlZC5lc1wvd3AtY29udGVudFwvdXBsb2Fkc1wvMjAyMFwvMDNcL3Rlcm1vYWRoZXNpdm8tZGUtc2lsaWNvbmEtZWZlY3RvLTNkLmpwZyIsInNsaWRlc2hvdyI6IjdjMTRkMjI2In0%3D\" href=\"https:\/\/id-unlimited.es\/wp-content\/uploads\/2020\/03\/termoadhesivo-de-silicona-efecto-3d.jpg\"><figure class=\"swiper-slide-inner\"><img decoding=\"async\" class=\"swiper-slide-image\" src=\"https:\/\/id-unlimited.es\/wp-content\/uploads\/2020\/03\/termoadhesivo-de-silicona-efecto-3d.jpg\" alt=\"termoadhesivo de silicona efecto 3d\" \/><\/figure><\/a><\/div><div class=\"swiper-slide\" role=\"group\" aria-roledescription=\"slide\" aria-label=\"3 von 3\"><a data-elementor-open-lightbox=\"yes\" data-elementor-lightbox-slideshow=\"7c14d226\" data-elementor-lightbox-title=\"termoadhesivo de silicona con relieve\" data-e-action-hash=\"#elementor-action%3Aaction%3Dlightbox%26settings%3DeyJpZCI6MTQ0NywidXJsIjoiaHR0cHM6XC9cL2lkLXVubGltaXRlZC5lc1wvd3AtY29udGVudFwvdXBsb2Fkc1wvMjAyMFwvMDNcL3Rlcm1vYWRoZXNpdm8tZGUtc2lsaWNvbmEtY29uLXJlbGlldmUuanBnIiwic2xpZGVzaG93IjoiN2MxNGQyMjYifQ%3D%3D\" href=\"https:\/\/id-unlimited.es\/wp-content\/uploads\/2020\/03\/termoadhesivo-de-silicona-con-relieve.jpg\"><figure class=\"swiper-slide-inner\"><img decoding=\"async\" class=\"swiper-slide-image\" src=\"https:\/\/id-unlimited.es\/wp-content\/uploads\/2020\/03\/termoadhesivo-de-silicona-con-relieve.jpg\" alt=\"termoadhesivo de silicona con relieve\" \/><\/figure><\/a><\/div>\t\t\t<\/div>\n\t\t\t\t\t\t\t\t\t\t\t\t<div class=\"elementor-swiper-button elementor-swiper-button-prev\" role=\"button\" tabindex=\"0\">\n\t\t\t\t\t\t<i aria-hidden=\"true\" class=\"eicon-chevron-left\"><\/i>\t\t\t\t\t<\/div>\n\t\t\t\t\t<div class=\"elementor-swiper-button elementor-swiper-button-next\" role=\"button\" tabindex=\"0\">\n\t\t\t\t\t\t<i aria-hidden=\"true\" class=\"eicon-chevron-right\"><\/i>\t\t\t\t\t<\/div>\n\t\t\t\t\n\t\t\t\t\t\t\t\t\t<div class=\"swiper-pagination\"><\/div>\n\t\t\t\t\t\t\t\t\t<\/div>\n\t\t\t\t\t\t<\/div>\n\t\t\t\t<\/div>\n\t\t\t\t\t<\/div>\n\t\t<\/div>\n\t\t\t\t\t<\/div>\n\t\t<\/section>\n\t\t\t\t<section class=\"elementor-section elementor-top-section elementor-element elementor-element-7d29a18 titulo elementor-section-boxed elementor-section-height-default elementor-section-height-default\" data-id=\"7d29a18\" data-element_type=\"section\">\n\t\t\t\t\t\t<div class=\"elementor-container elementor-column-gap-default\">\n\t\t\t\t\t<div class=\"elementor-column elementor-col-100 elementor-top-column elementor-element elementor-element-30a22d60\" data-id=\"30a22d60\" data-element_type=\"column\">\n\t\t\t<div class=\"elementor-widget-wrap elementor-element-populated\">\n\t\t\t\t\t\t<div class=\"elementor-element elementor-element-182d5d03 centrado elementor-widget elementor-widget-text-editor\" data-id=\"182d5d03\" data-element_type=\"widget\" data-widget_type=\"text-editor.default\">\n\t\t\t\t<div class=\"elementor-widget-container\">\n\t\t\t\t\t\t\t\t\t<h1>Silikon<\/h1>\t\t\t\t\t\t\t\t<\/div>\n\t\t\t\t<\/div>\n\t\t\t\t\t<\/div>\n\t\t<\/div>\n\t\t\t\t\t<\/div>\n\t\t<\/section>\n\t\t\t\t<section class=\"elementor-section elementor-top-section elementor-element elementor-element-1623d649 descripcion-producto elementor-section-boxed elementor-section-height-default elementor-section-height-default\" data-id=\"1623d649\" data-element_type=\"section\">\n\t\t\t\t\t\t<div class=\"elementor-container elementor-column-gap-wider\">\n\t\t\t\t\t<div class=\"elementor-column elementor-col-100 elementor-top-column elementor-element elementor-element-6b7ec57e\" data-id=\"6b7ec57e\" data-element_type=\"column\">\n\t\t\t<div class=\"elementor-widget-wrap elementor-element-populated\">\n\t\t\t\t\t\t<section class=\"elementor-section elementor-inner-section elementor-element elementor-element-6424c42e elementor-section-boxed elementor-section-height-default elementor-section-height-default\" data-id=\"6424c42e\" data-element_type=\"section\">\n\t\t\t\t\t\t<div class=\"elementor-container elementor-column-gap-default\">\n\t\t\t\t\t<div class=\"elementor-column elementor-col-50 elementor-inner-column elementor-element elementor-element-5505ae61\" data-id=\"5505ae61\" data-element_type=\"column\">\n\t\t\t<div class=\"elementor-widget-wrap elementor-element-populated\">\n\t\t\t\t\t\t<div class=\"elementor-element elementor-element-6570cdbc azul elementor-widget elementor-widget-text-editor\" data-id=\"6570cdbc\" data-element_type=\"widget\" data-widget_type=\"text-editor.default\">\n\t\t\t\t<div class=\"elementor-widget-container\">\n\t\t\t\t\t\t\t\t\t<ul><li>Gummierte und gepr\u00e4gte Oberfl\u00e4chen<\/li><li>3D-Effekt<\/li><li>Einfarbig, mehrfarbig, mit Texturen<\/li><\/ul>\t\t\t\t\t\t\t\t<\/div>\n\t\t\t\t<\/div>\n\t\t\t\t\t<\/div>\n\t\t<\/div>\n\t\t\t\t<div class=\"elementor-column elementor-col-50 elementor-inner-column elementor-element elementor-element-15f02050\" data-id=\"15f02050\" data-element_type=\"column\">\n\t\t\t<div class=\"elementor-widget-wrap elementor-element-populated\">\n\t\t\t\t\t\t<div class=\"elementor-element elementor-element-792c01d4 elementor-widget elementor-widget-text-editor\" data-id=\"792c01d4\" data-element_type=\"widget\" data-widget_type=\"text-editor.default\">\n\t\t\t\t<div class=\"elementor-widget-container\">\n\t\t\t\t\t\t\t\t\t<p><strong>APPLIKATIONSVERFAHREN<\/strong><\/p><ul><li>W\u00e4rmepresse<\/li><\/ul>\t\t\t\t\t\t\t\t<\/div>\n\t\t\t\t<\/div>\n\t\t\t\t\t<\/div>\n\t\t<\/div>\n\t\t\t\t\t<\/div>\n\t\t<\/section>\n\t\t\t\t\t<\/div>\n\t\t<\/div>\n\t\t\t\t\t<\/div>\n\t\t<\/section>\n\t\t\t\t<section class=\"elementor-section elementor-top-section elementor-element elementor-element-7661e1f4 elementor-section-content-bottom elementor-section-stretched elementor-section-boxed elementor-section-height-default elementor-section-height-default\" data-id=\"7661e1f4\" data-element_type=\"section\" data-settings=\"{&quot;stretch_section&quot;:&quot;section-stretched&quot;,&quot;background_background&quot;:&quot;classic&quot;}\">\n\t\t\t\t\t\t<div class=\"elementor-container elementor-column-gap-default\">\n\t\t\t\t\t<div class=\"elementor-column elementor-col-50 elementor-top-column elementor-element elementor-element-5250a888\" data-id=\"5250a888\" data-element_type=\"column\">\n\t\t\t<div class=\"elementor-widget-wrap elementor-element-populated\">\n\t\t\t\t\t\t<div class=\"elementor-element elementor-element-61a753fc elementor-arrows-position-inside elementor-widget elementor-widget-image-carousel\" data-id=\"61a753fc\" data-element_type=\"widget\" data-settings=\"{&quot;slides_to_show&quot;:&quot;1&quot;,&quot;navigation&quot;:&quot;arrows&quot;,&quot;autoplay&quot;:&quot;yes&quot;,&quot;pause_on_hover&quot;:&quot;yes&quot;,&quot;pause_on_interaction&quot;:&quot;yes&quot;,&quot;autoplay_speed&quot;:5000,&quot;infinite&quot;:&quot;yes&quot;,&quot;effect&quot;:&quot;slide&quot;,&quot;speed&quot;:500}\" data-widget_type=\"image-carousel.default\">\n\t\t\t\t<div class=\"elementor-widget-container\">\n\t\t\t\t\t\t\t<div class=\"elementor-image-carousel-wrapper swiper\" role=\"region\" aria-roledescription=\"carousel\" aria-label=\"Bild Karussell\" dir=\"ltr\">\n\t\t\t<div class=\"elementor-image-carousel swiper-wrapper\" aria-live=\"off\">\n\t\t\t\t\t\t\t\t<div class=\"swiper-slide\" role=\"group\" aria-roledescription=\"slide\" aria-label=\"1 von 2\"><a data-elementor-open-lightbox=\"yes\" data-elementor-lightbox-slideshow=\"61a753fc\" data-elementor-lightbox-title=\"Silicona-con-textura-01-Aneyron-aplicaciones-termoadhesivas\" data-e-action-hash=\"#elementor-action%3Aaction%3Dlightbox%26settings%3DeyJpZCI6MTk0NSwidXJsIjoiaHR0cHM6XC9cL2lkLXVubGltaXRlZC5lc1wvd3AtY29udGVudFwvdXBsb2Fkc1wvMjAyMVwvMDFcL1NpbGljb25hLWNvbi10ZXh0dXJhLTAxLUFuZXlyb24tYXBsaWNhY2lvbmVzLXRlcm1vYWRoZXNpdmFzLmpwZyIsInNsaWRlc2hvdyI6IjYxYTc1M2ZjIn0%3D\" href=\"https:\/\/id-unlimited.es\/wp-content\/uploads\/2021\/01\/Silicona-con-textura-01-Aneyron-aplicaciones-termoadhesivas.jpg\"><figure class=\"swiper-slide-inner\"><img decoding=\"async\" class=\"swiper-slide-image\" src=\"https:\/\/id-unlimited.es\/wp-content\/uploads\/2021\/01\/Silicona-con-textura-01-Aneyron-aplicaciones-termoadhesivas.jpg\" alt=\"Silicona-con-textura-01-Aneyron-aplicaciones-termoadhesivas\" \/><\/figure><\/a><\/div><div class=\"swiper-slide\" role=\"group\" aria-roledescription=\"slide\" aria-label=\"2 von 2\"><a data-elementor-open-lightbox=\"yes\" data-elementor-lightbox-slideshow=\"61a753fc\" data-elementor-lightbox-title=\"Silicona-con-textura-02-Aneyron-aplicaciones-termoadhesivas\" data-e-action-hash=\"#elementor-action%3Aaction%3Dlightbox%26settings%3DeyJpZCI6MTk0NywidXJsIjoiaHR0cHM6XC9cL2lkLXVubGltaXRlZC5lc1wvd3AtY29udGVudFwvdXBsb2Fkc1wvMjAyMVwvMDFcL1NpbGljb25hLWNvbi10ZXh0dXJhLTAyLUFuZXlyb24tYXBsaWNhY2lvbmVzLXRlcm1vYWRoZXNpdmFzLmpwZyIsInNsaWRlc2hvdyI6IjYxYTc1M2ZjIn0%3D\" href=\"https:\/\/id-unlimited.es\/wp-content\/uploads\/2021\/01\/Silicona-con-textura-02-Aneyron-aplicaciones-termoadhesivas.jpg\"><figure class=\"swiper-slide-inner\"><img decoding=\"async\" class=\"swiper-slide-image\" src=\"https:\/\/id-unlimited.es\/wp-content\/uploads\/2021\/01\/Silicona-con-textura-02-Aneyron-aplicaciones-termoadhesivas.jpg\" alt=\"Silicona-con-textura-02-Aneyron-aplicaciones-termoadhesivas\" \/><\/figure><\/a><\/div>\t\t\t<\/div>\n\t\t\t\t\t\t\t\t\t\t\t\t<div class=\"elementor-swiper-button elementor-swiper-button-prev\" role=\"button\" tabindex=\"0\">\n\t\t\t\t\t\t<i aria-hidden=\"true\" class=\"eicon-chevron-left\"><\/i>\t\t\t\t\t<\/div>\n\t\t\t\t\t<div class=\"elementor-swiper-button elementor-swiper-button-next\" role=\"button\" tabindex=\"0\">\n\t\t\t\t\t\t<i aria-hidden=\"true\" class=\"eicon-chevron-right\"><\/i>\t\t\t\t\t<\/div>\n\t\t\t\t\n\t\t\t\t\t\t\t\t\t<\/div>\n\t\t\t\t\t\t<\/div>\n\t\t\t\t<\/div>\n\t\t\t\t\t<\/div>\n\t\t<\/div>\n\t\t\t\t<div class=\"elementor-column elementor-col-50 elementor-top-column elementor-element elementor-element-525c\" data-id=\"525c\" data-element_type=\"column\">\n\t\t\t<div class=\"elementor-widget-wrap elementor-element-populated\">\n\t\t\t\t\t\t<div class=\"elementor-element elementor-element-730075e0 elementor-arrows-position-inside elementor-widget elementor-widget-image-carousel\" data-id=\"730075e0\" data-element_type=\"widget\" data-settings=\"{&quot;slides_to_show&quot;:&quot;1&quot;,&quot;navigation&quot;:&quot;arrows&quot;,&quot;autoplay&quot;:&quot;yes&quot;,&quot;pause_on_hover&quot;:&quot;yes&quot;,&quot;pause_on_interaction&quot;:&quot;yes&quot;,&quot;autoplay_speed&quot;:5000,&quot;infinite&quot;:&quot;yes&quot;,&quot;effect&quot;:&quot;slide&quot;,&quot;speed&quot;:500}\" data-widget_type=\"image-carousel.default\">\n\t\t\t\t<div class=\"elementor-widget-container\">\n\t\t\t\t\t\t\t<div class=\"elementor-image-carousel-wrapper swiper\" role=\"region\" aria-roledescription=\"carousel\" aria-label=\"Bild Karussell\" dir=\"ltr\">\n\t\t\t<div class=\"elementor-image-carousel swiper-wrapper\" aria-live=\"off\">\n\t\t\t\t\t\t\t\t<div class=\"swiper-slide\" role=\"group\" aria-roledescription=\"slide\" aria-label=\"1 von 2\"><a data-elementor-open-lightbox=\"yes\" data-elementor-lightbox-slideshow=\"730075e0\" data-e-action-hash=\"#elementor-action%3Aaction%3Dlightbox%26settings%3DeyJpZCI6MTYwNiwidXJsIjpmYWxzZSwic2xpZGVzaG93IjoiNzMwMDc1ZTAifQ%3D%3D\"><figure class=\"swiper-slide-inner\"><img decoding=\"async\" class=\"swiper-slide-image\" src=\"http:\/\/nueva.aneyron.com\/wp-content\/uploads\/2020\/12\/Bertex-ela\u0301stico-1160x760-1.jpg\" alt=\"\" \/><\/figure><\/a><\/div><div class=\"swiper-slide\" role=\"group\" aria-roledescription=\"slide\" aria-label=\"2 von 2\"><a data-elementor-open-lightbox=\"yes\" data-elementor-lightbox-slideshow=\"730075e0\" data-e-action-hash=\"#elementor-action%3Aaction%3Dlightbox%26settings%3DeyJpZCI6MTYwNCwidXJsIjpmYWxzZSwic2xpZGVzaG93IjoiNzMwMDc1ZTAifQ%3D%3D\"><figure class=\"swiper-slide-inner\"><img decoding=\"async\" class=\"swiper-slide-image\" src=\"http:\/\/nueva.aneyron.com\/wp-content\/uploads\/2020\/12\/Bertex-Ela\u0301stico-2-1160x760-1.jpg\" alt=\"\" \/><\/figure><\/a><\/div>\t\t\t<\/div>\n\t\t\t\t\t\t\t\t\t\t\t\t<div class=\"elementor-swiper-button elementor-swiper-button-prev\" role=\"button\" tabindex=\"0\">\n\t\t\t\t\t\t<i aria-hidden=\"true\" class=\"eicon-chevron-left\"><\/i>\t\t\t\t\t<\/div>\n\t\t\t\t\t<div class=\"elementor-swiper-button elementor-swiper-button-next\" role=\"button\" tabindex=\"0\">\n\t\t\t\t\t\t<i aria-hidden=\"true\" class=\"eicon-chevron-right\"><\/i>\t\t\t\t\t<\/div>\n\t\t\t\t\n\t\t\t\t\t\t\t\t\t<\/div>\n\t\t\t\t\t\t<\/div>\n\t\t\t\t<\/div>\n\t\t\t\t\t<\/div>\n\t\t<\/div>\n\t\t\t\t\t<\/div>\n\t\t<\/section>\n\t\t\t\t<\/div>\n\t\t","protected":false},"excerpt":{"rendered":"<p>Anterior Siguiente Silikon Gummierte und gepr\u00e4gte Oberfl\u00e4chen 3D-Effekt Einfarbig, mehrfarbig, mit Texturen APPLIKATIONSVERFAHREN W\u00e4rmepresse Anterior Siguiente Anterior Siguiente<\/p>\n","protected":false},"author":2,"featured_media":0,"parent":2787,"menu_order":0,"comment_status":"closed","ping_status":"closed","template":"","meta":{"footnotes":""},"class_list":["post-2896","page","type-page","status-publish"],"_links":{"self":[{"href":"https:\/\/id-unlimited.es\/de\/wp-json\/wp\/v2\/pages\/2896","targetHints":{"allow":["GET"]}}],"collection":[{"href":"https:\/\/id-unlimited.es\/de\/wp-json\/wp\/v2\/pages"}],"about":[{"href":"https:\/\/id-unlimited.es\/de\/wp-json\/wp\/v2\/types\/page"}],"author":[{"embeddable":true,"href":"https:\/\/id-unlimited.es\/de\/wp-json\/wp\/v2\/users\/2"}],"replies":[{"embeddable":true,"href":"https:\/\/id-unlimited.es\/de\/wp-json\/wp\/v2\/comments?post=2896"}],"version-history":[{"count":4,"href":"https:\/\/id-unlimited.es\/de\/wp-json\/wp\/v2\/pages\/2896\/revisions"}],"predecessor-version":[{"id":2900,"href":"https:\/\/id-unlimited.es\/de\/wp-json\/wp\/v2\/pages\/2896\/revisions\/2900"}],"up":[{"embeddable":true,"href":"https:\/\/id-unlimited.es\/de\/wp-json\/wp\/v2\/pages\/2787"}],"wp:attachment":[{"href":"https:\/\/id-unlimited.es\/de\/wp-json\/wp\/v2\/media?parent=2896"}],"curies":[{"name":"wp","href":"https:\/\/api.w.org\/{rel}","templated":true}]}}