{"id":2872,"date":"2020-02-26T13:51:56","date_gmt":"2020-02-26T12:51:56","guid":{"rendered":"https:\/\/aneyron.com\/produkte\/polyurethane\/"},"modified":"2021-05-25T15:47:06","modified_gmt":"2021-05-25T14:47:06","slug":"polyurethan","status":"publish","type":"page","link":"https:\/\/id-unlimited.es\/de\/produkte\/polyurethan\/","title":{"rendered":"Polyurethan"},"content":{"rendered":"\t\t<div data-elementor-type=\"wp-page\" data-elementor-id=\"2872\" class=\"elementor elementor-2872 elementor-873\" data-elementor-post-type=\"page\">\n\t\t\t\t\t\t<section class=\"elementor-section elementor-top-section elementor-element elementor-element-4cc394ba elementor-section-boxed elementor-section-height-default elementor-section-height-default\" data-id=\"4cc394ba\" data-element_type=\"section\">\n\t\t\t\t\t\t<div class=\"elementor-container elementor-column-gap-default\">\n\t\t\t\t\t<div class=\"elementor-column elementor-col-100 elementor-top-column elementor-element elementor-element-4fe27995\" data-id=\"4fe27995\" data-element_type=\"column\">\n\t\t\t<div class=\"elementor-widget-wrap elementor-element-populated\">\n\t\t\t\t\t\t<div class=\"elementor-element elementor-element-409653b7 elementor-pagination-position-inside elementor-arrows-position-inside elementor-widget elementor-widget-image-carousel\" data-id=\"409653b7\" data-element_type=\"widget\" data-settings=\"{&quot;slides_to_show&quot;:&quot;1&quot;,&quot;navigation&quot;:&quot;both&quot;,&quot;autoplay&quot;:&quot;yes&quot;,&quot;pause_on_hover&quot;:&quot;yes&quot;,&quot;pause_on_interaction&quot;:&quot;yes&quot;,&quot;autoplay_speed&quot;:5000,&quot;infinite&quot;:&quot;yes&quot;,&quot;effect&quot;:&quot;slide&quot;,&quot;speed&quot;:500}\" data-widget_type=\"image-carousel.default\">\n\t\t\t\t<div class=\"elementor-widget-container\">\n\t\t\t\t\t\t\t<div class=\"elementor-image-carousel-wrapper swiper\" role=\"region\" aria-roledescription=\"carousel\" aria-label=\"Bild Karussell\" dir=\"ltr\">\n\t\t\t<div class=\"elementor-image-carousel swiper-wrapper\" aria-live=\"off\">\n\t\t\t\t\t\t\t\t<div class=\"swiper-slide\" role=\"group\" aria-roledescription=\"slide\" aria-label=\"1 von 1\"><a data-elementor-open-lightbox=\"yes\" data-elementor-lightbox-slideshow=\"409653b7\" data-elementor-lightbox-title=\"poliuretano digital marcaje textil\" data-e-action-hash=\"#elementor-action%3Aaction%3Dlightbox%26settings%3DeyJpZCI6MTQwNCwidXJsIjoiaHR0cHM6XC9cL2lkLXVubGltaXRlZC5lc1wvd3AtY29udGVudFwvdXBsb2Fkc1wvMjAyMFwvMDNcL3BvbGl1cmV0YW5vLWRpZ2l0YWwtbWFyY2FqZS10ZXh0aWwuanBnIiwic2xpZGVzaG93IjoiNDA5NjUzYjcifQ%3D%3D\" href=\"https:\/\/id-unlimited.es\/wp-content\/uploads\/2020\/03\/poliuretano-digital-marcaje-textil.jpg\"><figure class=\"swiper-slide-inner\"><img decoding=\"async\" class=\"swiper-slide-image\" src=\"https:\/\/id-unlimited.es\/wp-content\/uploads\/2020\/03\/poliuretano-digital-marcaje-textil.jpg\" alt=\"poliuretano digital marcaje textil\" \/><\/figure><\/a><\/div>\t\t\t<\/div>\n\t\t\t\t\t<\/div>\n\t\t\t\t\t\t<\/div>\n\t\t\t\t<\/div>\n\t\t\t\t\t<\/div>\n\t\t<\/div>\n\t\t\t\t\t<\/div>\n\t\t<\/section>\n\t\t\t\t<section class=\"elementor-section elementor-top-section elementor-element elementor-element-67214ec titulo elementor-section-boxed elementor-section-height-default elementor-section-height-default\" data-id=\"67214ec\" data-element_type=\"section\">\n\t\t\t\t\t\t<div class=\"elementor-container elementor-column-gap-default\">\n\t\t\t\t\t<div class=\"elementor-column elementor-col-100 elementor-top-column elementor-element elementor-element-50aad895\" data-id=\"50aad895\" data-element_type=\"column\">\n\t\t\t<div class=\"elementor-widget-wrap elementor-element-populated\">\n\t\t\t\t\t\t<div class=\"elementor-element elementor-element-7dea73a2 centrado elementor-widget elementor-widget-text-editor\" data-id=\"7dea73a2\" data-element_type=\"widget\" data-widget_type=\"text-editor.default\">\n\t\t\t\t<div class=\"elementor-widget-container\">\n\t\t\t\t\t\t\t\t\t<h1>Polyurethan<\/h1>\t\t\t\t\t\t\t\t<\/div>\n\t\t\t\t<\/div>\n\t\t\t\t<div class=\"elementor-element elementor-element-293c20c4 txt-azul centrado elementor-widget elementor-widget-text-editor\" data-id=\"293c20c4\" data-element_type=\"widget\" data-widget_type=\"text-editor.default\">\n\t\t\t\t<div class=\"elementor-widget-container\">\n\t\t\t\t\t\t\t\t\t<a href=\"#antimigracion\">Anti-migration<\/a> | <a href=\"#transparente\">Transparent<\/a> | <a href=\"#heltex\">Heltex<\/a>\t\t\t\t\t\t\t\t<\/div>\n\t\t\t\t<\/div>\n\t\t\t\t\t<\/div>\n\t\t<\/div>\n\t\t\t\t\t<\/div>\n\t\t<\/section>\n\t\t\t\t<section class=\"elementor-section elementor-top-section elementor-element elementor-element-232f6746 descripcion-producto elementor-section-boxed elementor-section-height-default elementor-section-height-default\" data-id=\"232f6746\" data-element_type=\"section\">\n\t\t\t\t\t\t<div class=\"elementor-container elementor-column-gap-wider\">\n\t\t\t\t\t<div class=\"elementor-column elementor-col-100 elementor-top-column elementor-element elementor-element-25ce99fd\" data-id=\"25ce99fd\" data-element_type=\"column\">\n\t\t\t<div class=\"elementor-widget-wrap elementor-element-populated\">\n\t\t\t\t\t\t<section class=\"elementor-section elementor-inner-section elementor-element elementor-element-23cdf0b2 elementor-section-boxed elementor-section-height-default elementor-section-height-default\" data-id=\"23cdf0b2\" data-element_type=\"section\">\n\t\t\t\t\t\t<div class=\"elementor-container elementor-column-gap-default\">\n\t\t\t\t\t<div class=\"elementor-column elementor-col-50 elementor-inner-column elementor-element elementor-element-755b5271\" data-id=\"755b5271\" data-element_type=\"column\">\n\t\t\t<div class=\"elementor-widget-wrap elementor-element-populated\">\n\t\t\t\t\t\t<div class=\"elementor-element elementor-element-5a7f1852 azul elementor-widget elementor-widget-text-editor\" data-id=\"5a7f1852\" data-element_type=\"widget\" data-widget_type=\"text-editor.default\">\n\t\t\t\t<div class=\"elementor-widget-container\">\n\t\t\t\t\t\t\t\t\t<ul><li>100 % Polyurethan. PVC-frei<\/li><li>Weich und hochelastisch<\/li><li>Einfarbig, mehrfarbig und\/oder Fotoqualit\u00e4t<\/li><li>Gro\u00dfe Auswahl an Stoffen und m\u00f6glichen Positionierungen<\/li><\/ul>\t\t\t\t\t\t\t\t<\/div>\n\t\t\t\t<\/div>\n\t\t\t\t\t<\/div>\n\t\t<\/div>\n\t\t\t\t<div class=\"elementor-column elementor-col-50 elementor-inner-column elementor-element elementor-element-10155623\" data-id=\"10155623\" data-element_type=\"column\">\n\t\t\t<div class=\"elementor-widget-wrap elementor-element-populated\">\n\t\t\t\t\t\t<div class=\"elementor-element elementor-element-63d3578 elementor-widget elementor-widget-text-editor\" data-id=\"63d3578\" data-element_type=\"widget\" data-widget_type=\"text-editor.default\">\n\t\t\t\t<div class=\"elementor-widget-container\">\n\t\t\t\t\t\t\t\t\t<p><strong>APPLIKATIONSVERFAHREN<\/strong><\/p><ul><li>W\u00e4rmepresse<\/li><\/ul><p><strong>ZERTIFIKATE<\/strong><\/p><ul><li>Offizielles AITEX-Zertifikat: Best\u00e4ndigkeit &gt; 60 Waschg\u00e4nge<\/li><\/ul>\t\t\t\t\t\t\t\t<\/div>\n\t\t\t\t<\/div>\n\t\t\t\t\t<\/div>\n\t\t<\/div>\n\t\t\t\t\t<\/div>\n\t\t<\/section>\n\t\t\t\t\t<\/div>\n\t\t<\/div>\n\t\t\t\t\t<\/div>\n\t\t<\/section>\n\t\t\t\t<section class=\"elementor-section elementor-top-section elementor-element elementor-element-41432efe elementor-section-content-bottom elementor-section-stretched elementor-section-boxed elementor-section-height-default elementor-section-height-default\" data-id=\"41432efe\" data-element_type=\"section\" data-settings=\"{&quot;stretch_section&quot;:&quot;section-stretched&quot;,&quot;background_background&quot;:&quot;classic&quot;}\">\n\t\t\t\t\t\t<div class=\"elementor-container elementor-column-gap-default\">\n\t\t\t\t\t<div class=\"elementor-column elementor-col-50 elementor-top-column elementor-element elementor-element-315f230a\" data-id=\"315f230a\" data-element_type=\"column\">\n\t\t\t<div class=\"elementor-widget-wrap elementor-element-populated\">\n\t\t\t\t\t\t<div class=\"elementor-element elementor-element-2d69d834 elementor-widget elementor-widget-text-editor\" data-id=\"2d69d834\" data-element_type=\"widget\" data-widget_type=\"text-editor.default\">\n\t\t\t\t<div class=\"elementor-widget-container\">\n\t\t\t\t\t\t\t\t\t<h2 id=\"antimigracion\">Anti-Migration Digital Polyurethane<\/h2><ul><li>Hohe Deckkraft.<\/li><li>Besonders geeignet f\u00fcr Sublimationsgewebe.<\/li><\/ul>\t\t\t\t\t\t\t\t<\/div>\n\t\t\t\t<\/div>\n\t\t\t\t<div class=\"elementor-element elementor-element-3662d6d elementor-arrows-position-inside elementor-widget elementor-widget-image-carousel\" data-id=\"3662d6d\" data-element_type=\"widget\" data-settings=\"{&quot;slides_to_show&quot;:&quot;1&quot;,&quot;navigation&quot;:&quot;arrows&quot;,&quot;autoplay&quot;:&quot;yes&quot;,&quot;pause_on_hover&quot;:&quot;yes&quot;,&quot;pause_on_interaction&quot;:&quot;yes&quot;,&quot;autoplay_speed&quot;:5000,&quot;infinite&quot;:&quot;yes&quot;,&quot;effect&quot;:&quot;slide&quot;,&quot;speed&quot;:500}\" data-widget_type=\"image-carousel.default\">\n\t\t\t\t<div class=\"elementor-widget-container\">\n\t\t\t\t\t\t\t<div class=\"elementor-image-carousel-wrapper swiper\" role=\"region\" aria-roledescription=\"carousel\" aria-label=\"Bild Karussell\" dir=\"ltr\">\n\t\t\t<div class=\"elementor-image-carousel swiper-wrapper\" aria-live=\"off\">\n\t\t\t\t\t\t\t\t<div class=\"swiper-slide\" role=\"group\" aria-roledescription=\"slide\" aria-label=\"1 von 1\"><a data-elementor-open-lightbox=\"yes\" data-elementor-lightbox-slideshow=\"3662d6d\" data-elementor-lightbox-title=\"Poliuretano-Digital-Antimigracion-Aneyron-aplicaciones-termoadhesivas\" data-e-action-hash=\"#elementor-action%3Aaction%3Dlightbox%26settings%3DeyJpZCI6MjE0MCwidXJsIjoiaHR0cHM6XC9cL2lkLXVubGltaXRlZC5lc1wvd3AtY29udGVudFwvdXBsb2Fkc1wvMjAyMVwvMDFcL1BvbGl1cmV0YW5vLURpZ2l0YWwtQW50aW1pZ3JhY2lvbi1BbmV5cm9uLWFwbGljYWNpb25lcy10ZXJtb2FkaGVzaXZhcy5qcGciLCJzbGlkZXNob3ciOiIzNjYyZDZkIn0%3D\" href=\"https:\/\/id-unlimited.es\/wp-content\/uploads\/2021\/01\/Poliuretano-Digital-Antimigracion-Aneyron-aplicaciones-termoadhesivas.jpg\"><figure class=\"swiper-slide-inner\"><img decoding=\"async\" class=\"swiper-slide-image\" src=\"https:\/\/id-unlimited.es\/wp-content\/uploads\/2021\/01\/Poliuretano-Digital-Antimigracion-Aneyron-aplicaciones-termoadhesivas.jpg\" alt=\"Poliuretano-Digital-Antimigracion-Aneyron-aplicaciones-termoadhesivas\" \/><\/figure><\/a><\/div>\t\t\t<\/div>\n\t\t\t\t\t<\/div>\n\t\t\t\t\t\t<\/div>\n\t\t\t\t<\/div>\n\t\t\t\t\t<\/div>\n\t\t<\/div>\n\t\t\t\t<div class=\"elementor-column elementor-col-50 elementor-top-column elementor-element elementor-element-556ccab7\" data-id=\"556ccab7\" data-element_type=\"column\">\n\t\t\t<div class=\"elementor-widget-wrap elementor-element-populated\">\n\t\t\t\t\t\t<div class=\"elementor-element elementor-element-73f28e6d elementor-widget elementor-widget-text-editor\" data-id=\"73f28e6d\" data-element_type=\"widget\" data-widget_type=\"text-editor.default\">\n\t\t\t\t<div class=\"elementor-widget-container\">\n\t\t\t\t\t\t\t\t\t<h2 id=\"reflectante\">Transparentes Polyurethan Digital<\/h2><ul><li>Transparenter thermoadh\u00e4siver Transfer.<\/li><li>Anwendbar auf wei\u00dfen Kleidungsst\u00fccken oder sehr hellen Farben.<\/li><\/ul>\t\t\t\t\t\t\t\t<\/div>\n\t\t\t\t<\/div>\n\t\t\t\t<div class=\"elementor-element elementor-element-1dd18edb elementor-arrows-position-inside elementor-widget elementor-widget-image-carousel\" data-id=\"1dd18edb\" data-element_type=\"widget\" data-settings=\"{&quot;slides_to_show&quot;:&quot;1&quot;,&quot;navigation&quot;:&quot;arrows&quot;,&quot;autoplay&quot;:&quot;yes&quot;,&quot;pause_on_hover&quot;:&quot;yes&quot;,&quot;pause_on_interaction&quot;:&quot;yes&quot;,&quot;autoplay_speed&quot;:5000,&quot;infinite&quot;:&quot;yes&quot;,&quot;effect&quot;:&quot;slide&quot;,&quot;speed&quot;:500}\" data-widget_type=\"image-carousel.default\">\n\t\t\t\t<div class=\"elementor-widget-container\">\n\t\t\t\t\t\t\t<div class=\"elementor-image-carousel-wrapper swiper\" role=\"region\" aria-roledescription=\"carousel\" aria-label=\"Bild Karussell\" dir=\"ltr\">\n\t\t\t<div class=\"elementor-image-carousel swiper-wrapper\" aria-live=\"off\">\n\t\t\t\t\t\t\t\t<div class=\"swiper-slide\" role=\"group\" aria-roledescription=\"slide\" aria-label=\"1 von 1\"><a data-elementor-open-lightbox=\"yes\" data-elementor-lightbox-slideshow=\"1dd18edb\" data-elementor-lightbox-title=\"Poliuretano-Digital-Transparente-Aneyron-aplicaciones-termoadhesivas\" data-e-action-hash=\"#elementor-action%3Aaction%3Dlightbox%26settings%3DeyJpZCI6MTg5NCwidXJsIjoiaHR0cHM6XC9cL2lkLXVubGltaXRlZC5lc1wvd3AtY29udGVudFwvdXBsb2Fkc1wvMjAyMVwvMDFcL1BvbGl1cmV0YW5vLURpZ2l0YWwtVHJhbnNwYXJlbnRlLUFuZXlyb24tYXBsaWNhY2lvbmVzLXRlcm1vYWRoZXNpdmFzLmpwZyIsInNsaWRlc2hvdyI6IjFkZDE4ZWRiIn0%3D\" href=\"https:\/\/id-unlimited.es\/wp-content\/uploads\/2021\/01\/Poliuretano-Digital-Transparente-Aneyron-aplicaciones-termoadhesivas.jpg\"><figure class=\"swiper-slide-inner\"><img decoding=\"async\" class=\"swiper-slide-image\" src=\"https:\/\/id-unlimited.es\/wp-content\/uploads\/2021\/01\/Poliuretano-Digital-Transparente-Aneyron-aplicaciones-termoadhesivas.jpg\" alt=\"Poliuretano-Digital-Transparente-Aneyron-aplicaciones-termoadhesivas\" \/><\/figure><\/a><\/div>\t\t\t<\/div>\n\t\t\t\t\t<\/div>\n\t\t\t\t\t\t<\/div>\n\t\t\t\t<\/div>\n\t\t\t\t\t<\/div>\n\t\t<\/div>\n\t\t\t\t\t<\/div>\n\t\t<\/section>\n\t\t\t\t<section class=\"elementor-section elementor-top-section elementor-element elementor-element-2a93878b elementor-section-content-bottom elementor-section-stretched elementor-section-boxed elementor-section-height-default elementor-section-height-default\" data-id=\"2a93878b\" data-element_type=\"section\" data-settings=\"{&quot;stretch_section&quot;:&quot;section-stretched&quot;,&quot;background_background&quot;:&quot;classic&quot;}\">\n\t\t\t\t\t\t<div class=\"elementor-container elementor-column-gap-default\">\n\t\t\t\t\t<div class=\"elementor-column elementor-col-50 elementor-top-column elementor-element elementor-element-35be5399\" data-id=\"35be5399\" data-element_type=\"column\">\n\t\t\t<div class=\"elementor-widget-wrap elementor-element-populated\">\n\t\t\t\t\t\t<div class=\"elementor-element elementor-element-124c4a4e elementor-widget elementor-widget-text-editor\" data-id=\"124c4a4e\" data-element_type=\"widget\" data-widget_type=\"text-editor.default\">\n\t\t\t\t<div class=\"elementor-widget-container\">\n\t\t\t\t\t\t\t\t\t<h2 id=\"heltex\">Polyurethan Digital Heltex (Nylon)<\/h2>\n<ul>\n \t<li>F\u00fcr Nylonstoffe (Regenm\u00e4ntel, Parkas, Sporttaschen, Schuhe, etc.).<\/li>\n<\/ul>\t\t\t\t\t\t\t\t<\/div>\n\t\t\t\t<\/div>\n\t\t\t\t<div class=\"elementor-element elementor-element-146f86e0 elementor-arrows-position-inside elementor-widget elementor-widget-image-carousel\" data-id=\"146f86e0\" data-element_type=\"widget\" data-settings=\"{&quot;slides_to_show&quot;:&quot;1&quot;,&quot;navigation&quot;:&quot;arrows&quot;,&quot;autoplay&quot;:&quot;yes&quot;,&quot;pause_on_hover&quot;:&quot;yes&quot;,&quot;pause_on_interaction&quot;:&quot;yes&quot;,&quot;autoplay_speed&quot;:5000,&quot;infinite&quot;:&quot;yes&quot;,&quot;effect&quot;:&quot;slide&quot;,&quot;speed&quot;:500}\" data-widget_type=\"image-carousel.default\">\n\t\t\t\t<div class=\"elementor-widget-container\">\n\t\t\t\t\t\t\t<div class=\"elementor-image-carousel-wrapper swiper\" role=\"region\" aria-roledescription=\"carousel\" aria-label=\"Bild Karussell\" dir=\"ltr\">\n\t\t\t<div class=\"elementor-image-carousel swiper-wrapper\" aria-live=\"off\">\n\t\t\t\t\t\t\t\t<div class=\"swiper-slide\" role=\"group\" aria-roledescription=\"slide\" aria-label=\"1 von 2\"><a data-elementor-open-lightbox=\"yes\" data-elementor-lightbox-slideshow=\"146f86e0\" data-elementor-lightbox-title=\"Poliuretano-Digital-Heltex-Nylon-Aneyron-aplicaciones-termoadhesivas\" data-e-action-hash=\"#elementor-action%3Aaction%3Dlightbox%26settings%3DeyJpZCI6MTg5NiwidXJsIjoiaHR0cHM6XC9cL2lkLXVubGltaXRlZC5lc1wvd3AtY29udGVudFwvdXBsb2Fkc1wvMjAyMVwvMDFcL1BvbGl1cmV0YW5vLURpZ2l0YWwtSGVsdGV4LU55bG9uLUFuZXlyb24tYXBsaWNhY2lvbmVzLXRlcm1vYWRoZXNpdmFzLmpwZyIsInNsaWRlc2hvdyI6IjE0NmY4NmUwIn0%3D\" href=\"https:\/\/id-unlimited.es\/wp-content\/uploads\/2021\/01\/Poliuretano-Digital-Heltex-Nylon-Aneyron-aplicaciones-termoadhesivas.jpg\"><figure class=\"swiper-slide-inner\"><img decoding=\"async\" class=\"swiper-slide-image\" src=\"https:\/\/id-unlimited.es\/wp-content\/uploads\/2021\/01\/Poliuretano-Digital-Heltex-Nylon-Aneyron-aplicaciones-termoadhesivas.jpg\" alt=\"Poliuretano-Digital-Heltex-Nylon-Aneyron-aplicaciones-termoadhesivas\" \/><\/figure><\/a><\/div><div class=\"swiper-slide\" role=\"group\" aria-roledescription=\"slide\" aria-label=\"2 von 2\"><a data-elementor-open-lightbox=\"yes\" data-elementor-lightbox-slideshow=\"146f86e0\" data-elementor-lightbox-title=\"Poliuretano-Digital-Heltex-Nylon-02-Aneyron-aplicaciones-termoadhesivas\" data-e-action-hash=\"#elementor-action%3Aaction%3Dlightbox%26settings%3DeyJpZCI6MTkwNiwidXJsIjoiaHR0cHM6XC9cL2lkLXVubGltaXRlZC5lc1wvd3AtY29udGVudFwvdXBsb2Fkc1wvMjAyMVwvMDFcL1BvbGl1cmV0YW5vLURpZ2l0YWwtSGVsdGV4LU55bG9uLTAyLUFuZXlyb24tYXBsaWNhY2lvbmVzLXRlcm1vYWRoZXNpdmFzLmpwZyIsInNsaWRlc2hvdyI6IjE0NmY4NmUwIn0%3D\" href=\"https:\/\/id-unlimited.es\/wp-content\/uploads\/2021\/01\/Poliuretano-Digital-Heltex-Nylon-02-Aneyron-aplicaciones-termoadhesivas.jpg\"><figure class=\"swiper-slide-inner\"><img decoding=\"async\" class=\"swiper-slide-image\" src=\"https:\/\/id-unlimited.es\/wp-content\/uploads\/2021\/01\/Poliuretano-Digital-Heltex-Nylon-02-Aneyron-aplicaciones-termoadhesivas.jpg\" alt=\"Poliuretano-Digital-Heltex-Nylon-02-Aneyron-aplicaciones-termoadhesivas\" \/><\/figure><\/a><\/div>\t\t\t<\/div>\n\t\t\t\t\t\t\t\t\t\t\t\t<div class=\"elementor-swiper-button elementor-swiper-button-prev\" role=\"button\" tabindex=\"0\">\n\t\t\t\t\t\t<i aria-hidden=\"true\" class=\"eicon-chevron-left\"><\/i>\t\t\t\t\t<\/div>\n\t\t\t\t\t<div class=\"elementor-swiper-button elementor-swiper-button-next\" role=\"button\" tabindex=\"0\">\n\t\t\t\t\t\t<i aria-hidden=\"true\" class=\"eicon-chevron-right\"><\/i>\t\t\t\t\t<\/div>\n\t\t\t\t\n\t\t\t\t\t\t\t\t\t<\/div>\n\t\t\t\t\t\t<\/div>\n\t\t\t\t<\/div>\n\t\t\t\t\t<\/div>\n\t\t<\/div>\n\t\t\t\t<div class=\"elementor-column elementor-col-50 elementor-top-column elementor-element elementor-element-5a720b56\" data-id=\"5a720b56\" data-element_type=\"column\">\n\t\t\t<div class=\"elementor-widget-wrap elementor-element-populated\">\n\t\t\t\t\t\t<div class=\"elementor-element elementor-element-dd32396 elementor-arrows-position-inside elementor-widget elementor-widget-image-carousel\" data-id=\"dd32396\" data-element_type=\"widget\" data-settings=\"{&quot;slides_to_show&quot;:&quot;1&quot;,&quot;navigation&quot;:&quot;arrows&quot;,&quot;autoplay&quot;:&quot;yes&quot;,&quot;pause_on_hover&quot;:&quot;yes&quot;,&quot;pause_on_interaction&quot;:&quot;yes&quot;,&quot;autoplay_speed&quot;:5000,&quot;infinite&quot;:&quot;yes&quot;,&quot;effect&quot;:&quot;slide&quot;,&quot;speed&quot;:500}\" data-widget_type=\"image-carousel.default\">\n\t\t\t\t<div class=\"elementor-widget-container\">\n\t\t\t\t\t\t\t<div class=\"elementor-image-carousel-wrapper swiper\" role=\"region\" aria-roledescription=\"carousel\" aria-label=\"Bild Karussell\" dir=\"ltr\">\n\t\t\t<div class=\"elementor-image-carousel swiper-wrapper\" aria-live=\"off\">\n\t\t\t\t\t\t\t\t<div class=\"swiper-slide\" role=\"group\" aria-roledescription=\"slide\" aria-label=\"1 von 2\"><a data-elementor-open-lightbox=\"yes\" data-elementor-lightbox-slideshow=\"dd32396\" data-e-action-hash=\"#elementor-action%3Aaction%3Dlightbox%26settings%3DeyJpZCI6MTYwNiwidXJsIjpmYWxzZSwic2xpZGVzaG93IjoiZGQzMjM5NiJ9\"><figure class=\"swiper-slide-inner\"><img decoding=\"async\" class=\"swiper-slide-image\" src=\"http:\/\/nueva.aneyron.com\/wp-content\/uploads\/2020\/12\/Bertex-ela\u0301stico-1160x760-1.jpg\" alt=\"\" \/><\/figure><\/a><\/div><div class=\"swiper-slide\" role=\"group\" aria-roledescription=\"slide\" aria-label=\"2 von 2\"><a data-elementor-open-lightbox=\"yes\" data-elementor-lightbox-slideshow=\"dd32396\" data-e-action-hash=\"#elementor-action%3Aaction%3Dlightbox%26settings%3DeyJpZCI6MTYwNCwidXJsIjpmYWxzZSwic2xpZGVzaG93IjoiZGQzMjM5NiJ9\"><figure class=\"swiper-slide-inner\"><img decoding=\"async\" class=\"swiper-slide-image\" src=\"http:\/\/nueva.aneyron.com\/wp-content\/uploads\/2020\/12\/Bertex-Ela\u0301stico-2-1160x760-1.jpg\" alt=\"\" \/><\/figure><\/a><\/div>\t\t\t<\/div>\n\t\t\t\t\t\t\t\t\t\t\t\t<div class=\"elementor-swiper-button elementor-swiper-button-prev\" role=\"button\" tabindex=\"0\">\n\t\t\t\t\t\t<i aria-hidden=\"true\" class=\"eicon-chevron-left\"><\/i>\t\t\t\t\t<\/div>\n\t\t\t\t\t<div class=\"elementor-swiper-button elementor-swiper-button-next\" role=\"button\" tabindex=\"0\">\n\t\t\t\t\t\t<i aria-hidden=\"true\" class=\"eicon-chevron-right\"><\/i>\t\t\t\t\t<\/div>\n\t\t\t\t\n\t\t\t\t\t\t\t\t\t<\/div>\n\t\t\t\t\t\t<\/div>\n\t\t\t\t<\/div>\n\t\t\t\t\t<\/div>\n\t\t<\/div>\n\t\t\t\t\t<\/div>\n\t\t<\/section>\n\t\t\t\t<\/div>\n\t\t","protected":false},"excerpt":{"rendered":"<p>Polyurethan Anti-migration | Transparent | Heltex 100 % Polyurethan. PVC-frei Weich und hochelastisch Einfarbig, mehrfarbig und\/oder Fotoqualit\u00e4t Gro\u00dfe Auswahl an Stoffen und m\u00f6glichen Positionierungen APPLIKATIONSVERFAHREN W\u00e4rmepresse ZERTIFIKATE Offizielles AITEX-Zertifikat: Best\u00e4ndigkeit &gt; 60 Waschg\u00e4nge Anti-Migration Digital Polyurethane Hohe Deckkraft. Besonders geeignet f\u00fcr Sublimationsgewebe. Transparentes Polyurethan Digital Transparenter thermoadh\u00e4siver Transfer. Anwendbar auf wei\u00dfen Kleidungsst\u00fccken oder sehr hellen &#8230; <a title=\"Polyurethan\" class=\"read-more\" href=\"https:\/\/id-unlimited.es\/de\/produkte\/polyurethan\/\" aria-label=\"Mehr Informationen \u00fcber Polyurethan\">Weiterlesen<\/a><\/p>\n","protected":false},"author":2,"featured_media":0,"parent":2787,"menu_order":0,"comment_status":"closed","ping_status":"closed","template":"","meta":{"footnotes":""},"class_list":["post-2872","page","type-page","status-publish"],"_links":{"self":[{"href":"https:\/\/id-unlimited.es\/de\/wp-json\/wp\/v2\/pages\/2872","targetHints":{"allow":["GET"]}}],"collection":[{"href":"https:\/\/id-unlimited.es\/de\/wp-json\/wp\/v2\/pages"}],"about":[{"href":"https:\/\/id-unlimited.es\/de\/wp-json\/wp\/v2\/types\/page"}],"author":[{"embeddable":true,"href":"https:\/\/id-unlimited.es\/de\/wp-json\/wp\/v2\/users\/2"}],"replies":[{"embeddable":true,"href":"https:\/\/id-unlimited.es\/de\/wp-json\/wp\/v2\/comments?post=2872"}],"version-history":[{"count":4,"href":"https:\/\/id-unlimited.es\/de\/wp-json\/wp\/v2\/pages\/2872\/revisions"}],"predecessor-version":[{"id":2876,"href":"https:\/\/id-unlimited.es\/de\/wp-json\/wp\/v2\/pages\/2872\/revisions\/2876"}],"up":[{"embeddable":true,"href":"https:\/\/id-unlimited.es\/de\/wp-json\/wp\/v2\/pages\/2787"}],"wp:attachment":[{"href":"https:\/\/id-unlimited.es\/de\/wp-json\/wp\/v2\/media?parent=2872"}],"curies":[{"name":"wp","href":"https:\/\/api.w.org\/{rel}","templated":true}]}}