{"id":2865,"date":"2020-02-26T13:19:22","date_gmt":"2020-02-26T12:19:22","guid":{"rendered":"https:\/\/aneyron.com\/produkte\/bertex-satin\/"},"modified":"2021-05-25T15:43:31","modified_gmt":"2021-05-25T14:43:31","slug":"bertex-satin","status":"publish","type":"page","link":"https:\/\/id-unlimited.es\/de\/produkte\/bertex-satin\/","title":{"rendered":"Bertex Satin"},"content":{"rendered":"\t\t<div data-elementor-type=\"wp-page\" data-elementor-id=\"2865\" class=\"elementor elementor-2865 elementor-843\" data-elementor-post-type=\"page\">\n\t\t\t\t\t\t<section class=\"elementor-section elementor-top-section elementor-element elementor-element-3b12cd45 elementor-section-boxed elementor-section-height-default elementor-section-height-default\" data-id=\"3b12cd45\" data-element_type=\"section\">\n\t\t\t\t\t\t<div class=\"elementor-container elementor-column-gap-default\">\n\t\t\t\t\t<div class=\"elementor-column elementor-col-100 elementor-top-column elementor-element elementor-element-4181c3d2\" data-id=\"4181c3d2\" data-element_type=\"column\">\n\t\t\t<div class=\"elementor-widget-wrap elementor-element-populated\">\n\t\t\t\t\t\t<div class=\"elementor-element elementor-element-4e390a13 elementor-pagination-position-inside elementor-arrows-position-inside elementor-widget elementor-widget-image-carousel\" data-id=\"4e390a13\" data-element_type=\"widget\" data-settings=\"{&quot;slides_to_show&quot;:&quot;1&quot;,&quot;navigation&quot;:&quot;both&quot;,&quot;autoplay&quot;:&quot;yes&quot;,&quot;pause_on_hover&quot;:&quot;yes&quot;,&quot;pause_on_interaction&quot;:&quot;yes&quot;,&quot;autoplay_speed&quot;:5000,&quot;infinite&quot;:&quot;yes&quot;,&quot;effect&quot;:&quot;slide&quot;,&quot;speed&quot;:500}\" data-widget_type=\"image-carousel.default\">\n\t\t\t\t<div class=\"elementor-widget-container\">\n\t\t\t\t\t\t\t<div class=\"elementor-image-carousel-wrapper swiper\" role=\"region\" aria-roledescription=\"carousel\" aria-label=\"Bild Karussell\" dir=\"ltr\">\n\t\t\t<div class=\"elementor-image-carousel swiper-wrapper\" aria-live=\"off\">\n\t\t\t\t\t\t\t\t<div class=\"swiper-slide\" role=\"group\" aria-roledescription=\"slide\" aria-label=\"1 von 4\"><a data-elementor-open-lightbox=\"yes\" data-elementor-lightbox-slideshow=\"4e390a13\" data-elementor-lightbox-title=\"bertex-satin-transfer-termoadhesivo-aneyron-aplicaciones-header01\" data-e-action-hash=\"#elementor-action%3Aaction%3Dlightbox%26settings%3DeyJpZCI6MjE3NiwidXJsIjoiaHR0cHM6XC9cL2lkLXVubGltaXRlZC5lc1wvd3AtY29udGVudFwvdXBsb2Fkc1wvMjAyMVwvMDFcL2JlcnRleC1zYXRpbi10cmFuc2Zlci10ZXJtb2FkaGVzaXZvLWFuZXlyb24tYXBsaWNhY2lvbmVzLWhlYWRlcjAxLmpwZyIsInNsaWRlc2hvdyI6IjRlMzkwYTEzIn0%3D\" href=\"https:\/\/id-unlimited.es\/wp-content\/uploads\/2021\/01\/bertex-satin-transfer-termoadhesivo-aneyron-aplicaciones-header01.jpg\"><figure class=\"swiper-slide-inner\"><img decoding=\"async\" class=\"swiper-slide-image\" src=\"https:\/\/id-unlimited.es\/wp-content\/uploads\/2021\/01\/bertex-satin-transfer-termoadhesivo-aneyron-aplicaciones-header01.jpg\" alt=\"bertex-satin-transfer-termoadhesivo-aneyron-aplicaciones-header01\" \/><\/figure><\/a><\/div><div class=\"swiper-slide\" role=\"group\" aria-roledescription=\"slide\" aria-label=\"2 von 4\"><a data-elementor-open-lightbox=\"yes\" data-elementor-lightbox-slideshow=\"4e390a13\" data-elementor-lightbox-title=\"bertex-satin-transfer-termoadhesivo-aneyron-aplicaciones-header02\" data-e-action-hash=\"#elementor-action%3Aaction%3Dlightbox%26settings%3DeyJpZCI6MjE3OCwidXJsIjoiaHR0cHM6XC9cL2lkLXVubGltaXRlZC5lc1wvd3AtY29udGVudFwvdXBsb2Fkc1wvMjAyMVwvMDFcL2JlcnRleC1zYXRpbi10cmFuc2Zlci10ZXJtb2FkaGVzaXZvLWFuZXlyb24tYXBsaWNhY2lvbmVzLWhlYWRlcjAyLmpwZyIsInNsaWRlc2hvdyI6IjRlMzkwYTEzIn0%3D\" href=\"https:\/\/id-unlimited.es\/wp-content\/uploads\/2021\/01\/bertex-satin-transfer-termoadhesivo-aneyron-aplicaciones-header02.jpg\"><figure class=\"swiper-slide-inner\"><img decoding=\"async\" class=\"swiper-slide-image\" src=\"https:\/\/id-unlimited.es\/wp-content\/uploads\/2021\/01\/bertex-satin-transfer-termoadhesivo-aneyron-aplicaciones-header02.jpg\" alt=\"bertex-satin-transfer-termoadhesivo-aneyron-aplicaciones-header02\" \/><\/figure><\/a><\/div><div class=\"swiper-slide\" role=\"group\" aria-roledescription=\"slide\" aria-label=\"3 von 4\"><a data-elementor-open-lightbox=\"yes\" data-elementor-lightbox-slideshow=\"4e390a13\" data-elementor-lightbox-title=\"bertex-satin-transfer-termoadhesivo-aneyron-aplicaciones-header03\" data-e-action-hash=\"#elementor-action%3Aaction%3Dlightbox%26settings%3DeyJpZCI6MjE4MCwidXJsIjoiaHR0cHM6XC9cL2lkLXVubGltaXRlZC5lc1wvd3AtY29udGVudFwvdXBsb2Fkc1wvMjAyMVwvMDFcL2JlcnRleC1zYXRpbi10cmFuc2Zlci10ZXJtb2FkaGVzaXZvLWFuZXlyb24tYXBsaWNhY2lvbmVzLWhlYWRlcjAzLmpwZyIsInNsaWRlc2hvdyI6IjRlMzkwYTEzIn0%3D\" href=\"https:\/\/id-unlimited.es\/wp-content\/uploads\/2021\/01\/bertex-satin-transfer-termoadhesivo-aneyron-aplicaciones-header03.jpg\"><figure class=\"swiper-slide-inner\"><img decoding=\"async\" class=\"swiper-slide-image\" src=\"https:\/\/id-unlimited.es\/wp-content\/uploads\/2021\/01\/bertex-satin-transfer-termoadhesivo-aneyron-aplicaciones-header03.jpg\" alt=\"bertex-satin-transfer-termoadhesivo-aneyron-aplicaciones-header03\" \/><\/figure><\/a><\/div><div class=\"swiper-slide\" role=\"group\" aria-roledescription=\"slide\" aria-label=\"4 von 4\"><a data-elementor-open-lightbox=\"yes\" data-elementor-lightbox-slideshow=\"4e390a13\" data-elementor-lightbox-title=\"bertex-satin-transfer-termoadhesivo-aneyron-aplicaciones-header04\" data-e-action-hash=\"#elementor-action%3Aaction%3Dlightbox%26settings%3DeyJpZCI6MjE4MiwidXJsIjoiaHR0cHM6XC9cL2lkLXVubGltaXRlZC5lc1wvd3AtY29udGVudFwvdXBsb2Fkc1wvMjAyMVwvMDFcL2JlcnRleC1zYXRpbi10cmFuc2Zlci10ZXJtb2FkaGVzaXZvLWFuZXlyb24tYXBsaWNhY2lvbmVzLWhlYWRlcjA0LmpwZyIsInNsaWRlc2hvdyI6IjRlMzkwYTEzIn0%3D\" href=\"https:\/\/id-unlimited.es\/wp-content\/uploads\/2021\/01\/bertex-satin-transfer-termoadhesivo-aneyron-aplicaciones-header04.jpg\"><figure class=\"swiper-slide-inner\"><img decoding=\"async\" class=\"swiper-slide-image\" src=\"https:\/\/id-unlimited.es\/wp-content\/uploads\/2021\/01\/bertex-satin-transfer-termoadhesivo-aneyron-aplicaciones-header04.jpg\" alt=\"bertex-satin-transfer-termoadhesivo-aneyron-aplicaciones-header04\" \/><\/figure><\/a><\/div>\t\t\t<\/div>\n\t\t\t\t\t\t\t\t\t\t\t\t<div class=\"elementor-swiper-button elementor-swiper-button-prev\" role=\"button\" tabindex=\"0\">\n\t\t\t\t\t\t<i aria-hidden=\"true\" class=\"eicon-chevron-left\"><\/i>\t\t\t\t\t<\/div>\n\t\t\t\t\t<div class=\"elementor-swiper-button elementor-swiper-button-next\" role=\"button\" tabindex=\"0\">\n\t\t\t\t\t\t<i aria-hidden=\"true\" class=\"eicon-chevron-right\"><\/i>\t\t\t\t\t<\/div>\n\t\t\t\t\n\t\t\t\t\t\t\t\t\t<div class=\"swiper-pagination\"><\/div>\n\t\t\t\t\t\t\t\t\t<\/div>\n\t\t\t\t\t\t<\/div>\n\t\t\t\t<\/div>\n\t\t\t\t\t<\/div>\n\t\t<\/div>\n\t\t\t\t\t<\/div>\n\t\t<\/section>\n\t\t\t\t<section class=\"elementor-section elementor-top-section elementor-element elementor-element-1dda840 titulo elementor-section-boxed elementor-section-height-default elementor-section-height-default\" data-id=\"1dda840\" data-element_type=\"section\">\n\t\t\t\t\t\t<div class=\"elementor-container elementor-column-gap-default\">\n\t\t\t\t\t<div class=\"elementor-column elementor-col-100 elementor-top-column elementor-element elementor-element-4e07219c\" data-id=\"4e07219c\" data-element_type=\"column\">\n\t\t\t<div class=\"elementor-widget-wrap elementor-element-populated\">\n\t\t\t\t\t\t<div class=\"elementor-element elementor-element-37db4780 centrado elementor-widget elementor-widget-text-editor\" data-id=\"37db4780\" data-element_type=\"widget\" data-widget_type=\"text-editor.default\">\n\t\t\t\t<div class=\"elementor-widget-container\">\n\t\t\t\t\t\t\t\t\t<h1>Bertex Satin<\/h1>\t\t\t\t\t\t\t\t<\/div>\n\t\t\t\t<\/div>\n\t\t\t\t<div class=\"elementor-element elementor-element-4f41c3a3 txt-azul centrado elementor-widget elementor-widget-text-editor\" data-id=\"4f41c3a3\" data-element_type=\"widget\" data-widget_type=\"text-editor.default\">\n\t\t\t\t<div class=\"elementor-widget-container\">\n\t\t\t\t\t\t\t\t\t<p><a href=\"#satin-bordado\">Satin bestickt<\/a> | <a href=\"#mesh\">Satin mesh<\/a><\/p>\t\t\t\t\t\t\t\t<\/div>\n\t\t\t\t<\/div>\n\t\t\t\t\t<\/div>\n\t\t<\/div>\n\t\t\t\t\t<\/div>\n\t\t<\/section>\n\t\t\t\t<section class=\"elementor-section elementor-top-section elementor-element elementor-element-29ff7cda descripcion-producto elementor-section-boxed elementor-section-height-default elementor-section-height-default\" data-id=\"29ff7cda\" data-element_type=\"section\">\n\t\t\t\t\t\t<div class=\"elementor-container elementor-column-gap-wider\">\n\t\t\t\t\t<div class=\"elementor-column elementor-col-100 elementor-top-column elementor-element elementor-element-25267f0c\" data-id=\"25267f0c\" data-element_type=\"column\">\n\t\t\t<div class=\"elementor-widget-wrap elementor-element-populated\">\n\t\t\t\t\t\t<section class=\"elementor-section elementor-inner-section elementor-element elementor-element-42df2c59 elementor-section-boxed elementor-section-height-default elementor-section-height-default\" data-id=\"42df2c59\" data-element_type=\"section\">\n\t\t\t\t\t\t<div class=\"elementor-container elementor-column-gap-default\">\n\t\t\t\t\t<div class=\"elementor-column elementor-col-50 elementor-inner-column elementor-element elementor-element-4cc92cf3\" data-id=\"4cc92cf3\" data-element_type=\"column\">\n\t\t\t<div class=\"elementor-widget-wrap elementor-element-populated\">\n\t\t\t\t\t\t<div class=\"elementor-element elementor-element-22f8019c azul elementor-widget elementor-widget-text-editor\" data-id=\"22f8019c\" data-element_type=\"widget\" data-widget_type=\"text-editor.default\">\n\t\t\t\t<div class=\"elementor-widget-container\">\n\t\t\t\t\t\t\t\t\t<ul><li>Thermotransfer mit 3D-Effekt<\/li><li>Weiche und gummiartige Beschaffenheit<\/li><li>Dank <em>Bertex<\/em> wird eine h\u00f6here Definition und Intensit\u00e4t erreicht<\/li><li>Ausf\u00fchrungen: Stickeffekt, glatt, gl\u00e4nzend, Glitter, Mesh (mehrfach perforiert)<\/li><\/ul>\t\t\t\t\t\t\t\t<\/div>\n\t\t\t\t<\/div>\n\t\t\t\t\t<\/div>\n\t\t<\/div>\n\t\t\t\t<div class=\"elementor-column elementor-col-50 elementor-inner-column elementor-element elementor-element-2fc01e53\" data-id=\"2fc01e53\" data-element_type=\"column\">\n\t\t\t<div class=\"elementor-widget-wrap elementor-element-populated\">\n\t\t\t\t\t\t<div class=\"elementor-element elementor-element-74bea50e elementor-widget elementor-widget-text-editor\" data-id=\"74bea50e\" data-element_type=\"widget\" data-widget_type=\"text-editor.default\">\n\t\t\t\t<div class=\"elementor-widget-container\">\n\t\t\t\t\t\t\t\t\t<p><strong>AUSF\u00dcHRUNGEN<\/strong><\/p><ul><li>Stickeffekt, glatt, gl\u00e4nzend, Glitter, Mesh (mehrfach perforiert)<\/li><\/ul><p><strong>APPLIKATIONSVERFAHREN<\/strong><\/p><ul><li>W\u00e4rmepresse<\/li><\/ul><p><strong>ZERTIFIKATE<\/strong><\/p><ul><li>Zertifizierung OEKO-TEX\u00ae Standard 100<\/li><li>Offizielles AITEX-Zertifikat: Best\u00e4ndigkeit &gt; 90 Waschg\u00e4nge<\/li><li>Internationale Zertifizierung RSL-Nike<\/li><\/ul>\t\t\t\t\t\t\t\t<\/div>\n\t\t\t\t<\/div>\n\t\t\t\t\t<\/div>\n\t\t<\/div>\n\t\t\t\t\t<\/div>\n\t\t<\/section>\n\t\t\t\t\t<\/div>\n\t\t<\/div>\n\t\t\t\t\t<\/div>\n\t\t<\/section>\n\t\t\t\t<section class=\"elementor-section elementor-top-section elementor-element elementor-element-5880841a elementor-section-content-bottom elementor-section-stretched elementor-section-boxed elementor-section-height-default elementor-section-height-default\" data-id=\"5880841a\" data-element_type=\"section\" data-settings=\"{&quot;stretch_section&quot;:&quot;section-stretched&quot;,&quot;background_background&quot;:&quot;classic&quot;}\">\n\t\t\t\t\t\t<div class=\"elementor-container elementor-column-gap-default\">\n\t\t\t\t\t<div class=\"elementor-column elementor-col-50 elementor-top-column elementor-element elementor-element-2bf4eb21\" data-id=\"2bf4eb21\" data-element_type=\"column\">\n\t\t\t<div class=\"elementor-widget-wrap elementor-element-populated\">\n\t\t\t\t\t\t<div class=\"elementor-element elementor-element-55c11ec0 elementor-widget elementor-widget-text-editor\" data-id=\"55c11ec0\" data-element_type=\"widget\" data-widget_type=\"text-editor.default\">\n\t\t\t\t<div class=\"elementor-widget-container\">\n\t\t\t\t\t\t\t\t\t<h2 id=\"satin-bordado\"><strong>Satin bestickt<\/strong><\/h2>\t\t\t\t\t\t\t\t<\/div>\n\t\t\t\t<\/div>\n\t\t\t\t<div class=\"elementor-element elementor-element-52aa1941 elementor-arrows-position-inside elementor-widget elementor-widget-image-carousel\" data-id=\"52aa1941\" data-element_type=\"widget\" data-settings=\"{&quot;slides_to_show&quot;:&quot;1&quot;,&quot;navigation&quot;:&quot;arrows&quot;,&quot;autoplay&quot;:&quot;no&quot;,&quot;infinite&quot;:&quot;yes&quot;,&quot;effect&quot;:&quot;slide&quot;,&quot;speed&quot;:500}\" data-widget_type=\"image-carousel.default\">\n\t\t\t\t<div class=\"elementor-widget-container\">\n\t\t\t\t\t\t\t<div class=\"elementor-image-carousel-wrapper swiper\" role=\"region\" aria-roledescription=\"carousel\" aria-label=\"Bild Karussell\" dir=\"ltr\">\n\t\t\t<div class=\"elementor-image-carousel swiper-wrapper\" aria-live=\"polite\">\n\t\t\t\t\t\t\t\t<div class=\"swiper-slide\" role=\"group\" aria-roledescription=\"slide\" aria-label=\"1 von 2\"><a data-elementor-open-lightbox=\"yes\" data-elementor-lightbox-slideshow=\"52aa1941\" data-elementor-lightbox-title=\"Bertex-Satin-Bordado-01-Aneyron-aplicaciones-termoadhesivas\" data-e-action-hash=\"#elementor-action%3Aaction%3Dlightbox%26settings%3DeyJpZCI6MTg1MywidXJsIjoiaHR0cHM6XC9cL2lkLXVubGltaXRlZC5lc1wvd3AtY29udGVudFwvdXBsb2Fkc1wvMjAyMVwvMDFcL0JlcnRleC1TYXRpbi1Cb3JkYWRvLTAxLUFuZXlyb24tYXBsaWNhY2lvbmVzLXRlcm1vYWRoZXNpdmFzLmpwZyIsInNsaWRlc2hvdyI6IjUyYWExOTQxIn0%3D\" href=\"https:\/\/id-unlimited.es\/wp-content\/uploads\/2021\/01\/Bertex-Satin-Bordado-01-Aneyron-aplicaciones-termoadhesivas.jpg\"><figure class=\"swiper-slide-inner\"><img decoding=\"async\" class=\"swiper-slide-image\" src=\"https:\/\/id-unlimited.es\/wp-content\/uploads\/2021\/01\/Bertex-Satin-Bordado-01-Aneyron-aplicaciones-termoadhesivas.jpg\" alt=\"Bertex-Satin-Bordado-01-Aneyron-aplicaciones-termoadhesivas\" \/><\/figure><\/a><\/div><div class=\"swiper-slide\" role=\"group\" aria-roledescription=\"slide\" aria-label=\"2 von 2\"><a data-elementor-open-lightbox=\"yes\" data-elementor-lightbox-slideshow=\"52aa1941\" data-elementor-lightbox-title=\"Bertex-Satin-Bordado-02-Aneyron-aplicaciones-termoadhesivas\" data-e-action-hash=\"#elementor-action%3Aaction%3Dlightbox%26settings%3DeyJpZCI6MTg1NSwidXJsIjoiaHR0cHM6XC9cL2lkLXVubGltaXRlZC5lc1wvd3AtY29udGVudFwvdXBsb2Fkc1wvMjAyMVwvMDFcL0JlcnRleC1TYXRpbi1Cb3JkYWRvLTAyLUFuZXlyb24tYXBsaWNhY2lvbmVzLXRlcm1vYWRoZXNpdmFzLmpwZyIsInNsaWRlc2hvdyI6IjUyYWExOTQxIn0%3D\" href=\"https:\/\/id-unlimited.es\/wp-content\/uploads\/2021\/01\/Bertex-Satin-Bordado-02-Aneyron-aplicaciones-termoadhesivas.jpg\"><figure class=\"swiper-slide-inner\"><img decoding=\"async\" class=\"swiper-slide-image\" src=\"https:\/\/id-unlimited.es\/wp-content\/uploads\/2021\/01\/Bertex-Satin-Bordado-02-Aneyron-aplicaciones-termoadhesivas.jpg\" alt=\"Bertex-Satin-Bordado-02-Aneyron-aplicaciones-termoadhesivas\" \/><\/figure><\/a><\/div>\t\t\t<\/div>\n\t\t\t\t\t\t\t\t\t\t\t\t<div class=\"elementor-swiper-button elementor-swiper-button-prev\" role=\"button\" tabindex=\"0\">\n\t\t\t\t\t\t<i aria-hidden=\"true\" class=\"eicon-chevron-left\"><\/i>\t\t\t\t\t<\/div>\n\t\t\t\t\t<div class=\"elementor-swiper-button elementor-swiper-button-next\" role=\"button\" tabindex=\"0\">\n\t\t\t\t\t\t<i aria-hidden=\"true\" class=\"eicon-chevron-right\"><\/i>\t\t\t\t\t<\/div>\n\t\t\t\t\n\t\t\t\t\t\t\t\t\t<\/div>\n\t\t\t\t\t\t<\/div>\n\t\t\t\t<\/div>\n\t\t\t\t<div class=\"elementor-element elementor-element-7e46f8b7 elementor-arrows-position-inside elementor-widget elementor-widget-image-carousel\" data-id=\"7e46f8b7\" data-element_type=\"widget\" data-settings=\"{&quot;slides_to_show&quot;:&quot;1&quot;,&quot;navigation&quot;:&quot;arrows&quot;,&quot;autoplay&quot;:&quot;yes&quot;,&quot;pause_on_hover&quot;:&quot;yes&quot;,&quot;pause_on_interaction&quot;:&quot;yes&quot;,&quot;autoplay_speed&quot;:5000,&quot;infinite&quot;:&quot;yes&quot;,&quot;effect&quot;:&quot;slide&quot;,&quot;speed&quot;:500}\" data-widget_type=\"image-carousel.default\">\n\t\t\t\t<div class=\"elementor-widget-container\">\n\t\t\t\t\t\t\t<div class=\"elementor-image-carousel-wrapper swiper\" role=\"region\" aria-roledescription=\"carousel\" aria-label=\"Bild Karussell\" dir=\"ltr\">\n\t\t\t<div class=\"elementor-image-carousel swiper-wrapper\" aria-live=\"off\">\n\t\t\t\t\t\t\t\t<div class=\"swiper-slide\" role=\"group\" aria-roledescription=\"slide\" aria-label=\"1 von 2\"><a data-elementor-open-lightbox=\"yes\" data-elementor-lightbox-slideshow=\"7e46f8b7\" data-e-action-hash=\"#elementor-action%3Aaction%3Dlightbox%26settings%3DeyJpZCI6MTYwMiwidXJsIjpmYWxzZSwic2xpZGVzaG93IjoiN2U0NmY4YjcifQ%3D%3D\"><figure class=\"swiper-slide-inner\"><img decoding=\"async\" class=\"swiper-slide-image\" src=\"http:\/\/nueva.aneyron.com\/wp-content\/uploads\/2020\/12\/BERTEX-HD-2-1160x760-1.jpg\" alt=\"\" \/><\/figure><\/a><\/div><div class=\"swiper-slide\" role=\"group\" aria-roledescription=\"slide\" aria-label=\"2 von 2\"><a data-elementor-open-lightbox=\"yes\" data-elementor-lightbox-slideshow=\"7e46f8b7\" data-e-action-hash=\"#elementor-action%3Aaction%3Dlightbox%26settings%3DeyJpZCI6MTYwMCwidXJsIjpmYWxzZSwic2xpZGVzaG93IjoiN2U0NmY4YjcifQ%3D%3D\"><figure class=\"swiper-slide-inner\"><img decoding=\"async\" class=\"swiper-slide-image\" src=\"http:\/\/nueva.aneyron.com\/wp-content\/uploads\/2020\/12\/BERTEX-HD-1-1160x760-1.jpg\" alt=\"\" \/><\/figure><\/a><\/div>\t\t\t<\/div>\n\t\t\t\t\t\t\t\t\t\t\t\t<div class=\"elementor-swiper-button elementor-swiper-button-prev\" role=\"button\" tabindex=\"0\">\n\t\t\t\t\t\t<i aria-hidden=\"true\" class=\"eicon-chevron-left\"><\/i>\t\t\t\t\t<\/div>\n\t\t\t\t\t<div class=\"elementor-swiper-button elementor-swiper-button-next\" role=\"button\" tabindex=\"0\">\n\t\t\t\t\t\t<i aria-hidden=\"true\" class=\"eicon-chevron-right\"><\/i>\t\t\t\t\t<\/div>\n\t\t\t\t\n\t\t\t\t\t\t\t\t\t<\/div>\n\t\t\t\t\t\t<\/div>\n\t\t\t\t<\/div>\n\t\t\t\t\t<\/div>\n\t\t<\/div>\n\t\t\t\t<div class=\"elementor-column elementor-col-50 elementor-top-column elementor-element elementor-element-3aacc545\" data-id=\"3aacc545\" data-element_type=\"column\">\n\t\t\t<div class=\"elementor-widget-wrap elementor-element-populated\">\n\t\t\t\t\t\t<div class=\"elementor-element elementor-element-7c49377b elementor-widget elementor-widget-text-editor\" data-id=\"7c49377b\" data-element_type=\"widget\" data-widget_type=\"text-editor.default\">\n\t\t\t\t<div class=\"elementor-widget-container\">\n\t\t\t\t\t\t\t\t\t<h2>Satin mesh<\/h2>\t\t\t\t\t\t\t\t<\/div>\n\t\t\t\t<\/div>\n\t\t\t\t<div class=\"elementor-element elementor-element-3ba9d1c0 elementor-arrows-position-inside elementor-widget elementor-widget-image-carousel\" data-id=\"3ba9d1c0\" data-element_type=\"widget\" data-settings=\"{&quot;slides_to_show&quot;:&quot;1&quot;,&quot;navigation&quot;:&quot;arrows&quot;,&quot;autoplay&quot;:&quot;no&quot;,&quot;infinite&quot;:&quot;yes&quot;,&quot;effect&quot;:&quot;slide&quot;,&quot;speed&quot;:500}\" data-widget_type=\"image-carousel.default\">\n\t\t\t\t<div class=\"elementor-widget-container\">\n\t\t\t\t\t\t\t<div class=\"elementor-image-carousel-wrapper swiper\" role=\"region\" aria-roledescription=\"carousel\" aria-label=\"Bild Karussell\" dir=\"ltr\">\n\t\t\t<div class=\"elementor-image-carousel swiper-wrapper\" aria-live=\"polite\">\n\t\t\t\t\t\t\t\t<div class=\"swiper-slide\" role=\"group\" aria-roledescription=\"slide\" aria-label=\"1 von 1\"><a data-elementor-open-lightbox=\"yes\" data-elementor-lightbox-slideshow=\"3ba9d1c0\" data-elementor-lightbox-title=\"Bertex-Satin-Mesh-Aneyron-aplicaciones-termoadhesivas\" data-e-action-hash=\"#elementor-action%3Aaction%3Dlightbox%26settings%3DeyJpZCI6MTg2NCwidXJsIjoiaHR0cHM6XC9cL2lkLXVubGltaXRlZC5lc1wvd3AtY29udGVudFwvdXBsb2Fkc1wvMjAyMVwvMDFcL0JlcnRleC1TYXRpbi1NZXNoLUFuZXlyb24tYXBsaWNhY2lvbmVzLXRlcm1vYWRoZXNpdmFzLmpwZyIsInNsaWRlc2hvdyI6IjNiYTlkMWMwIn0%3D\" href=\"https:\/\/id-unlimited.es\/wp-content\/uploads\/2021\/01\/Bertex-Satin-Mesh-Aneyron-aplicaciones-termoadhesivas.jpg\"><figure class=\"swiper-slide-inner\"><img decoding=\"async\" class=\"swiper-slide-image\" src=\"https:\/\/id-unlimited.es\/wp-content\/uploads\/2021\/01\/Bertex-Satin-Mesh-Aneyron-aplicaciones-termoadhesivas.jpg\" alt=\"Bertex-Satin-Mesh-Aneyron-aplicaciones-termoadhesivas\" \/><\/figure><\/a><\/div>\t\t\t<\/div>\n\t\t\t\t\t<\/div>\n\t\t\t\t\t\t<\/div>\n\t\t\t\t<\/div>\n\t\t\t\t<div class=\"elementor-element elementor-element-79140da7 elementor-arrows-position-inside elementor-widget elementor-widget-image-carousel\" data-id=\"79140da7\" data-element_type=\"widget\" data-settings=\"{&quot;slides_to_show&quot;:&quot;1&quot;,&quot;navigation&quot;:&quot;arrows&quot;,&quot;autoplay&quot;:&quot;yes&quot;,&quot;pause_on_hover&quot;:&quot;yes&quot;,&quot;pause_on_interaction&quot;:&quot;yes&quot;,&quot;autoplay_speed&quot;:5000,&quot;infinite&quot;:&quot;yes&quot;,&quot;effect&quot;:&quot;slide&quot;,&quot;speed&quot;:500}\" data-widget_type=\"image-carousel.default\">\n\t\t\t\t<div class=\"elementor-widget-container\">\n\t\t\t\t\t\t\t<div class=\"elementor-image-carousel-wrapper swiper\" role=\"region\" aria-roledescription=\"carousel\" aria-label=\"Bild Karussell\" dir=\"ltr\">\n\t\t\t<div class=\"elementor-image-carousel swiper-wrapper\" aria-live=\"off\">\n\t\t\t\t\t\t\t\t<div class=\"swiper-slide\" role=\"group\" aria-roledescription=\"slide\" aria-label=\"1 von 2\"><a data-elementor-open-lightbox=\"yes\" data-elementor-lightbox-slideshow=\"79140da7\" data-e-action-hash=\"#elementor-action%3Aaction%3Dlightbox%26settings%3DeyJpZCI6MTYwNiwidXJsIjpmYWxzZSwic2xpZGVzaG93IjoiNzkxNDBkYTcifQ%3D%3D\"><figure class=\"swiper-slide-inner\"><img decoding=\"async\" class=\"swiper-slide-image\" src=\"http:\/\/nueva.aneyron.com\/wp-content\/uploads\/2020\/12\/Bertex-ela\u0301stico-1160x760-1.jpg\" alt=\"\" \/><\/figure><\/a><\/div><div class=\"swiper-slide\" role=\"group\" aria-roledescription=\"slide\" aria-label=\"2 von 2\"><a data-elementor-open-lightbox=\"yes\" data-elementor-lightbox-slideshow=\"79140da7\" data-e-action-hash=\"#elementor-action%3Aaction%3Dlightbox%26settings%3DeyJpZCI6MTYwNCwidXJsIjpmYWxzZSwic2xpZGVzaG93IjoiNzkxNDBkYTcifQ%3D%3D\"><figure class=\"swiper-slide-inner\"><img decoding=\"async\" class=\"swiper-slide-image\" src=\"http:\/\/nueva.aneyron.com\/wp-content\/uploads\/2020\/12\/Bertex-Ela\u0301stico-2-1160x760-1.jpg\" alt=\"\" \/><\/figure><\/a><\/div>\t\t\t<\/div>\n\t\t\t\t\t\t\t\t\t\t\t\t<div class=\"elementor-swiper-button elementor-swiper-button-prev\" role=\"button\" tabindex=\"0\">\n\t\t\t\t\t\t<i aria-hidden=\"true\" class=\"eicon-chevron-left\"><\/i>\t\t\t\t\t<\/div>\n\t\t\t\t\t<div class=\"elementor-swiper-button elementor-swiper-button-next\" role=\"button\" tabindex=\"0\">\n\t\t\t\t\t\t<i aria-hidden=\"true\" class=\"eicon-chevron-right\"><\/i>\t\t\t\t\t<\/div>\n\t\t\t\t\n\t\t\t\t\t\t\t\t\t<\/div>\n\t\t\t\t\t\t<\/div>\n\t\t\t\t<\/div>\n\t\t\t\t\t<\/div>\n\t\t<\/div>\n\t\t\t\t\t<\/div>\n\t\t<\/section>\n\t\t\t\t<\/div>\n\t\t","protected":false},"excerpt":{"rendered":"<p>Anterior Siguiente Bertex Satin Satin bestickt | Satin mesh Thermotransfer mit 3D-Effekt Weiche und gummiartige Beschaffenheit Dank Bertex wird eine h\u00f6here Definition und Intensit\u00e4t erreicht Ausf\u00fchrungen: Stickeffekt, glatt, gl\u00e4nzend, Glitter, Mesh (mehrfach perforiert) AUSF\u00dcHRUNGEN Stickeffekt, glatt, gl\u00e4nzend, Glitter, Mesh (mehrfach perforiert) APPLIKATIONSVERFAHREN W\u00e4rmepresse ZERTIFIKATE Zertifizierung OEKO-TEX\u00ae Standard 100 Offizielles AITEX-Zertifikat: Best\u00e4ndigkeit &gt; 90 Waschg\u00e4nge Internationale &#8230; <a title=\"Bertex Satin\" class=\"read-more\" href=\"https:\/\/id-unlimited.es\/de\/produkte\/bertex-satin\/\" aria-label=\"Mehr Informationen \u00fcber Bertex Satin\">Weiterlesen<\/a><\/p>\n","protected":false},"author":2,"featured_media":0,"parent":2787,"menu_order":0,"comment_status":"closed","ping_status":"closed","template":"","meta":{"footnotes":""},"class_list":["post-2865","page","type-page","status-publish"],"_links":{"self":[{"href":"https:\/\/id-unlimited.es\/de\/wp-json\/wp\/v2\/pages\/2865","targetHints":{"allow":["GET"]}}],"collection":[{"href":"https:\/\/id-unlimited.es\/de\/wp-json\/wp\/v2\/pages"}],"about":[{"href":"https:\/\/id-unlimited.es\/de\/wp-json\/wp\/v2\/types\/page"}],"author":[{"embeddable":true,"href":"https:\/\/id-unlimited.es\/de\/wp-json\/wp\/v2\/users\/2"}],"replies":[{"embeddable":true,"href":"https:\/\/id-unlimited.es\/de\/wp-json\/wp\/v2\/comments?post=2865"}],"version-history":[{"count":5,"href":"https:\/\/id-unlimited.es\/de\/wp-json\/wp\/v2\/pages\/2865\/revisions"}],"predecessor-version":[{"id":2870,"href":"https:\/\/id-unlimited.es\/de\/wp-json\/wp\/v2\/pages\/2865\/revisions\/2870"}],"up":[{"embeddable":true,"href":"https:\/\/id-unlimited.es\/de\/wp-json\/wp\/v2\/pages\/2787"}],"wp:attachment":[{"href":"https:\/\/id-unlimited.es\/de\/wp-json\/wp\/v2\/media?parent=2865"}],"curies":[{"name":"wp","href":"https:\/\/api.w.org\/{rel}","templated":true}]}}