{"id":2851,"date":"2020-02-26T13:18:43","date_gmt":"2020-02-26T12:18:43","guid":{"rendered":"https:\/\/aneyron.com\/produkte\/satin-3d\/"},"modified":"2022-09-07T08:40:48","modified_gmt":"2022-09-07T07:40:48","slug":"satin-3d","status":"publish","type":"page","link":"https:\/\/id-unlimited.es\/de\/produkte\/satin-3d\/","title":{"rendered":"Satin 3D"},"content":{"rendered":"\t\t<div data-elementor-type=\"wp-page\" data-elementor-id=\"2851\" class=\"elementor elementor-2851 elementor-839\" data-elementor-post-type=\"page\">\n\t\t\t\t\t\t<section class=\"elementor-section elementor-top-section elementor-element elementor-element-645b83c2 elementor-section-boxed elementor-section-height-default elementor-section-height-default\" data-id=\"645b83c2\" data-element_type=\"section\">\n\t\t\t\t\t\t<div class=\"elementor-container elementor-column-gap-default\">\n\t\t\t\t\t<div class=\"elementor-column elementor-col-100 elementor-top-column elementor-element elementor-element-5e98e49d\" data-id=\"5e98e49d\" data-element_type=\"column\">\n\t\t\t<div class=\"elementor-widget-wrap elementor-element-populated\">\n\t\t\t\t\t\t<div class=\"elementor-element elementor-element-2ff2c69b elementor-pagination-position-inside elementor-arrows-position-inside elementor-widget elementor-widget-image-carousel\" data-id=\"2ff2c69b\" data-element_type=\"widget\" data-settings=\"{&quot;slides_to_show&quot;:&quot;1&quot;,&quot;navigation&quot;:&quot;both&quot;,&quot;autoplay&quot;:&quot;yes&quot;,&quot;pause_on_hover&quot;:&quot;yes&quot;,&quot;pause_on_interaction&quot;:&quot;yes&quot;,&quot;autoplay_speed&quot;:5000,&quot;infinite&quot;:&quot;yes&quot;,&quot;effect&quot;:&quot;slide&quot;,&quot;speed&quot;:500}\" data-widget_type=\"image-carousel.default\">\n\t\t\t\t<div class=\"elementor-widget-container\">\n\t\t\t\t\t\t\t<div class=\"elementor-image-carousel-wrapper swiper\" role=\"region\" aria-roledescription=\"carousel\" aria-label=\"Bild Karussell\" dir=\"ltr\">\n\t\t\t<div class=\"elementor-image-carousel swiper-wrapper\" aria-live=\"off\">\n\t\t\t\t\t\t\t\t<div class=\"swiper-slide\" role=\"group\" aria-roledescription=\"slide\" aria-label=\"1 von 2\"><a data-elementor-open-lightbox=\"yes\" data-elementor-lightbox-slideshow=\"2ff2c69b\" data-elementor-lightbox-title=\"transfer textil termoadhesivo satin 3D\" data-e-action-hash=\"#elementor-action%3Aaction%3Dlightbox%26settings%3DeyJpZCI6MTM3OSwidXJsIjoiaHR0cHM6XC9cL2lkLXVubGltaXRlZC5lc1wvd3AtY29udGVudFwvdXBsb2Fkc1wvMjAyMFwvMDNcL3RyYW5zZmVyLXRleHRpbC10ZXJtb2FkaGVzaXZvLXNhdGluLTNELmpwZyIsInNsaWRlc2hvdyI6IjJmZjJjNjliIn0%3D\" href=\"https:\/\/id-unlimited.es\/wp-content\/uploads\/2020\/03\/transfer-textil-termoadhesivo-satin-3D.jpg\"><figure class=\"swiper-slide-inner\"><img decoding=\"async\" class=\"swiper-slide-image\" src=\"https:\/\/id-unlimited.es\/wp-content\/uploads\/2020\/03\/transfer-textil-termoadhesivo-satin-3D.jpg\" alt=\"transfer textil termoadhesivo satin 3D\" \/><\/figure><\/a><\/div><div class=\"swiper-slide\" role=\"group\" aria-roledescription=\"slide\" aria-label=\"2 von 2\"><a data-elementor-open-lightbox=\"yes\" data-elementor-lightbox-slideshow=\"2ff2c69b\" data-elementor-lightbox-title=\"satin-3D-con-feston-Aneyron-aplicaciones-termoadhesivas\" data-e-action-hash=\"#elementor-action%3Aaction%3Dlightbox%26settings%3DeyJpZCI6MjA5NywidXJsIjoiaHR0cHM6XC9cL2lkLXVubGltaXRlZC5lc1wvd3AtY29udGVudFwvdXBsb2Fkc1wvMjAyMVwvMDFcL3NhdGluLTNELWNvbi1mZXN0b24tQW5leXJvbi1hcGxpY2FjaW9uZXMtdGVybW9hZGhlc2l2YXMuanBnIiwic2xpZGVzaG93IjoiMmZmMmM2OWIifQ%3D%3D\" href=\"https:\/\/id-unlimited.es\/wp-content\/uploads\/2021\/01\/satin-3D-con-feston-Aneyron-aplicaciones-termoadhesivas.jpg\"><figure class=\"swiper-slide-inner\"><img decoding=\"async\" class=\"swiper-slide-image\" src=\"https:\/\/id-unlimited.es\/wp-content\/uploads\/2021\/01\/satin-3D-con-feston-Aneyron-aplicaciones-termoadhesivas.jpg\" alt=\"satin-3D-con-feston-Aneyron-aplicaciones-termoadhesivas\" \/><\/figure><\/a><\/div>\t\t\t<\/div>\n\t\t\t\t\t\t\t\t\t\t\t\t<div class=\"elementor-swiper-button elementor-swiper-button-prev\" role=\"button\" tabindex=\"0\">\n\t\t\t\t\t\t<i aria-hidden=\"true\" class=\"eicon-chevron-left\"><\/i>\t\t\t\t\t<\/div>\n\t\t\t\t\t<div class=\"elementor-swiper-button elementor-swiper-button-next\" role=\"button\" tabindex=\"0\">\n\t\t\t\t\t\t<i aria-hidden=\"true\" class=\"eicon-chevron-right\"><\/i>\t\t\t\t\t<\/div>\n\t\t\t\t\n\t\t\t\t\t\t\t\t\t<div class=\"swiper-pagination\"><\/div>\n\t\t\t\t\t\t\t\t\t<\/div>\n\t\t\t\t\t\t<\/div>\n\t\t\t\t<\/div>\n\t\t\t\t\t<\/div>\n\t\t<\/div>\n\t\t\t\t\t<\/div>\n\t\t<\/section>\n\t\t\t\t<section class=\"elementor-section elementor-top-section elementor-element elementor-element-7dc8801e titulo elementor-section-boxed elementor-section-height-default elementor-section-height-default\" data-id=\"7dc8801e\" data-element_type=\"section\">\n\t\t\t\t\t\t<div class=\"elementor-container elementor-column-gap-default\">\n\t\t\t\t\t<div class=\"elementor-column elementor-col-100 elementor-top-column elementor-element elementor-element-1788dcaf\" data-id=\"1788dcaf\" data-element_type=\"column\">\n\t\t\t<div class=\"elementor-widget-wrap elementor-element-populated\">\n\t\t\t\t\t\t<div class=\"elementor-element elementor-element-8004b4c centrado elementor-widget elementor-widget-text-editor\" data-id=\"8004b4c\" data-element_type=\"widget\" data-widget_type=\"text-editor.default\">\n\t\t\t\t<div class=\"elementor-widget-container\">\n\t\t\t\t\t\t\t\t\t<h1>Satin 3D<\/h1>\t\t\t\t\t\t\t\t<\/div>\n\t\t\t\t<\/div>\n\t\t\t\t\t<\/div>\n\t\t<\/div>\n\t\t\t\t\t<\/div>\n\t\t<\/section>\n\t\t\t\t<section class=\"elementor-section elementor-top-section elementor-element elementor-element-4fef1653 descripcion-producto elementor-section-boxed elementor-section-height-default elementor-section-height-default\" data-id=\"4fef1653\" data-element_type=\"section\">\n\t\t\t\t\t\t<div class=\"elementor-container elementor-column-gap-wider\">\n\t\t\t\t\t<div class=\"elementor-column elementor-col-100 elementor-top-column elementor-element elementor-element-cc2af0b\" data-id=\"cc2af0b\" data-element_type=\"column\">\n\t\t\t<div class=\"elementor-widget-wrap elementor-element-populated\">\n\t\t\t\t\t\t<section class=\"elementor-section elementor-inner-section elementor-element elementor-element-73bd8321 elementor-section-boxed elementor-section-height-default elementor-section-height-default\" data-id=\"73bd8321\" data-element_type=\"section\">\n\t\t\t\t\t\t<div class=\"elementor-container elementor-column-gap-default\">\n\t\t\t\t\t<div class=\"elementor-column elementor-col-50 elementor-inner-column elementor-element elementor-element-6e2aa6cf\" data-id=\"6e2aa6cf\" data-element_type=\"column\">\n\t\t\t<div class=\"elementor-widget-wrap elementor-element-populated\">\n\t\t\t\t\t\t<div class=\"elementor-element elementor-element-b5fedfc azul elementor-widget elementor-widget-text-editor\" data-id=\"b5fedfc\" data-element_type=\"widget\" data-widget_type=\"text-editor.default\">\n\t\t\t\t<div class=\"elementor-widget-container\">\n\t\t\t\t\t\t\t\t\t<ul><li>Thermoadh\u00e4siver Textiltransfer (auf glattem oder mattem Satin )<\/li><li>Stickeffekt und 3D<\/li><li>Hochaufl\u00f6sende, hochwertige Designs, die wie aufgen\u00e4ht aussehen<\/li><\/ul>\t\t\t\t\t\t\t\t<\/div>\n\t\t\t\t<\/div>\n\t\t\t\t\t<\/div>\n\t\t<\/div>\n\t\t\t\t<div class=\"elementor-column elementor-col-50 elementor-inner-column elementor-element elementor-element-20a1e797\" data-id=\"20a1e797\" data-element_type=\"column\">\n\t\t\t<div class=\"elementor-widget-wrap elementor-element-populated\">\n\t\t\t\t\t\t<div class=\"elementor-element elementor-element-5c0c5b5f elementor-widget elementor-widget-text-editor\" data-id=\"5c0c5b5f\" data-element_type=\"widget\" data-widget_type=\"text-editor.default\">\n\t\t\t\t<div class=\"elementor-widget-container\">\n\t\t\t\t\t\t\t\t\t<p><strong>APPLIKATIONSVERFAHREN<\/strong><\/p><ul><li>W\u00e4rmepresse, aufgen\u00e4ht oder Velcro<\/li><\/ul><p><strong>ZERTIFIKATE<\/strong><\/p><ul><li>Zertifizierung OEKO-TEX Standard 100<\/li><li>Offizielles AITEX-Zertifikat (Best\u00e4ndigkeit &gt; 120 Waschzyklen)<\/li><li>Internationale Zertifizierung RSL-Nike<\/li><\/ul>\t\t\t\t\t\t\t\t<\/div>\n\t\t\t\t<\/div>\n\t\t\t\t\t<\/div>\n\t\t<\/div>\n\t\t\t\t\t<\/div>\n\t\t<\/section>\n\t\t\t\t\t<\/div>\n\t\t<\/div>\n\t\t\t\t\t<\/div>\n\t\t<\/section>\n\t\t\t\t<section class=\"elementor-section elementor-top-section elementor-element elementor-element-986eff6 elementor-section-boxed elementor-section-height-default elementor-section-height-default\" data-id=\"986eff6\" data-element_type=\"section\">\n\t\t\t\t\t\t<div class=\"elementor-container elementor-column-gap-default\">\n\t\t\t\t\t<div class=\"elementor-column elementor-col-50 elementor-top-column elementor-element elementor-element-c468823\" data-id=\"c468823\" data-element_type=\"column\">\n\t\t\t<div class=\"elementor-widget-wrap elementor-element-populated\">\n\t\t\t\t\t\t<div class=\"elementor-element elementor-element-5196d7a elementor-arrows-position-inside elementor-widget elementor-widget-image-carousel\" data-id=\"5196d7a\" data-element_type=\"widget\" data-settings=\"{&quot;slides_to_show&quot;:&quot;1&quot;,&quot;navigation&quot;:&quot;arrows&quot;,&quot;autoplay&quot;:&quot;yes&quot;,&quot;pause_on_hover&quot;:&quot;yes&quot;,&quot;pause_on_interaction&quot;:&quot;yes&quot;,&quot;autoplay_speed&quot;:5000,&quot;infinite&quot;:&quot;yes&quot;,&quot;effect&quot;:&quot;slide&quot;,&quot;speed&quot;:500}\" data-widget_type=\"image-carousel.default\">\n\t\t\t\t<div class=\"elementor-widget-container\">\n\t\t\t\t\t\t\t<div class=\"elementor-image-carousel-wrapper swiper\" role=\"region\" aria-roledescription=\"carousel\" aria-label=\"Bild Karussell\" dir=\"ltr\">\n\t\t\t<div class=\"elementor-image-carousel swiper-wrapper\" aria-live=\"off\">\n\t\t\t\t\t\t\t\t<div class=\"swiper-slide\" role=\"group\" aria-roledescription=\"slide\" aria-label=\"1 von 2\"><a data-elementor-open-lightbox=\"yes\" data-elementor-lightbox-slideshow=\"5196d7a\" data-elementor-lightbox-title=\"Satin-3D-01-Aneyron-aplicaciones-termoadhesivas\" data-e-action-hash=\"#elementor-action%3Aaction%3Dlightbox%26settings%3DeyJpZCI6MTgxOCwidXJsIjoiaHR0cHM6XC9cL2lkLXVubGltaXRlZC5lc1wvd3AtY29udGVudFwvdXBsb2Fkc1wvMjAyMFwvMTJcL1NhdGluLTNELTAxLUFuZXlyb24tYXBsaWNhY2lvbmVzLXRlcm1vYWRoZXNpdmFzLmpwZyIsInNsaWRlc2hvdyI6IjUxOTZkN2EifQ%3D%3D\" href=\"https:\/\/id-unlimited.es\/wp-content\/uploads\/2020\/12\/Satin-3D-01-Aneyron-aplicaciones-termoadhesivas.jpg\"><figure class=\"swiper-slide-inner\"><img decoding=\"async\" class=\"swiper-slide-image\" src=\"https:\/\/id-unlimited.es\/wp-content\/uploads\/2020\/12\/Satin-3D-01-Aneyron-aplicaciones-termoadhesivas.jpg\" alt=\"Satin-3D-01-Aneyron-aplicaciones-termoadhesivas\" \/><\/figure><\/a><\/div><div class=\"swiper-slide\" role=\"group\" aria-roledescription=\"slide\" aria-label=\"2 von 2\"><a data-elementor-open-lightbox=\"yes\" data-elementor-lightbox-slideshow=\"5196d7a\" data-elementor-lightbox-title=\"Satin-3D-02-Aneyron-aplicaciones-termoadhesivas\" data-e-action-hash=\"#elementor-action%3Aaction%3Dlightbox%26settings%3DeyJpZCI6MTgyMCwidXJsIjoiaHR0cHM6XC9cL2lkLXVubGltaXRlZC5lc1wvd3AtY29udGVudFwvdXBsb2Fkc1wvMjAyMFwvMTJcL1NhdGluLTNELTAyLUFuZXlyb24tYXBsaWNhY2lvbmVzLXRlcm1vYWRoZXNpdmFzLmpwZyIsInNsaWRlc2hvdyI6IjUxOTZkN2EifQ%3D%3D\" href=\"https:\/\/id-unlimited.es\/wp-content\/uploads\/2020\/12\/Satin-3D-02-Aneyron-aplicaciones-termoadhesivas.jpg\"><figure class=\"swiper-slide-inner\"><img decoding=\"async\" class=\"swiper-slide-image\" src=\"https:\/\/id-unlimited.es\/wp-content\/uploads\/2020\/12\/Satin-3D-02-Aneyron-aplicaciones-termoadhesivas.jpg\" alt=\"Satin-3D-02-Aneyron-aplicaciones-termoadhesivas\" \/><\/figure><\/a><\/div>\t\t\t<\/div>\n\t\t\t\t\t\t\t\t\t\t\t\t<div class=\"elementor-swiper-button elementor-swiper-button-prev\" role=\"button\" tabindex=\"0\">\n\t\t\t\t\t\t<i aria-hidden=\"true\" class=\"eicon-chevron-left\"><\/i>\t\t\t\t\t<\/div>\n\t\t\t\t\t<div class=\"elementor-swiper-button elementor-swiper-button-next\" role=\"button\" tabindex=\"0\">\n\t\t\t\t\t\t<i aria-hidden=\"true\" class=\"eicon-chevron-right\"><\/i>\t\t\t\t\t<\/div>\n\t\t\t\t\n\t\t\t\t\t\t\t\t\t<\/div>\n\t\t\t\t\t\t<\/div>\n\t\t\t\t<\/div>\n\t\t\t\t\t<\/div>\n\t\t<\/div>\n\t\t\t\t<div class=\"elementor-column elementor-col-50 elementor-top-column elementor-element elementor-element-0f0c72a\" data-id=\"0f0c72a\" data-element_type=\"column\">\n\t\t\t<div class=\"elementor-widget-wrap\">\n\t\t\t\t\t\t\t<\/div>\n\t\t<\/div>\n\t\t\t\t\t<\/div>\n\t\t<\/section>\n\t\t\t\t<\/div>\n\t\t","protected":false},"excerpt":{"rendered":"<p>Anterior Siguiente Satin 3D Thermoadh\u00e4siver Textiltransfer (auf glattem oder mattem Satin ) Stickeffekt und 3D Hochaufl\u00f6sende, hochwertige Designs, die wie aufgen\u00e4ht aussehen APPLIKATIONSVERFAHREN W\u00e4rmepresse, aufgen\u00e4ht oder Velcro ZERTIFIKATE Zertifizierung OEKO-TEX Standard 100 Offizielles AITEX-Zertifikat (Best\u00e4ndigkeit &gt; 120 Waschzyklen) Internationale Zertifizierung RSL-Nike Anterior Siguiente<\/p>\n","protected":false},"author":2,"featured_media":0,"parent":2787,"menu_order":0,"comment_status":"closed","ping_status":"closed","template":"","meta":{"footnotes":""},"class_list":["post-2851","page","type-page","status-publish"],"_links":{"self":[{"href":"https:\/\/id-unlimited.es\/de\/wp-json\/wp\/v2\/pages\/2851","targetHints":{"allow":["GET"]}}],"collection":[{"href":"https:\/\/id-unlimited.es\/de\/wp-json\/wp\/v2\/pages"}],"about":[{"href":"https:\/\/id-unlimited.es\/de\/wp-json\/wp\/v2\/types\/page"}],"author":[{"embeddable":true,"href":"https:\/\/id-unlimited.es\/de\/wp-json\/wp\/v2\/users\/2"}],"replies":[{"embeddable":true,"href":"https:\/\/id-unlimited.es\/de\/wp-json\/wp\/v2\/comments?post=2851"}],"version-history":[{"count":7,"href":"https:\/\/id-unlimited.es\/de\/wp-json\/wp\/v2\/pages\/2851\/revisions"}],"predecessor-version":[{"id":3058,"href":"https:\/\/id-unlimited.es\/de\/wp-json\/wp\/v2\/pages\/2851\/revisions\/3058"}],"up":[{"embeddable":true,"href":"https:\/\/id-unlimited.es\/de\/wp-json\/wp\/v2\/pages\/2787"}],"wp:attachment":[{"href":"https:\/\/id-unlimited.es\/de\/wp-json\/wp\/v2\/media?parent=2851"}],"curies":[{"name":"wp","href":"https:\/\/api.w.org\/{rel}","templated":true}]}}