{"id":2841,"date":"2020-02-26T13:18:00","date_gmt":"2020-02-26T12:18:00","guid":{"rendered":"https:\/\/aneyron.com\/produkte\/flock\/"},"modified":"2021-05-25T15:29:35","modified_gmt":"2021-05-25T14:29:35","slug":"flock","status":"publish","type":"page","link":"https:\/\/id-unlimited.es\/de\/produkte\/flock\/","title":{"rendered":"Flock"},"content":{"rendered":"\t\t<div data-elementor-type=\"wp-page\" data-elementor-id=\"2841\" class=\"elementor elementor-2841 elementor-835\" data-elementor-post-type=\"page\">\n\t\t\t\t\t\t<section class=\"elementor-section elementor-top-section elementor-element elementor-element-23647f8a elementor-section-boxed elementor-section-height-default elementor-section-height-default\" data-id=\"23647f8a\" data-element_type=\"section\">\n\t\t\t\t\t\t<div class=\"elementor-container elementor-column-gap-default\">\n\t\t\t\t\t<div class=\"elementor-column elementor-col-100 elementor-top-column elementor-element elementor-element-18ef1b13\" data-id=\"18ef1b13\" data-element_type=\"column\">\n\t\t\t<div class=\"elementor-widget-wrap elementor-element-populated\">\n\t\t\t\t\t\t<div class=\"elementor-element elementor-element-c18ad24 elementor-pagination-position-inside elementor-arrows-position-inside elementor-widget elementor-widget-image-carousel\" data-id=\"c18ad24\" data-element_type=\"widget\" data-settings=\"{&quot;slides_to_show&quot;:&quot;1&quot;,&quot;navigation&quot;:&quot;both&quot;,&quot;autoplay&quot;:&quot;yes&quot;,&quot;pause_on_hover&quot;:&quot;yes&quot;,&quot;pause_on_interaction&quot;:&quot;yes&quot;,&quot;autoplay_speed&quot;:5000,&quot;infinite&quot;:&quot;yes&quot;,&quot;effect&quot;:&quot;slide&quot;,&quot;speed&quot;:500}\" data-widget_type=\"image-carousel.default\">\n\t\t\t\t<div class=\"elementor-widget-container\">\n\t\t\t\t\t\t\t<div class=\"elementor-image-carousel-wrapper swiper\" role=\"region\" aria-roledescription=\"carousel\" aria-label=\"Bild Karussell\" dir=\"ltr\">\n\t\t\t<div class=\"elementor-image-carousel swiper-wrapper\" aria-live=\"off\">\n\t\t\t\t\t\t\t\t<div class=\"swiper-slide\" role=\"group\" aria-roledescription=\"slide\" aria-label=\"1 von 4\"><a data-elementor-open-lightbox=\"yes\" data-elementor-lightbox-slideshow=\"c18ad24\" data-elementor-lightbox-title=\"transfer adhesivo aterciopelado flock logos\" data-e-action-hash=\"#elementor-action%3Aaction%3Dlightbox%26settings%3DeyJpZCI6MTMyOCwidXJsIjoiaHR0cHM6XC9cL2lkLXVubGltaXRlZC5lc1wvd3AtY29udGVudFwvdXBsb2Fkc1wvMjAyMFwvMDNcL3RyYW5zZmVyLWFkaGVzaXZvLWF0ZXJjaW9wZWxhZG8tZmxvY2stbG9nb3MuanBnIiwic2xpZGVzaG93IjoiYzE4YWQyNCJ9\" href=\"https:\/\/id-unlimited.es\/wp-content\/uploads\/2020\/03\/transfer-adhesivo-aterciopelado-flock-logos.jpg\"><figure class=\"swiper-slide-inner\"><img decoding=\"async\" class=\"swiper-slide-image\" src=\"https:\/\/id-unlimited.es\/wp-content\/uploads\/2020\/03\/transfer-adhesivo-aterciopelado-flock-logos.jpg\" alt=\"transfer adhesivo aterciopelado flock logos\" \/><\/figure><\/a><\/div><div class=\"swiper-slide\" role=\"group\" aria-roledescription=\"slide\" aria-label=\"2 von 4\"><a data-elementor-open-lightbox=\"yes\" data-elementor-lightbox-slideshow=\"c18ad24\" data-elementor-lightbox-title=\"transfer adhesivo aterciopelado flock\" data-e-action-hash=\"#elementor-action%3Aaction%3Dlightbox%26settings%3DeyJpZCI6MTMzMCwidXJsIjoiaHR0cHM6XC9cL2lkLXVubGltaXRlZC5lc1wvd3AtY29udGVudFwvdXBsb2Fkc1wvMjAyMFwvMDNcL3RyYW5zZmVyLWFkaGVzaXZvLWF0ZXJjaW9wZWxhZG8tZmxvY2suanBnIiwic2xpZGVzaG93IjoiYzE4YWQyNCJ9\" href=\"https:\/\/id-unlimited.es\/wp-content\/uploads\/2020\/03\/transfer-adhesivo-aterciopelado-flock.jpg\"><figure class=\"swiper-slide-inner\"><img decoding=\"async\" class=\"swiper-slide-image\" src=\"https:\/\/id-unlimited.es\/wp-content\/uploads\/2020\/03\/transfer-adhesivo-aterciopelado-flock.jpg\" alt=\"transfer adhesivo aterciopelado flock\" \/><\/figure><\/a><\/div><div class=\"swiper-slide\" role=\"group\" aria-roledescription=\"slide\" aria-label=\"3 von 4\"><a data-elementor-open-lightbox=\"yes\" data-elementor-lightbox-slideshow=\"c18ad24\" data-elementor-lightbox-title=\"Flock-general-header-01-Aneyron-aplicaciones-termoadhesivas\" data-e-action-hash=\"#elementor-action%3Aaction%3Dlightbox%26settings%3DeyJpZCI6MjEwNiwidXJsIjoiaHR0cHM6XC9cL2lkLXVubGltaXRlZC5lc1wvd3AtY29udGVudFwvdXBsb2Fkc1wvMjAyMVwvMDFcL0Zsb2NrLWdlbmVyYWwtaGVhZGVyLTAxLUFuZXlyb24tYXBsaWNhY2lvbmVzLXRlcm1vYWRoZXNpdmFzLmpwZyIsInNsaWRlc2hvdyI6ImMxOGFkMjQifQ%3D%3D\" href=\"https:\/\/id-unlimited.es\/wp-content\/uploads\/2021\/01\/Flock-general-header-01-Aneyron-aplicaciones-termoadhesivas.jpg\"><figure class=\"swiper-slide-inner\"><img decoding=\"async\" class=\"swiper-slide-image\" src=\"https:\/\/id-unlimited.es\/wp-content\/uploads\/2021\/01\/Flock-general-header-01-Aneyron-aplicaciones-termoadhesivas.jpg\" alt=\"Flock-general-header-01-Aneyron-aplicaciones-termoadhesivas\" \/><\/figure><\/a><\/div><div class=\"swiper-slide\" role=\"group\" aria-roledescription=\"slide\" aria-label=\"4 von 4\"><a data-elementor-open-lightbox=\"yes\" data-elementor-lightbox-slideshow=\"c18ad24\" data-elementor-lightbox-title=\"Flock-general-header-02-Aneyron-aplicaciones-termoadhesivas\" data-e-action-hash=\"#elementor-action%3Aaction%3Dlightbox%26settings%3DeyJpZCI6MjEwOCwidXJsIjoiaHR0cHM6XC9cL2lkLXVubGltaXRlZC5lc1wvd3AtY29udGVudFwvdXBsb2Fkc1wvMjAyMVwvMDFcL0Zsb2NrLWdlbmVyYWwtaGVhZGVyLTAyLUFuZXlyb24tYXBsaWNhY2lvbmVzLXRlcm1vYWRoZXNpdmFzLmpwZyIsInNsaWRlc2hvdyI6ImMxOGFkMjQifQ%3D%3D\" href=\"https:\/\/id-unlimited.es\/wp-content\/uploads\/2021\/01\/Flock-general-header-02-Aneyron-aplicaciones-termoadhesivas.jpg\"><figure class=\"swiper-slide-inner\"><img decoding=\"async\" class=\"swiper-slide-image\" src=\"https:\/\/id-unlimited.es\/wp-content\/uploads\/2021\/01\/Flock-general-header-02-Aneyron-aplicaciones-termoadhesivas.jpg\" alt=\"Flock-general-header-02-Aneyron-aplicaciones-termoadhesivas\" \/><\/figure><\/a><\/div>\t\t\t<\/div>\n\t\t\t\t\t\t\t\t\t\t\t\t<div class=\"elementor-swiper-button elementor-swiper-button-prev\" role=\"button\" tabindex=\"0\">\n\t\t\t\t\t\t<i aria-hidden=\"true\" class=\"eicon-chevron-left\"><\/i>\t\t\t\t\t<\/div>\n\t\t\t\t\t<div class=\"elementor-swiper-button elementor-swiper-button-next\" role=\"button\" tabindex=\"0\">\n\t\t\t\t\t\t<i aria-hidden=\"true\" class=\"eicon-chevron-right\"><\/i>\t\t\t\t\t<\/div>\n\t\t\t\t\n\t\t\t\t\t\t\t\t\t<div class=\"swiper-pagination\"><\/div>\n\t\t\t\t\t\t\t\t\t<\/div>\n\t\t\t\t\t\t<\/div>\n\t\t\t\t<\/div>\n\t\t\t\t\t<\/div>\n\t\t<\/div>\n\t\t\t\t\t<\/div>\n\t\t<\/section>\n\t\t\t\t<section class=\"elementor-section elementor-top-section elementor-element elementor-element-750988d titulo elementor-section-boxed elementor-section-height-default elementor-section-height-default\" data-id=\"750988d\" data-element_type=\"section\">\n\t\t\t\t\t\t<div class=\"elementor-container elementor-column-gap-default\">\n\t\t\t\t\t<div class=\"elementor-column elementor-col-100 elementor-top-column elementor-element elementor-element-ee700a9\" data-id=\"ee700a9\" data-element_type=\"column\">\n\t\t\t<div class=\"elementor-widget-wrap elementor-element-populated\">\n\t\t\t\t\t\t<div class=\"elementor-element elementor-element-2278d4ab centrado elementor-widget elementor-widget-text-editor\" data-id=\"2278d4ab\" data-element_type=\"widget\" data-widget_type=\"text-editor.default\">\n\t\t\t\t<div class=\"elementor-widget-container\">\n\t\t\t\t\t\t\t\t\t<h1>Flock<\/h1>\t\t\t\t\t\t\t\t<\/div>\n\t\t\t\t<\/div>\n\t\t\t\t<div class=\"elementor-element elementor-element-2723aaec txt-azul centrado elementor-widget elementor-widget-text-editor\" data-id=\"2723aaec\" data-element_type=\"widget\" data-widget_type=\"text-editor.default\">\n\t\t\t\t<div class=\"elementor-widget-container\">\n\t\t\t\t\t\t\t\t\t<a href=\"#monocolor\">Einfarbig<\/a> | <a href=\"#multicolor\">Mehrfarbig<\/a>\t\t\t\t\t\t\t\t<\/div>\n\t\t\t\t<\/div>\n\t\t\t\t\t<\/div>\n\t\t<\/div>\n\t\t\t\t\t<\/div>\n\t\t<\/section>\n\t\t\t\t<section class=\"elementor-section elementor-top-section elementor-element elementor-element-2344ff60 descripcion-producto elementor-section-boxed elementor-section-height-default elementor-section-height-default\" data-id=\"2344ff60\" data-element_type=\"section\">\n\t\t\t\t\t\t<div class=\"elementor-container elementor-column-gap-wider\">\n\t\t\t\t\t<div class=\"elementor-column elementor-col-100 elementor-top-column elementor-element elementor-element-435cc514\" data-id=\"435cc514\" data-element_type=\"column\">\n\t\t\t<div class=\"elementor-widget-wrap elementor-element-populated\">\n\t\t\t\t\t\t<section class=\"elementor-section elementor-inner-section elementor-element elementor-element-7d179e51 elementor-section-boxed elementor-section-height-default elementor-section-height-default\" data-id=\"7d179e51\" data-element_type=\"section\">\n\t\t\t\t\t\t<div class=\"elementor-container elementor-column-gap-default\">\n\t\t\t\t\t<div class=\"elementor-column elementor-col-50 elementor-inner-column elementor-element elementor-element-6552ce1d\" data-id=\"6552ce1d\" data-element_type=\"column\">\n\t\t\t<div class=\"elementor-widget-wrap elementor-element-populated\">\n\t\t\t\t\t\t<div class=\"elementor-element elementor-element-3d1866fb azul elementor-widget elementor-widget-text-editor\" data-id=\"3d1866fb\" data-element_type=\"widget\" data-widget_type=\"text-editor.default\">\n\t\t\t\t<div class=\"elementor-widget-container\">\n\t\t\t\t\t\t\t\t\t<ul><li>Thermoadh\u00e4siver Transfer f\u00fcr samtweiche Beschaffenheit<\/li><li>PVC-frei, elastisch und lichtbest\u00e4ndig<\/li><li>Detail- und Pantone-Wiedergabe<\/li><li>Gro\u00dfe Auswahl an Stoffen und m\u00f6glichen Positionierungen<\/li><\/ul>\t\t\t\t\t\t\t\t<\/div>\n\t\t\t\t<\/div>\n\t\t\t\t\t<\/div>\n\t\t<\/div>\n\t\t\t\t<div class=\"elementor-column elementor-col-50 elementor-inner-column elementor-element elementor-element-2fc16354\" data-id=\"2fc16354\" data-element_type=\"column\">\n\t\t\t<div class=\"elementor-widget-wrap elementor-element-populated\">\n\t\t\t\t\t\t<div class=\"elementor-element elementor-element-6b35cd6d elementor-widget elementor-widget-text-editor\" data-id=\"6b35cd6d\" data-element_type=\"widget\" data-widget_type=\"text-editor.default\">\n\t\t\t\t<div class=\"elementor-widget-container\">\n\t\t\t\t\t\t\t\t\t<p><strong>APPLIKATIONSVERFAHREN<\/strong><\/p><ul><li>W\u00e4rmepresse<\/li><\/ul><p><strong>ZERTIFIKATE<\/strong><\/p><ul><li>Zertifizierung OEKO-TEX\u00ae Standard 100<\/li><li>Offizielles AITEX-Zertifikat (Best\u00e4ndigkeit &gt; 120 Waschzyklen)<\/li><li>Internationale Zertifizierung RSL-Nike<\/li><\/ul>\t\t\t\t\t\t\t\t<\/div>\n\t\t\t\t<\/div>\n\t\t\t\t\t<\/div>\n\t\t<\/div>\n\t\t\t\t\t<\/div>\n\t\t<\/section>\n\t\t\t\t\t<\/div>\n\t\t<\/div>\n\t\t\t\t\t<\/div>\n\t\t<\/section>\n\t\t\t\t<section class=\"elementor-section elementor-top-section elementor-element elementor-element-5a1e3e39 elementor-section-stretched elementor-section-content-bottom elementor-section-boxed elementor-section-height-default elementor-section-height-default\" data-id=\"5a1e3e39\" data-element_type=\"section\" data-settings=\"{&quot;stretch_section&quot;:&quot;section-stretched&quot;,&quot;background_background&quot;:&quot;classic&quot;}\">\n\t\t\t\t\t\t<div class=\"elementor-container elementor-column-gap-wider\">\n\t\t\t\t\t<div class=\"elementor-column elementor-col-50 elementor-top-column elementor-element elementor-element-81d7e13\" data-id=\"81d7e13\" data-element_type=\"column\" data-settings=\"{&quot;background_background&quot;:&quot;classic&quot;}\">\n\t\t\t<div class=\"elementor-widget-wrap elementor-element-populated\">\n\t\t\t\t\t\t<div class=\"elementor-element elementor-element-65c4fe0c elementor-widget elementor-widget-text-editor\" data-id=\"65c4fe0c\" data-element_type=\"widget\" data-widget_type=\"text-editor.default\">\n\t\t\t\t<div class=\"elementor-widget-container\">\n\t\t\t\t\t\t\t\t\t<h2><strong>Einfarbig <\/strong><\/h2>\t\t\t\t\t\t\t\t<\/div>\n\t\t\t\t<\/div>\n\t\t\t\t<div class=\"elementor-element elementor-element-670fb4ee elementor-arrows-position-inside elementor-widget elementor-widget-image-carousel\" data-id=\"670fb4ee\" data-element_type=\"widget\" data-settings=\"{&quot;slides_to_show&quot;:&quot;1&quot;,&quot;navigation&quot;:&quot;arrows&quot;,&quot;autoplay&quot;:&quot;no&quot;,&quot;infinite&quot;:&quot;yes&quot;,&quot;effect&quot;:&quot;slide&quot;,&quot;speed&quot;:500}\" data-widget_type=\"image-carousel.default\">\n\t\t\t\t<div class=\"elementor-widget-container\">\n\t\t\t\t\t\t\t<div class=\"elementor-image-carousel-wrapper swiper\" role=\"region\" aria-roledescription=\"carousel\" aria-label=\"Bild Karussell\" dir=\"ltr\">\n\t\t\t<div class=\"elementor-image-carousel swiper-wrapper\" aria-live=\"polite\">\n\t\t\t\t\t\t\t\t<div class=\"swiper-slide\" role=\"group\" aria-roledescription=\"slide\" aria-label=\"1 von 1\"><a data-elementor-open-lightbox=\"yes\" data-elementor-lightbox-slideshow=\"670fb4ee\" data-elementor-lightbox-title=\"Flock-Monocolor-aterciopelado-Aneyron-aplicaciones-termoadhesivas\" data-e-action-hash=\"#elementor-action%3Aaction%3Dlightbox%26settings%3DeyJpZCI6MTc2NiwidXJsIjoiaHR0cHM6XC9cL2lkLXVubGltaXRlZC5lc1wvd3AtY29udGVudFwvdXBsb2Fkc1wvMjAyMFwvMTJcL0Zsb2NrLU1vbm9jb2xvci1hdGVyY2lvcGVsYWRvLUFuZXlyb24tYXBsaWNhY2lvbmVzLXRlcm1vYWRoZXNpdmFzLmpwZyIsInNsaWRlc2hvdyI6IjY3MGZiNGVlIn0%3D\" href=\"https:\/\/id-unlimited.es\/wp-content\/uploads\/2020\/12\/Flock-Monocolor-aterciopelado-Aneyron-aplicaciones-termoadhesivas.jpg\"><figure class=\"swiper-slide-inner\"><img decoding=\"async\" class=\"swiper-slide-image\" src=\"https:\/\/id-unlimited.es\/wp-content\/uploads\/2020\/12\/Flock-Monocolor-aterciopelado-Aneyron-aplicaciones-termoadhesivas.jpg\" alt=\"Flock-Monocolor-aterciopelado-Aneyron-aplicaciones-termoadhesivas\" \/><\/figure><\/a><\/div>\t\t\t<\/div>\n\t\t\t\t\t<\/div>\n\t\t\t\t\t\t<\/div>\n\t\t\t\t<\/div>\n\t\t\t\t\t<\/div>\n\t\t<\/div>\n\t\t\t\t<div class=\"elementor-column elementor-col-50 elementor-top-column elementor-element elementor-element-6569adc6\" data-id=\"6569adc6\" data-element_type=\"column\" data-settings=\"{&quot;background_background&quot;:&quot;classic&quot;}\">\n\t\t\t<div class=\"elementor-widget-wrap elementor-element-populated\">\n\t\t\t\t\t\t<div class=\"elementor-element elementor-element-5d0de37a elementor-widget elementor-widget-text-editor\" data-id=\"5d0de37a\" data-element_type=\"widget\" data-widget_type=\"text-editor.default\">\n\t\t\t\t<div class=\"elementor-widget-container\">\n\t\t\t\t\t\t\t\t\t<h2><strong>Mehrfarbig<\/strong><\/h2>\t\t\t\t\t\t\t\t<\/div>\n\t\t\t\t<\/div>\n\t\t\t\t<div class=\"elementor-element elementor-element-60439e94 elementor-arrows-position-inside elementor-widget elementor-widget-image-carousel\" data-id=\"60439e94\" data-element_type=\"widget\" data-settings=\"{&quot;slides_to_show&quot;:&quot;1&quot;,&quot;navigation&quot;:&quot;arrows&quot;,&quot;autoplay&quot;:&quot;no&quot;,&quot;infinite&quot;:&quot;yes&quot;,&quot;effect&quot;:&quot;slide&quot;,&quot;speed&quot;:500}\" data-widget_type=\"image-carousel.default\">\n\t\t\t\t<div class=\"elementor-widget-container\">\n\t\t\t\t\t\t\t<div class=\"elementor-image-carousel-wrapper swiper\" role=\"region\" aria-roledescription=\"carousel\" aria-label=\"Bild Karussell\" dir=\"ltr\">\n\t\t\t<div class=\"elementor-image-carousel swiper-wrapper\" aria-live=\"polite\">\n\t\t\t\t\t\t\t\t<div class=\"swiper-slide\" role=\"group\" aria-roledescription=\"slide\" aria-label=\"1 von 1\"><a data-elementor-open-lightbox=\"yes\" data-elementor-lightbox-slideshow=\"60439e94\" data-elementor-lightbox-title=\"Flock-Multicolor-aterciopelado-Aneyron-aplicaciones-termoadhesivas\" data-e-action-hash=\"#elementor-action%3Aaction%3Dlightbox%26settings%3DeyJpZCI6MTc2OCwidXJsIjoiaHR0cHM6XC9cL2lkLXVubGltaXRlZC5lc1wvd3AtY29udGVudFwvdXBsb2Fkc1wvMjAyMFwvMTJcL0Zsb2NrLU11bHRpY29sb3ItYXRlcmNpb3BlbGFkby1BbmV5cm9uLWFwbGljYWNpb25lcy10ZXJtb2FkaGVzaXZhcy5qcGciLCJzbGlkZXNob3ciOiI2MDQzOWU5NCJ9\" href=\"https:\/\/id-unlimited.es\/wp-content\/uploads\/2020\/12\/Flock-Multicolor-aterciopelado-Aneyron-aplicaciones-termoadhesivas.jpg\"><figure class=\"swiper-slide-inner\"><img decoding=\"async\" class=\"swiper-slide-image\" src=\"https:\/\/id-unlimited.es\/wp-content\/uploads\/2020\/12\/Flock-Multicolor-aterciopelado-Aneyron-aplicaciones-termoadhesivas.jpg\" alt=\"Flock-Multicolor-aterciopelado-Aneyron-aplicaciones-termoadhesivas\" \/><\/figure><\/a><\/div>\t\t\t<\/div>\n\t\t\t\t\t<\/div>\n\t\t\t\t\t\t<\/div>\n\t\t\t\t<\/div>\n\t\t\t\t\t<\/div>\n\t\t<\/div>\n\t\t\t\t\t<\/div>\n\t\t<\/section>\n\t\t\t\t<\/div>\n\t\t","protected":false},"excerpt":{"rendered":"<p>Anterior Siguiente Flock Einfarbig | Mehrfarbig Thermoadh\u00e4siver Transfer f\u00fcr samtweiche Beschaffenheit PVC-frei, elastisch und lichtbest\u00e4ndig Detail- und Pantone-Wiedergabe Gro\u00dfe Auswahl an Stoffen und m\u00f6glichen Positionierungen APPLIKATIONSVERFAHREN W\u00e4rmepresse ZERTIFIKATE Zertifizierung OEKO-TEX\u00ae Standard 100 Offizielles AITEX-Zertifikat (Best\u00e4ndigkeit &gt; 120 Waschzyklen) Internationale Zertifizierung RSL-Nike Einfarbig Mehrfarbig<\/p>\n","protected":false},"author":1,"featured_media":0,"parent":2787,"menu_order":0,"comment_status":"closed","ping_status":"closed","template":"","meta":{"footnotes":""},"class_list":["post-2841","page","type-page","status-publish"],"_links":{"self":[{"href":"https:\/\/id-unlimited.es\/de\/wp-json\/wp\/v2\/pages\/2841","targetHints":{"allow":["GET"]}}],"collection":[{"href":"https:\/\/id-unlimited.es\/de\/wp-json\/wp\/v2\/pages"}],"about":[{"href":"https:\/\/id-unlimited.es\/de\/wp-json\/wp\/v2\/types\/page"}],"author":[{"embeddable":true,"href":"https:\/\/id-unlimited.es\/de\/wp-json\/wp\/v2\/users\/1"}],"replies":[{"embeddable":true,"href":"https:\/\/id-unlimited.es\/de\/wp-json\/wp\/v2\/comments?post=2841"}],"version-history":[{"count":3,"href":"https:\/\/id-unlimited.es\/de\/wp-json\/wp\/v2\/pages\/2841\/revisions"}],"predecessor-version":[{"id":2844,"href":"https:\/\/id-unlimited.es\/de\/wp-json\/wp\/v2\/pages\/2841\/revisions\/2844"}],"up":[{"embeddable":true,"href":"https:\/\/id-unlimited.es\/de\/wp-json\/wp\/v2\/pages\/2787"}],"wp:attachment":[{"href":"https:\/\/id-unlimited.es\/de\/wp-json\/wp\/v2\/media?parent=2841"}],"curies":[{"name":"wp","href":"https:\/\/api.w.org\/{rel}","templated":true}]}}