{"id":2818,"date":"2021-05-25T14:57:35","date_gmt":"2021-05-25T13:57:35","guid":{"rendered":"https:\/\/aneyron.com\/?page_id=2818"},"modified":"2021-05-25T15:03:12","modified_gmt":"2021-05-25T14:03:12","slug":"allgemeine-geschaeftsbedingungen","status":"publish","type":"page","link":"https:\/\/id-unlimited.es\/de\/allgemeine-geschaeftsbedingungen\/","title":{"rendered":"Allgemeine geschaeftsbedingungen"},"content":{"rendered":"\t\t<div data-elementor-type=\"wp-page\" data-elementor-id=\"2818\" class=\"elementor elementor-2818 elementor-961\" data-elementor-post-type=\"page\">\n\t\t\t\t\t\t<section class=\"elementor-section elementor-top-section elementor-element elementor-element-4c400bdc titulo elementor-section-boxed elementor-section-height-default elementor-section-height-default\" data-id=\"4c400bdc\" data-element_type=\"section\">\n\t\t\t\t\t\t<div class=\"elementor-container elementor-column-gap-default\">\n\t\t\t\t\t<div class=\"elementor-column elementor-col-100 elementor-top-column elementor-element elementor-element-50395593\" data-id=\"50395593\" data-element_type=\"column\">\n\t\t\t<div class=\"elementor-widget-wrap elementor-element-populated\">\n\t\t\t\t\t\t<div class=\"elementor-element elementor-element-7419cb27 centrado elementor-widget elementor-widget-text-editor\" data-id=\"7419cb27\" data-element_type=\"widget\" data-widget_type=\"text-editor.default\">\n\t\t\t\t<div class=\"elementor-widget-container\">\n\t\t\t\t\t\t\t\t\t<h1>Allgemeine gesch\u00e4ftsbedingungen<\/h1>\t\t\t\t\t\t\t\t<\/div>\n\t\t\t\t<\/div>\n\t\t\t\t<div class=\"elementor-element elementor-element-6f97cf7e txt-azul centrado elementor-widget elementor-widget-text-editor\" data-id=\"6f97cf7e\" data-element_type=\"widget\" data-widget_type=\"text-editor.default\">\n\t\t\t\t<div class=\"elementor-widget-container\">\n\t\t\t\t\t\t\t\t\t<p>Aneyron Promociones S.L.<\/p>\t\t\t\t\t\t\t\t<\/div>\n\t\t\t\t<\/div>\n\t\t\t\t\t<\/div>\n\t\t<\/div>\n\t\t\t\t\t<\/div>\n\t\t<\/section>\n\t\t\t\t<section class=\"elementor-section elementor-top-section elementor-element elementor-element-fd80a6f elementor-section-boxed elementor-section-height-default elementor-section-height-default\" data-id=\"fd80a6f\" data-element_type=\"section\">\n\t\t\t\t\t\t<div class=\"elementor-container elementor-column-gap-default\">\n\t\t\t\t\t<div class=\"elementor-column elementor-col-100 elementor-top-column elementor-element elementor-element-a959bb1\" data-id=\"a959bb1\" data-element_type=\"column\">\n\t\t\t<div class=\"elementor-widget-wrap elementor-element-populated\">\n\t\t\t\t\t\t<div class=\"elementor-element elementor-element-1af6fa9 elementor-widget elementor-widget-text-editor\" data-id=\"1af6fa9\" data-element_type=\"widget\" data-widget_type=\"text-editor.default\">\n\t\t\t\t<div class=\"elementor-widget-container\">\n\t\t\t\t\t\t\t\t\t<p><b><em>1. <strong>Allgemeines<\/strong>:<\/em><\/b><\/p><ol><li>These general terms of contract apply without exception to all products made in Spain (including the Balearic Islands, the Canary Islands, and the autonomous cities of Ceuta and Melilla) for natural and\/or legal persons by ANEYRON PROMOCIONES, S.L., holder of VAT number B50985803, hereinafter ANEYRON. <br \/>Any order placed with ANEYRON necessarily implies the customer&#8217;s unreserved acceptance of these General Terms of Contract.<\/li><li>Diese allgemeinen Gesch\u00e4ftsbedingungen unterliegen den Gesetzen Spaniens und sind nach diesen auszulegen.<\/li><li>F\u00fcr Rechtsstreitigkeiten im Zusammenhang mit der Auslegung oder Ausf\u00fchrung der vorliegenden allgemeinen Vertragsbedingungen sind ausschlie\u00dflich die Gerichte von Zaragoza (Spanien) zust\u00e4ndig.<\/li><\/ol><p><b><em>2. <strong>Bestellungen<\/strong>: <\/em><\/b><br \/>Die vom Verkaufspersonal von ANEYRON entgegengenommenen oder direkt an diese Gesellschaft gesendeten Bestellungen sind erst ab der offiziellen Annahme durch Personen g\u00fcltig, die von ANEYRON autorisiert wurden.<\/p><p><strong><em>3. Preise: <\/em><\/strong><br \/>Die von ANEYRON ver\u00f6ffentlichten Preise sind in Euro und gelten vorbehaltlich typografischer Fehler. Die Preise verstehen sich, sofern nicht anders angegeben, ausschlie\u00dflich Mehrwertsteuer oder anderer Steuern oder Abgaben, die am Tag der Rechnungsstellung rechtm\u00e4\u00dfig erhoben werden k\u00f6nnen.<\/p><p><strong><em>4. Bezahlung:<\/em><\/strong><br \/>Es ist Sache der Parteien, die Zahlungsbedingungen im Einzelfall zu bestimmen. ANEYRON beh\u00e4lt sich das Eigentum an der Ware vor, bis der Warenpreis vollst\u00e4ndig bezahlt wurde.<\/p><p><strong><em>5. Produkte und Garantien:<\/em><\/strong><br \/>ANEYRON beh\u00e4lt sich das Recht vor, Produkte abh\u00e4ngig von den Schwierigkeiten seiner Lieferanten zu \u00e4ndern. Die Herstellergarantie schlie\u00dft ausdr\u00fccklich Produkte aus, die manipuliert, besch\u00e4digt oder durch unsachgem\u00e4\u00dfen Gebrauch besch\u00e4digt wurden. Andernfalls betr\u00e4gt die Gew\u00e4hrleistung sechs Monate ab dem Datum der Lieferung.<\/p><p><strong><em>6. Versand:<\/em><\/strong><br \/><br \/>Die gekauften Produkte werden an die in der Bestellung bzw. an die vom Kunden angegebene Adresse geliefert. Standardm\u00e4\u00dfig werden die Rechnungen an die E-Mail-Adresse gesendet, die der Kunde bei der Registrierung bei ANEYRON angegeben hat. Eine Bestellung gilt als zugestellt, wenn der Spediteur das\/die Paket(e) an den Kunden ausgeliefert und der Kunde den Lieferschein unterschrieben hat.<\/p><p><strong><em>7. Reklamationen:<\/em><\/strong><br \/><br \/>Es liegt in der Verantwortung des Kunden, den Zustand der Ware bei Erhalt zu pr\u00fcfen und etwaige Unregelm\u00e4\u00dfigkeiten auf dem Lieferschein zu vermerken. Die bei dem von ANEYRON beauftragten Transport auftretenden Zwischenf\u00e4lle werden vom beauftragten Transportunternehmen \u00fcbernommen. Wenn der Kunde hingegen den Transport mit eigenen Mitteln in Auftrag gibt, sind seine Spediteure f\u00fcr eventuelle Zwischenf\u00e4lle verantwortlich. Jede Reklamation des Kunden, die auf einem Qualit\u00e4ts- oder Zustandsmangel der Produkte oder deren Nicht\u00fcbereinstimmung mit den Spezifikationen beruht, unabh\u00e4ngig davon, ob die Lieferung abgelehnt wird oder nicht, muss ANEYRON innerhalb von 14 Tagen nach dem Lieferdatum mitgeteilt werden, wobei sich die Verantwortung von ANEYRON auf den Ersatz der Ware beschr\u00e4nkt. Nach Ablauf dieser Frist werden keine R\u00fccksendungen mehr angenommen. Vor der R\u00fccksendung muss sich der Kunde per E-Mail an ventas@aneyron.com mit dem Kundendienst in Verbindung setzen, um \u00fcber das weitere Vorgehen informiert zu werden und anzugeben, welches Produkt oder welche Produkte er zur\u00fcckgeben m\u00f6chte. Wenn der Grund f\u00fcr die R\u00fccksendung darin besteht, dass der Artikel fehlerhaft ist oder nicht der Bestellung entspricht, \u00fcbernimmt ANEYRON die Kosten f\u00fcr die R\u00fccksendung und den erneuten Versand.<\/p><p><strong><em>8. Recht auf Widerruf:<\/em><\/strong><br \/><br \/>Keine Bestellung, die von ANEYRON oder per Vertrag angenommen wurde, kann vom Kunden storniert werden, au\u00dfer durch schriftliche Vereinbarung zwischen den Parteien. In letzterem Fall obliegt es dem Kunden, ANEYRON in vollem Umfang f\u00fcr alle Verluste, Kosten, Sch\u00e4den, Geb\u00fchren und Aufwendungen zu entsch\u00e4digen, die ANEYRON in Erf\u00fcllung oder als Folge der Stornierung entstehen.<\/p><p><strong><em>9. Pflichten des Benutzers und\/oder Auftraggebers:<\/em><\/strong><\/p><p>Der Kunde von ANEYRON verpflichtet sich, jederzeit wahrheitsgem\u00e4\u00dfe Angaben zu den in den verschiedenen Formularen und\/oder Informationsanfragen oder anderen Dokumenten angeforderten Daten zu machen.\u00a0<strong>Die Angabe dieser Daten ist obligatorisch, und die Nichtangabe durch den Kunden oder die Angabe falscher Daten macht es ANEYRON unm\u00f6glich, die erteilten Auftr\u00e4ge zu verwalten. Die zur Verf\u00fcgung gestellten Daten werden unter Beachtung der gesetzlichen Datenschutzbestimmungen ausschlie\u00dflich f\u00fcr die entsprechenden Dienstleistungszwecke verwendet und nicht an Dritte weitergegeben.<\/strong><\/p>\t\t\t\t\t\t\t\t<\/div>\n\t\t\t\t<\/div>\n\t\t\t\t\t<\/div>\n\t\t<\/div>\n\t\t\t\t\t<\/div>\n\t\t<\/section>\n\t\t\t\t<\/div>\n\t\t","protected":false},"excerpt":{"rendered":"<p>Allgemeine gesch\u00e4ftsbedingungen Aneyron Promociones S.L. 1. Allgemeines: These general terms of contract apply without exception to all products made in Spain (including the Balearic Islands, the Canary Islands, and the autonomous cities of Ceuta and Melilla) for natural and\/or legal persons by ANEYRON PROMOCIONES, S.L., holder of VAT number B50985803, hereinafter ANEYRON. Any order placed &#8230; <a title=\"Allgemeine geschaeftsbedingungen\" class=\"read-more\" href=\"https:\/\/id-unlimited.es\/de\/allgemeine-geschaeftsbedingungen\/\" aria-label=\"Mehr Informationen \u00fcber Allgemeine geschaeftsbedingungen\">Weiterlesen<\/a><\/p>\n","protected":false},"author":2,"featured_media":0,"parent":0,"menu_order":0,"comment_status":"closed","ping_status":"closed","template":"","meta":{"footnotes":""},"class_list":["post-2818","page","type-page","status-publish"],"_links":{"self":[{"href":"https:\/\/id-unlimited.es\/de\/wp-json\/wp\/v2\/pages\/2818","targetHints":{"allow":["GET"]}}],"collection":[{"href":"https:\/\/id-unlimited.es\/de\/wp-json\/wp\/v2\/pages"}],"about":[{"href":"https:\/\/id-unlimited.es\/de\/wp-json\/wp\/v2\/types\/page"}],"author":[{"embeddable":true,"href":"https:\/\/id-unlimited.es\/de\/wp-json\/wp\/v2\/users\/2"}],"replies":[{"embeddable":true,"href":"https:\/\/id-unlimited.es\/de\/wp-json\/wp\/v2\/comments?post=2818"}],"version-history":[{"count":5,"href":"https:\/\/id-unlimited.es\/de\/wp-json\/wp\/v2\/pages\/2818\/revisions"}],"predecessor-version":[{"id":2823,"href":"https:\/\/id-unlimited.es\/de\/wp-json\/wp\/v2\/pages\/2818\/revisions\/2823"}],"wp:attachment":[{"href":"https:\/\/id-unlimited.es\/de\/wp-json\/wp\/v2\/media?parent=2818"}],"curies":[{"name":"wp","href":"https:\/\/api.w.org\/{rel}","templated":true}]}}