{"id":2808,"date":"2020-12-10T12:40:43","date_gmt":"2020-12-10T11:40:43","guid":{"rendered":"https:\/\/aneyron.com\/legal-conditions\/"},"modified":"2021-05-26T10:05:25","modified_gmt":"2021-05-26T09:05:25","slug":"rechtliche-bedingungen","status":"publish","type":"page","link":"https:\/\/id-unlimited.es\/de\/rechtliche-bedingungen\/","title":{"rendered":"Rechtliche bedingungen"},"content":{"rendered":"\t\t<div data-elementor-type=\"wp-page\" data-elementor-id=\"2808\" class=\"elementor elementor-2808 elementor-1510\" data-elementor-post-type=\"page\">\n\t\t\t\t\t\t<section class=\"elementor-section elementor-top-section elementor-element elementor-element-4c400bdc titulo elementor-section-boxed elementor-section-height-default elementor-section-height-default\" data-id=\"4c400bdc\" data-element_type=\"section\">\n\t\t\t\t\t\t<div class=\"elementor-container elementor-column-gap-default\">\n\t\t\t\t\t<div class=\"elementor-column elementor-col-100 elementor-top-column elementor-element elementor-element-50395593\" data-id=\"50395593\" data-element_type=\"column\">\n\t\t\t<div class=\"elementor-widget-wrap elementor-element-populated\">\n\t\t\t\t\t\t<div class=\"elementor-element elementor-element-7419cb27 centrado elementor-widget elementor-widget-text-editor\" data-id=\"7419cb27\" data-element_type=\"widget\" data-widget_type=\"text-editor.default\">\n\t\t\t\t<div class=\"elementor-widget-container\">\n\t\t\t\t\t\t\t\t\t<h1>Rechtliche bedingungen f\u00fcr die nutzung und den zugriff auf die website<\/h1>\t\t\t\t\t\t\t\t<\/div>\n\t\t\t\t<\/div>\n\t\t\t\t<div class=\"elementor-element elementor-element-6f97cf7e txt-azul centrado elementor-widget elementor-widget-text-editor\" data-id=\"6f97cf7e\" data-element_type=\"widget\" data-widget_type=\"text-editor.default\">\n\t\t\t\t<div class=\"elementor-widget-container\">\n\t\t\t\t\t\t\t\t\t<p>Aneyron Promociones S.L.<\/p>\t\t\t\t\t\t\t\t<\/div>\n\t\t\t\t<\/div>\n\t\t\t\t\t<\/div>\n\t\t<\/div>\n\t\t\t\t\t<\/div>\n\t\t<\/section>\n\t\t\t\t<section class=\"elementor-section elementor-top-section elementor-element elementor-element-fd80a6f elementor-section-boxed elementor-section-height-default elementor-section-height-default\" data-id=\"fd80a6f\" data-element_type=\"section\">\n\t\t\t\t\t\t<div class=\"elementor-container elementor-column-gap-default\">\n\t\t\t\t\t<div class=\"elementor-column elementor-col-100 elementor-top-column elementor-element elementor-element-a959bb1\" data-id=\"a959bb1\" data-element_type=\"column\">\n\t\t\t<div class=\"elementor-widget-wrap elementor-element-populated\">\n\t\t\t\t\t\t<div class=\"elementor-element elementor-element-1af6fa9 elementor-widget elementor-widget-text-editor\" data-id=\"1af6fa9\" data-element_type=\"widget\" data-widget_type=\"text-editor.default\">\n\t\t\t\t<div class=\"elementor-widget-container\">\n\t\t\t\t\t\t\t\t\t<p><b><i>1. <strong><em>Wissen und Zustimmung<\/em><\/strong><span class=\"EOP SCXW2305640 BCX9\" data-ccp-props=\"{}\">\u00a0<\/span><\/i><\/b><\/p><p style=\"padding-left: 5%;\">1.1. <span data-contrast=\"auto\">Diese rechtlichen Bedingungen regeln die Nutzung und die Bedingungen f\u00fcr den Zugriff auf die Website <a href=\"https:\/\/id-unlimited.es\/\">https:\/\/id-unlimited.es\/<\/a>, eine Website von ANEYRON. Indem Sie auf die Website zugreifen und sie konsultieren, akzeptieren Sie als Benutzer ohne jegliche Vorbehalte alle in diesem Dokument enthaltenen Bestimmungen, Mitteilungen, Bedingungen und sonstigen rechtlichen Hinweise.<\/span><span data-ccp-props=\"{}\">\u00a0<\/span><\/p><p style=\"padding-left: 5%;\"><span data-contrast=\"auto\">1.2. Die rechtlichen Bedingungen, die die Nutzung und die Vertragsbedingungen regeln, finden Sie unter folgendem Link: <a href=\"https:\/\/id-unlimited.es\/condiciones-generales-de-contratacion\/\">https:\/\/id-unlimited.es\/condiciones-generales-de-contratacion\/<\/a>, die Sie genehmigen und zustimmen.<br \/><\/span><\/p><p style=\"padding-left: 5%;\"><span data-contrast=\"auto\">1.3. Wenn Sie als Nutzer mit einer der vorliegenden Bedingungen nicht einverstanden sind, d\u00fcrfen Sie nicht mehr auf diese Website zugreifen.<br \/><\/span><span data-ccp-props=\"{}\">\u00a0<\/span><\/p><p><b><i>2. <\/i><\/b><strong><em>Eigentum der Website<\/em><\/strong><\/p><p style=\"padding-left: 5%;\"><span data-contrast=\"auto\">2.1. <\/span>In \u00dcbereinstimmung mit dem Gesetz 34\/2002 vom 11. Juli \u00fcber Dienstleistungen der Informationsgesellschaft und des elektronischen Handels und anderer anwendbarer Gesetzgebung, informieren wir Sie, dass diese Website <a href=\"https:\/\/id-unlimited.es\/\">https:\/\/id-unlimited.es\/<\/a> Eigentum der Gesellschaft ANEYRON PROMOCIONES, S.L. mit der Steuernummer B50985803 ist.<\/p><p style=\"padding-left: 5%;\"><span data-contrast=\"auto\">2.2. <\/span>Die Gesellschaft hat ihren eingetragenen Sitz in der Calle Murcia, Nave 50 Pol\u00edgono San Gregorio, Cadrete (Zaragoza).<\/p><p style=\"padding-left: 5%;\"><span data-contrast=\"auto\">2.3. Sie k\u00f6nnen ANEYRON telefonisch unter +34976126142 oder per E-Mail unter <a href=\"mailto:ventas@aneyron.com\">ventas@aneyron.com<\/a> erreichen.<\/span><span data-ccp-props=\"{}\">\u00a0<\/span><\/p><p style=\"padding-left: 5%;\"><span data-contrast=\"auto\">2.4. <\/span>Sofern nicht ausdr\u00fccklich anders festgelegt, k\u00f6nnen die Mitteilungen von ANEYRON per Post an die postalische Adresse oder per E-Mail erfolgen. Das Unternehmen setzt sich mit Ihnen per E-Mail an die in seinem Besitz befindliche oder die diesbez\u00fcglich mitgeteilte Adresse in Verbindung.<\/p><p><b><i>3. <strong><em>Funktion der Website<\/em><\/strong><\/i><\/b><\/p><p style=\"padding-left: 5%;\">3.1. ANEYRON beh\u00e4lt sich das Recht vor, jederzeit einseitig und ohne vorherige Benachrichtigung der Benutzer den Inhalt, die Struktur, die Funktion oder die Zugangsbedingungen zu dieser Website zu \u00e4ndern.<\/p><p style=\"padding-left: 5%;\"><span data-contrast=\"auto\">3.2. <\/span>Die Benutzer der Website sind sich jedoch bewusst und akzeptieren, dass einige der hierin enthaltenen Informationen unrichtig, unvollst\u00e4ndig oder veraltet sein oder typografische Fehler enthalten k\u00f6nnen. ANEYRON ist nicht verpflichtet, den Inhalt dieser Seite zu aktualisieren und \u00fcbernimmt keine Verantwortung f\u00fcr eine fehlende Aktualisierung der Informationen. Es liegt in der alleinigen Verantwortung des Benutzers, die Richtigkeit und\/oder N\u00fctzlichkeit jeglicher Informationen, Ratschl\u00e4ge, Meinungen oder anderer Inhalte, die \u00fcber diese Website verf\u00fcgbar sind, zu bewerten.<\/p><p style=\"padding-left: 5%;\"><span data-contrast=\"auto\">3.3. ANEYRON beh\u00e4lt sich au\u00dferdem das Recht vor, den Zugang zu dieser Website vor\u00fcbergehend und ohne vorherige Ank\u00fcndigung zu unterbrechen, um Wartungs-, Aktualisierungs-, Verbesserungs- oder Reparaturarbeiten durchzuf\u00fchren.<\/span><span data-ccp-props=\"{}\">\u00a0<\/span><\/p><p style=\"padding-left: 5%;\"><span data-contrast=\"auto\">3.4. <\/span>Es ist dem Nutzer untersagt, diese Website zu nutzen, um illegales, bedrohliches, verleumderisches, beleidigendes, diffamierendes, propagandistisches, skandal\u00f6ses, obsz\u00f6nes, pornografisches oder sonstiges Material zu versenden, zu \u00fcbertragen oder zu ver\u00f6ffentlichen, das nach geltendem Recht eine zivil- oder strafrechtliche Haftung nach sich ziehen k\u00f6nnte, f\u00fcr die der Nutzer in jedem Fall verantwortlich ist.<\/p><p style=\"padding-left: 5%;\"><span data-contrast=\"auto\">3.5. ANEYRON garantiert nicht, dass diese Website oder die Server, auf denen sie gehostet wird, frei von Viren und anderer potentiell gef\u00e4hrlicher Software sind, noch garantiert sie die Verf\u00fcgbarkeit, Kontinuit\u00e4t, N\u00fctzlichkeit oder die Fehlerlosigkeit der Funktionalit\u00e4t dieser Website, ihrer Dienstleistungen oder ihres Inhalts. Ebensowenig garantiert ANEYRON die Rechtm\u00e4\u00dfigkeit, Zuverl\u00e4ssigkeit oder N\u00fctzlichkeit der Informationen und Inhalte, die von Dritten \u00fcber diese Seite bereitgestellt werden.<\/span><\/p><p style=\"padding-left: 5%;\"><span data-contrast=\"auto\">3.6. Generell darf diese Seite nur von nat\u00fcrlichen und juristischen Personen mit ausreichender Gesch\u00e4ftsf\u00e4higkeit in \u00dcbereinstimmung mit der geltenden Gesetzgebung genutzt werden. Ausnahmsweise kann die Website von Minderj\u00e4hrigen genutzt werden, die eine vorherige Genehmigung ihrer Eltern oder Erziehungsberechtigten eingeholt haben, die f\u00fcr die Nutzung der Website durch den Minderj\u00e4hrigen in ihrer Obhut verantwortlich sind.<\/span><\/p><p><b><i>4. <strong><em>Benutzerverhalten. Verbote<\/em><\/strong><\/i><\/b><\/p><p style=\"padding-left: 5%;\">4.1. Die Nutzung der von ANEYRON angebotenen Inhalte und Dienste erfolgt auf eigene Gefahr und Verantwortung des Nutzers.<span data-ccp-props=\"{}\">\u00a0<\/span><\/p><p style=\"padding-left: 5%;\"><span data-contrast=\"auto\">4.2. <\/span>Das Unternehmen \u00fcbernimmt keine Verpflichtung, die von den Nutzern eingegebenen Inhalte und Informationen zu \u00fcberpr\u00fcfen oder zu \u00fcberwachen.<\/p><p style=\"padding-left: 5%;\"><span data-contrast=\"auto\">4.3. <\/span>Der Benutzer verpflichtet sich, die Website und alle ihre Inhalte und Dienstleistungen auf sorgf\u00e4ltige Weise zu verwenden, immer unter Beachtung der Gesetze, der guten Sitten und dieser allgemeinen Bedingungen, und stets mit Respekt f\u00fcr andere Benutzer dieser Website.<\/p><p style=\"padding-left: 5%;\"><span data-contrast=\"auto\">4.4. <\/span>Ebenso verpflichtet sich der Benutzer, die Materialien und Informationen, die auf der Webseite enthalten sind, in angemessener Weise zu nutzen und uns nicht zu benutzen, um illegale oder kriminelle Aktivit\u00e4ten durchzuf\u00fchren, die gegen die Rechte Dritter versto\u00dfen oder die Vorschriften \u00fcber das geistige und gewerbliche Eigentum oder andere Regeln der geltenden Rechtsordnung verletzen, wobei er gegen\u00fcber ANEYRON und Dritten die alleinige Verantwortung bei Nichteinhaltung der hier aufgef\u00fchrten Bestimmungen tr\u00e4gt.<span data-ccp-props=\"{}\">\u00a0<\/span><\/p><p style=\"padding-left: 5%;\"><span data-contrast=\"auto\">4.5. Der Nutzer verpflichtet sich, keine Materialien und Informationen zu \u00fcbermitteln, einzuf\u00fchren, zu verbreiten oder Dritten zur Verf\u00fcgung zu stellen, die gegen das Gesetz, die Moral, die \u00f6ffentliche Ordnung und diese allgemeinen Nutzungsbedingungen versto\u00dfen.<\/span><\/p><p style=\"padding-left: 5%;\"><span data-contrast=\"auto\">4.6. <\/span>In jedem Fall muss der Benutzer immer wahrheitsgem\u00e4\u00dfe Angaben machen, die zu keiner Art von Verwechslung f\u00fchren k\u00f6nnen, sowie korrekte Identifikationsdaten angeben und sich niemals f\u00fcr Dritte oder in deren Namen ausgeben.<\/p><p style=\"padding-left: 5%;\"><span data-contrast=\"auto\">4.7. In Bezug auf jegliche Verletzung oder Unregelm\u00e4\u00dfigkeit, denken Sie daran, dass die IP-Adresse Ihres Computers durch den einfachen Zugriff auf unsere Website aufgezeichnet wird.<\/span><span data-ccp-props=\"{}\">\u00a0<\/span><\/p><p><b><i>5. <strong><em>Gesch\u00fctzte Bereiche der Website<\/em><\/strong><\/i><\/b><\/p><p style=\"padding-left: 5%;\">5.1. F\u00fcr den Zugang zu den Diensten von ANEYRON ist es in der Regel nicht erforderlich, dass sich der Nutzer registriert oder etwas abonniert.<\/p><p style=\"padding-left: 5%;\"><span data-contrast=\"auto\">5.2. <\/span>Die Nutzung bestimmter Dienste kann von der vorherigen Erstellung eines pers\u00f6nlichen Kontos durch die Registrierung des Nutzers abh\u00e4ngig gemacht werden. Diese Registrierung erfolgt in der auf der Website explizit angegebenen Weise.<\/p><p style=\"padding-left: 5%;\"><span data-contrast=\"auto\">5.3. <\/span>Diese Website kann Bereiche mit eingeschr\u00e4nktem Zugang enthalten, die durch Kennungen und Passw\u00f6rter oder andere Sicherheitsmechanismen gesch\u00fctzt sind. Es ist Benutzern untersagt, auf diese zugangsbeschr\u00e4nkten Bereiche zuzugreifen, wenn sie nicht ordnungsgem\u00e4\u00df von ANEYRON autorisiert sind. Ebenso ist es untersagt, die von ANEYRON eingerichteten Schutzmechanismen zu umgehen oder zu manipulieren.<\/p><p style=\"padding-left: 5%;\"><span data-contrast=\"auto\">5.4. <\/span>Der Nutzer, der von ANEYRON zum Zugang zu einem dieser gesch\u00fctzten Bereiche autorisiert wurde, ist allein daf\u00fcr verantwortlich, die von ANEYRON f\u00fcr den Zugang zu den gesch\u00fctzten Bereichen zur Verf\u00fcgung gestellten Kennungen, Passw\u00f6rter und sonstigen Sicherheitsverfahren streng geheim zu halten und nicht an Dritte weiterzugeben. F\u00fcr Sch\u00e4den, die durch Nichtbeachtung der vorgenannten Sicherheitsmechanismen entstehen, haftet daher allein der Nutzer. <br \/>Der Benutzer wird darauf hingewiesen, dass der Versuch, sich unbefugten Zugang zu den gesch\u00fctzten Bereichen dieser Website zu verschaffen, zivil- und\/oder strafrechtlich verfolgt werden kann.<\/p><p><b><i>6. <strong><em>Geistiges und gewerbliches Eigentum<\/em><\/strong><\/i><\/b><\/p><p style=\"padding-left: 5%;\">6.1. Alle Inhalte der Website, einschlie\u00dflich, aber nicht beschr\u00e4nkt auf die Handelsmarken, Logos, Grafiken, Bilder, Ton- und Videodateien, Software, Programmiercode, Texte, Icons und die Namen, die sie identifizieren, sind Eigentum von ANEYRON und sind durch die geltende Gesetzgebung \u00fcber geistige und gewerbliche Eigentumsrechte gesch\u00fctzt.<\/p><p style=\"padding-left: 5%;\"><span data-contrast=\"auto\">6.2. <\/span>Der Zugriff des Benutzers auf diese Website impliziert keinerlei Verzicht, \u00dcbertragung oder Abtretung, weder ganz noch teilweise, dieser Eigentumsrechte. Aus diesem Grund gew\u00e4hrt der Zugriff auf diese Inhalte oder Elemente dem Benutzer unter keinen Umst\u00e4nden die M\u00f6glichkeit des Kopierens, des Verkaufs, der \u00c4nderung, der Reproduktion, der Ver\u00f6ffentlichung, der \u00dcbertragung, der \u00dcbermittlung oder der Schaffung neuer Produkte oder Dienstleistungen, die aus den hierin enthaltenen Informationen und Elementen abgeleitet sind.<\/p><p style=\"padding-left: 5%;\"><span data-contrast=\"auto\">6.3. <\/span>Aus diesem Grund darf der Nutzer dieser Website, au\u00dfer mit vorheriger ausdr\u00fccklicher schriftlicher Genehmigung von ANEYRON, das darin enthaltene Material nicht kopieren, verteilen, herunterladen, modifizieren, l\u00f6schen, ver\u00e4ndern, ver\u00f6ffentlichen, \u00fcbertragen oder in irgendeiner anderen Weise nutzen.<\/p><p style=\"padding-left: 5%;\"><span data-contrast=\"auto\">6.4. <\/span>Der Benutzer erwirbt keine Rechte oder Lizenzen in Verbindung mit unseren Diensten oder den darin enthaltenen Elementen, au\u00dfer dem eingeschr\u00e4nkten Recht, die Dienste in \u00dcbereinstimmung mit den geltenden Bedingungen zu nutzen. Sie k\u00f6nnen die Inhalte oder Elemente, auf die Sie \u00fcber die Dienste von ANEYRON zugreifen, nur f\u00fcr Ihren eigenen Gebrauch und Ihre eigenen Bed\u00fcrfnisse nutzen, und Sie verpflichten sich, keine direkte oder indirekte kommerzielle Verwertung vorzunehmen, weder der Dienste noch der Materialien, Elemente oder Informationen, die Sie \u00fcber diese erhalten.<\/p><p><b><i>7. <strong><em>Datenschutz- und Datenschutzbestimmungen<\/em><\/strong><\/i><\/b><\/p><p style=\"padding-left: 5%;\">7.1. In \u00dcbereinstimmung mit der geltenden Gesetzgebung zum Schutz personenbezogener Daten informiert ANEYRON den Benutzer \u00fcber die Existenz einer Datei mit personenbezogenen Daten, in der die von den Benutzern auf der Website eingegebenen Daten gespeichert sind. ANEYRON ist f\u00fcr die Datei verantwortlich.<\/p><p style=\"padding-left: 5%;\"><span data-contrast=\"auto\">7.2. <\/span>Der Benutzer und Inhaber der Daten wird dar\u00fcber informiert und stimmt zweifelsfrei zu, dass durch das Ausf\u00fcllen der verschiedenen Formulare seine pers\u00f6nlichen Daten in die automatisierten Dateien von ANEYRON aufgenommen werden, um unsere Dienstleistungen erbringen und anbieten sowie den Benutzer \u00fcber die angebotenen Produkte informieren zu k\u00f6nnen.<\/p><p style=\"padding-left: 5%;\"><span data-contrast=\"auto\">7.3. <\/span>ANEYRON verpflichtet sich zur Einhaltung der Geheimhaltungspflicht bez\u00fcglich personenbezogener Daten und der Pflicht zu deren vertraulicher Behandlung. Zu diesen Zwecken ergreift das Unternehmen angemessene, gesetzlich vorgesehene Sicherheitsma\u00dfnahmen, um \u00c4nderungen an den Daten oder deren Verlust oder unberechtigten Zugriff darauf zu verhindern.<\/p><p style=\"padding-left: 5%;\"><span data-contrast=\"auto\">7.4. Die Benutzer k\u00f6nnen ihre Rechte auf Zugang, Berichtigung, L\u00f6schung und Widerspruch zu ihren pers\u00f6nlichen Daten unter den in der geltenden Gesetzgebung festgelegten Bedingungen \u00fcber <a href=\"mailto:ventas@aneyron.com\">ventas@aneyron.com<\/a> aus\u00fcben.<\/span><\/p><p><b><i>8. <strong><em>Von Benutzern \u00fcbermittelte Informationen<\/em><\/strong><span class=\"EOP SCXW258289553 BCX9\" data-ccp-props=\"{}\">\u00a0<\/span><\/i><\/b><\/p><p style=\"padding-left: 5%;\">8.1. Diese Website kann \u00f6ffentliche Foren, Chatrooms und andere Mechanismen enthalten, \u00fcber die Benutzer ihre Meinung \u00e4u\u00dfern und Dateien in elektronischem Format austauschen k\u00f6nnen. Informationen, Mitteilungen und Dateien, die \u00fcber diese Foren und R\u00e4ume verschickt werden, sowie E-Mail-Adressen und andere Mitteilungen, die von den Benutzern offengelegt werden, gelten nicht als vertrauliches Material.<\/p><p style=\"padding-left: 5%;\"><span data-contrast=\"auto\">8.2. <\/span>Wenn Benutzer Informationen jeglicher Art an diese Website \u00fcbermitteln oder ver\u00f6ffentlichen, erteilen sie ANEYRON die Erlaubnis, diese Informationen zu verwenden, einschlie\u00dflich, aber nicht beschr\u00e4nkt auf die Verwendung, Reproduktion, \u00dcbertragung, Ver\u00f6ffentlichung oder Versendung dieser Informationen f\u00fcr jegliche Zwecke<span data-contrast=\"auto\">.<\/span><span data-ccp-props=\"{}\">\u00a0<\/span><\/p><p style=\"padding-left: 5%;\"><span data-contrast=\"auto\">8.3. ANEYRON \u00fcbernimmt keine Verantwortung f\u00fcr den Inhalt der Informationen oder Mitteilungen, die von den Benutzern \u00fcber diese Bereiche gesendet werden.<\/span><span data-ccp-props=\"{}\">\u00a0<\/span><\/p><p><b><i>9. <strong><em>Ausschluss von Gew\u00e4hrleistung und Haftung<\/em><\/strong><\/i><\/b><\/p><p style=\"padding-left: 5%;\">9.1. Alle Informationen auf dieser Seite werden \u201ewie besehen\u201c zur Verf\u00fcgung gestellt, und ANEYRON \u00fcbernimmt keinerlei Garantie, weder ausdr\u00fccklich noch stillschweigend, hinsichtlich der Genauigkeit, Zuverl\u00e4ssigkeit und Integrit\u00e4t dieser Seite. ANEYRON gew\u00e4hrt keine Garantie, weder ausdr\u00fccklich noch stillschweigend, einschlie\u00dflich, aber nicht beschr\u00e4nkt auf, Garantien f\u00fcr Qualit\u00e4t, Marktg\u00e4ngigkeit oder Eignung f\u00fcr einen bestimmten Zweck.<\/p><p style=\"padding-left: 5%;\"><span data-contrast=\"auto\">9.2. ANEYRON garantiert nicht, dass diese Website oder die Server, auf denen sie gehostet wird, frei von Viren und anderen Arten von potenziell gef\u00e4hrlicher Software sind.<\/span><span data-ccp-props=\"{}\">\u00a0<\/span><\/p><p style=\"padding-left: 5%;\"><span data-contrast=\"auto\">9.3. <\/span>ANEYRON \u00fcbernimmt keine Garantie f\u00fcr die Verf\u00fcgbarkeit, Kontinuit\u00e4t, N\u00fctzlichkeit oder Fehlerlosigkeit der Funktionalit\u00e4t dieser Website, ihrer Dienste oder ihrer Inhalte. Ebensowenig garantiert ANEYRON die Zuverl\u00e4ssigkeit oder N\u00fctzlichkeit der Informationen und Inhalte, die von Dritten \u00fcber diese Seite bereitgestellt werden. Obwohl ANEYRON alle zumutbaren Anstrengungen unternimmt, um die Verf\u00fcgbarkeit, den Zugang, die Kontinuit\u00e4t und die Fehlerlosigkeit der Funktionalit\u00e4t und der Dienste zu gew\u00e4hrleisten, kann ANEYRON diese nicht garantieren, da sie durch viele Faktoren, die au\u00dferhalb ihrer Kontrolle liegen, beeintr\u00e4chtigt werden k\u00f6nnen. Folglich haftet ANEYRON (innerhalb der in der geltenden Rechtsordnung festgelegten Grenzen) nicht f\u00fcr Sch\u00e4den jeglicher Art, die dem Benutzer infolge der oben genannten Nichtverf\u00fcgbarkeit, von Zugangsst\u00f6rungen oder mangelnder Kontinuit\u00e4t entstehen.<\/p><p><b><i>10. <strong><em>Haftungsbeschr\u00e4nkung<\/em><\/strong><\/i><\/b><\/p><p style=\"padding-left: 5%;\">10.1. ANEYRON haftet in keiner Weise f\u00fcr direkte oder indirekte Sch\u00e4den, entgangenen Gewinn oder Verlust von Daten und\/oder Kunden, die sich aus der Nutzung oder der Unm\u00f6glichkeit der Nutzung dieser Website ergeben.<\/p><p style=\"padding-left: 5%;\"><span data-contrast=\"auto\">10.2. <\/span>Diese Website kann Hypertext-Verkn\u00fcpfungen (Links) und Weiterleitungen zu anderen Websites und Webseiten enthalten, die nicht von ANEYRON kontrolliert werden. In diesen F\u00e4llen \u00fcbernimmt ANEYRON keine Verantwortung f\u00fcr die Inhalte, die auf diesen Seiten erscheinen k\u00f6nnen.<\/p><p style=\"padding-left: 5%;\"><span data-contrast=\"auto\">10.3. Der Nutzer erkl\u00e4rt sich ausdr\u00fccklich damit einverstanden, ANEYRON von jeglicher Verantwortung f\u00fcr Handlungen oder Unterlassungen des Nutzers aufgrund der auf dieser Seite eingestellten Inhalte freizustellen.<\/span><span data-ccp-props=\"{}\">\u00a0<\/span><\/p><p style=\"padding-left: 5%;\"><span data-contrast=\"auto\">10.4. Der Benutzer versteht zweifelsfrei und stimmt zu, dass das Herunterladen oder anderweitige Beziehen jeglicher Inhalte, Software oder anderer Materialen \u00fcber diese Website auf eigenes Risiko erfolgt und dass er die alleinige Verantwortung f\u00fcr jegliche Sch\u00e4den oder Datenverluste tr\u00e4gt, die an seinen Computersystemen entstehen.<\/span><span data-ccp-props=\"{}\">\u00a0<\/span><\/p><p style=\"padding-left: 5%;\"><span data-contrast=\"auto\">10.5. ANEYRON hat alle zumutbaren Anstrengungen unternommen, um sicherzustellen, dass die auf dieser Website enthaltenen Informationen zutreffend sind. Die Benutzer der Website verstehen jedoch und erkennen an, dass einige der hierin enthaltenen Informationen unrichtig, unvollst\u00e4ndig oder veraltet sein oder Fehler enthalten k\u00f6nnen.<\/span><\/p><p><b><i>11. <strong><em>Ausschlussrecht und Teilnichtigkeit<\/em><\/strong><\/i><\/b><\/p><p style=\"padding-left: 5%;\">11.1. ANEYRON beh\u00e4lt sich das Recht vor, die Nutzung aller oder einzelner Dienste der Website f\u00fcr jeden Benutzer ohne Vorank\u00fcndigung zu stornieren, zu eliminieren oder zu verbieten, wenn der Benutzer nach Meinung des Unternehmens und unabh\u00e4ngig von den Umst\u00e4nden die Website falsch nutzt.<\/p><p style=\"padding-left: 5%;\"><span data-contrast=\"auto\">11.2. Sollte eine Bestimmung dieser Bedingungen von einem zust\u00e4ndigen Gericht f\u00fcr rechtswidrig oder nichtig befunden werden, so ist diese Bestimmung aufzuheben, sofern dies gesetzlich erforderlich ist. Der Benutzer erkl\u00e4rt sich ausdr\u00fccklich damit einverstanden, dass alle anderen nicht ausgeschlossenen Bestimmungen unver\u00e4ndert bleiben und weiterhin in vollem Umfang gelten.<\/span><\/p><p><b><i>12. <strong><em>Anwendbares Recht und Gerichtsbarkeit<\/em><\/strong><\/i><\/b><\/p><p style=\"padding-left: 5%;\">12.1. Diese Website befindet sich in Spanien und wird von dort aus betrieben. Alle Angelegenheiten, die sich auf diese Website beziehen, unterliegen spanischem Recht und sind der Rechtsprechung der zust\u00e4ndigen Gerichte in Spanien unterworfen, ohne dass die Grunds\u00e4tze des Kollisionsrechts zur Anwendung kommen. In den F\u00e4llen, in denen der Benutzer kein Kunde ist oder seinen Wohnsitz au\u00dferhalb Spaniens hat, unterliegen ANEYRON und der Benutzer den Gerichten von Zaragoza, unter ausdr\u00fccklichem Verzicht auf jede andere Zust\u00e4ndigkeit, die ihnen entsprechen k\u00f6nnte.<\/p><p style=\"padding-left: 5%;\"><span data-contrast=\"auto\">12.2. Wenn der Benutzer sich entscheidet, diese Website von au\u00dferhalb Spaniens zu nutzen oder zu konsultieren, muss er sich bewusst sein, dass er dies auf eigene Initiative tut und dass er f\u00fcr die Einhaltung der entsprechenden lokalen Gesetze verantwortlich ist.<\/span><span data-ccp-props=\"{}\">\u00a0<\/span><\/p><p><b><i>13. <\/i><\/b><strong><em>Dauer und \u00dcberarbeitung<\/em><\/strong><\/p><p style=\"padding-left: 5%;\">13.1. Obwohl das Rechtsverh\u00e4ltnis zwischen ANEYRON und dem Nutzer, das sich aus dem Zugang und der Nutzung der Website ergibt, von unbestimmter Dauer ist, gilt dieses als beendet, wenn das Unternehmen die vorliegenden allgemeinen Bedingungen \u00e4ndert. Von dem Moment an, zu dem das Unternehmen die \u00c4nderung der allgemeinen Bedingungen bekannt gibt und der Nutzer auf die Dienste und Inhalte der Website zugreift und diese nutzt, gilt ein neues Rechtsverh\u00e4ltnis zwischen beiden Parteien mit ebenso unbestimmtem Charakter.<\/p><p style=\"padding-left: 5%;\"><span data-contrast=\"auto\">13.2. Unbeschadet des Vorstehenden ist die Firma ANEYRON berechtigt, die Erbringung der von ihr angebotenen Dienstleistungen jederzeit und ohne Vorank\u00fcndigung oder Angabe von Gr\u00fcnden auszusetzen, zu unterbrechen oder einseitig zu beenden.<\/span><span data-ccp-props=\"{}\">\u00a0<\/span><\/p><p style=\"padding-left: 5%;\"><span data-contrast=\"auto\">13.3. <\/span>ANEYRON beh\u00e4lt sich das Recht vor, die vorliegenden Nutzungsbedingungen jederzeit einseitig und ohne vorherige Ank\u00fcndigung zu \u00e4ndern. Die \u00fcberarbeiteten Bedingungen treten in Kraft, sobald sie auf dieser Website ver\u00f6ffentlicht werden. Wenn ein Benutzer dieser Website regelm\u00e4\u00dfig nutzt, sollten er diese Bedingungen regelm\u00e4\u00dfig \u00fcberpr\u00fcfen und den Zugriff auf die Website unterlassen, wenn er eine der \u00fcberarbeiteten Bedingungen nicht akzeptabel findet.<\/p>\t\t\t\t\t\t\t\t<\/div>\n\t\t\t\t<\/div>\n\t\t\t\t\t<\/div>\n\t\t<\/div>\n\t\t\t\t\t<\/div>\n\t\t<\/section>\n\t\t\t\t<\/div>\n\t\t","protected":false},"excerpt":{"rendered":"<p>Rechtliche bedingungen f\u00fcr die nutzung und den zugriff auf die website Aneyron Promociones S.L. 1. Wissen und Zustimmung\u00a0 1.1. Diese rechtlichen Bedingungen regeln die Nutzung und die Bedingungen f\u00fcr den Zugriff auf die Website https:\/\/aneyron.com\/, eine Website von ANEYRON. Indem Sie auf die Website zugreifen und sie konsultieren, akzeptieren Sie als Benutzer ohne jegliche Vorbehalte &#8230; <a title=\"Rechtliche bedingungen\" class=\"read-more\" href=\"https:\/\/id-unlimited.es\/de\/rechtliche-bedingungen\/\" aria-label=\"Mehr Informationen \u00fcber Rechtliche bedingungen\">Weiterlesen<\/a><\/p>\n","protected":false},"author":2,"featured_media":0,"parent":0,"menu_order":0,"comment_status":"closed","ping_status":"closed","template":"","meta":{"footnotes":""},"class_list":["post-2808","page","type-page","status-publish"],"_links":{"self":[{"href":"https:\/\/id-unlimited.es\/de\/wp-json\/wp\/v2\/pages\/2808","targetHints":{"allow":["GET"]}}],"collection":[{"href":"https:\/\/id-unlimited.es\/de\/wp-json\/wp\/v2\/pages"}],"about":[{"href":"https:\/\/id-unlimited.es\/de\/wp-json\/wp\/v2\/types\/page"}],"author":[{"embeddable":true,"href":"https:\/\/id-unlimited.es\/de\/wp-json\/wp\/v2\/users\/2"}],"replies":[{"embeddable":true,"href":"https:\/\/id-unlimited.es\/de\/wp-json\/wp\/v2\/comments?post=2808"}],"version-history":[{"count":12,"href":"https:\/\/id-unlimited.es\/de\/wp-json\/wp\/v2\/pages\/2808\/revisions"}],"predecessor-version":[{"id":2986,"href":"https:\/\/id-unlimited.es\/de\/wp-json\/wp\/v2\/pages\/2808\/revisions\/2986"}],"wp:attachment":[{"href":"https:\/\/id-unlimited.es\/de\/wp-json\/wp\/v2\/media?parent=2808"}],"curies":[{"name":"wp","href":"https:\/\/api.w.org\/{rel}","templated":true}]}}