{"id":2802,"date":"2020-02-28T09:36:46","date_gmt":"2020-02-28T08:36:46","guid":{"rendered":"https:\/\/aneyron.com\/quality-policy\/"},"modified":"2021-05-26T10:04:38","modified_gmt":"2021-05-26T09:04:38","slug":"qualitaetspolitik","status":"publish","type":"page","link":"https:\/\/id-unlimited.es\/de\/qualitaetspolitik\/","title":{"rendered":"Qualitaetspolitik"},"content":{"rendered":"\t\t<div data-elementor-type=\"wp-page\" data-elementor-id=\"2802\" class=\"elementor elementor-2802 elementor-964\" data-elementor-post-type=\"page\">\n\t\t\t\t\t\t<section class=\"elementor-section elementor-top-section elementor-element elementor-element-3cd04af titulo elementor-section-boxed elementor-section-height-default elementor-section-height-default\" data-id=\"3cd04af\" data-element_type=\"section\">\n\t\t\t\t\t\t<div class=\"elementor-container elementor-column-gap-default\">\n\t\t\t\t\t<div class=\"elementor-column elementor-col-100 elementor-top-column elementor-element elementor-element-19a8283\" data-id=\"19a8283\" data-element_type=\"column\">\n\t\t\t<div class=\"elementor-widget-wrap elementor-element-populated\">\n\t\t\t\t\t\t<div class=\"elementor-element elementor-element-d9b9fae centrado elementor-widget elementor-widget-text-editor\" data-id=\"d9b9fae\" data-element_type=\"widget\" data-widget_type=\"text-editor.default\">\n\t\t\t\t<div class=\"elementor-widget-container\">\n\t\t\t\t\t\t\t\t\t<h1>Qualitaetspolitik<\/h1>\t\t\t\t\t\t\t\t<\/div>\n\t\t\t\t<\/div>\n\t\t\t\t<div class=\"elementor-element elementor-element-75a132a txt-azul centrado elementor-widget elementor-widget-text-editor\" data-id=\"75a132a\" data-element_type=\"widget\" data-widget_type=\"text-editor.default\">\n\t\t\t\t<div class=\"elementor-widget-container\">\n\t\t\t\t\t\t\t\t\t<p>Aneyron Promociones S.L.<\/p>\t\t\t\t\t\t\t\t<\/div>\n\t\t\t\t<\/div>\n\t\t\t\t\t<\/div>\n\t\t<\/div>\n\t\t\t\t\t<\/div>\n\t\t<\/section>\n\t\t\t\t<section class=\"elementor-section elementor-top-section elementor-element elementor-element-cd75238 elementor-section-boxed elementor-section-height-default elementor-section-height-default\" data-id=\"cd75238\" data-element_type=\"section\">\n\t\t\t\t\t\t<div class=\"elementor-container elementor-column-gap-default\">\n\t\t\t\t\t<div class=\"elementor-column elementor-col-100 elementor-top-column elementor-element elementor-element-4c15526\" data-id=\"4c15526\" data-element_type=\"column\">\n\t\t\t<div class=\"elementor-widget-wrap elementor-element-populated\">\n\t\t\t\t\t\t<div class=\"elementor-element elementor-element-d220dea elementor-widget elementor-widget-text-editor\" data-id=\"d220dea\" data-element_type=\"widget\" data-widget_type=\"text-editor.default\">\n\t\t\t\t<div class=\"elementor-widget-container\">\n\t\t\t\t\t\t\t\t\t<p>Die Gesch\u00e4ftsleitung von <strong>ANEYRON PROMOCIONES S.L.<\/strong>, einem Unternehmen, das sich der Entwicklung, der Herstellung und dem Vertrieb von Transfer- und Thermoklebeanwendungen widmet, ist sich in ihrem st\u00e4ndigen Bestreben, seine Kunden zufrieden zu stellen, der Notwendigkeit bewusst, die Effizienz des Qualit\u00e4tsmanagementsystems, seiner Prozesse und Produkte st\u00e4ndig zu verbessern, sich den Bed\u00fcrfnissen und Bedingungen des Marktes anzupassen, das soziale Klima des Unternehmens und die Motivation aller Mitarbeiter zu verbessern. Wir haben zu diesem Zweck diese Qualit\u00e4tspolitik etabliert und die nachfolgenden verpflichteten Prinzipien definiert:<\/p><ul><li>Der Herstellung aller unserer Produkte in \u00dcbereinstimmung mit den Anforderungen unserer Kunden sowie allen anderen regulatorischen Anforderungen, die f\u00fcr die entwickelten Aktivit\u00e4ten und Dienstleistungen gelten.<\/li><li>Die Organisation und Rationalisierung aller Prozesse und Methoden mit dem Ziel, die Qualit\u00e4t zu sichern, die Produktivit\u00e4t zu erh\u00f6hen, die Kosten zu senken und das soziale Klima des Unternehmens zu verbessern.<\/li><li>Die Herstellung von theormoadh\u00e4siven <em>Transfers<\/em> auf so effiziente Weise wie m\u00f6glich.<\/li><li>Die gesamte Organisation muss von einer Kultur der kontinuierlichen Verbesserung und Qualit\u00e4t im Kundenservice durchdrungen sein, so dass sowohl festgestellte Abweichungen oder Fehler als auch eingehende Beschwerden, Reklamationen und Verbesserungsvorschl\u00e4ge als Informationsquelle und Verbesserungsm\u00f6glichkeit betrachtet werden.<\/li><li>Wir st\u00fctzen unsere Arbeit auf die Professionalit\u00e4t unserer Mitarbeiter und auf die Bedeutung von Schulung und Informationsvermittlung als Wert des sozialen und beruflichen Bewusstseins. So erreichen wir, dass <strong>ANEYRON PROMOCIONES, S.L.<\/strong> einen hohen Grad an Ansehen und Bekanntheit bei neuen Kunden erreicht.<\/li><li>Fehlervermeidung hat Vorrang vor Fehlerbehebung. Das Wissen um m\u00f6gliche M\u00e4ngel und deren Behebung wird zu pr\u00e4ventiven Zwecken auf die gesamte Organisation ausgeweitet.<\/li><li>Die Anwendung von Kontrollma\u00dfnahmen zur Verringerung von Risiken, proportional zum Wert unserer Verm\u00f6genswerte, der Kunden und anderer interessierter Parteien (Personen, Tr\u00e4ger, Anlagen, Systeme, etc&#8230;) in \u00dcbereinstimmung mit der durchgef\u00fchrten Risikoanalyse und den von <strong>ANEYRON PROMOCIONES, S.L.<\/strong> akzeptierten Risikoniveaus.<\/li><\/ul><p>Diese Qualit\u00e4tspolitik bildet den Bezugsrahmen f\u00fcr die Festlegung der Qualit\u00e4tsziele, wobei die allgemeinen Qualit\u00e4tsziele von <strong>ANEYRON PROMOCIONES S.L.<\/strong> die folgenden sind:<\/p><ul><li>Die Bed\u00fcrfnisse und Erwartungen unserer Kunden zu erf\u00fcllen, indem wir ein Produkt liefern und einen Service bieten, der auf ihre Bed\u00fcrfnisse zugeschnitten ist.<\/li><li>Kontinuierliche Verbesserung der Qualit\u00e4t der hergestellten Produkte sowie des von unseren Kunden geforderten Service, um so ihre Loyalit\u00e4t zu erlangen und ihr Vertrauen zu sichern.<\/li><\/ul><p>Um diese Qualit\u00e4tspolitik und die daraus abgeleiteten Ziele einzuhalten und eine kontinuierliche Verbesserung zu erreichen, ist die Mitarbeit und Beteiligung des gesamten Personals des Unternehmens erforderlich, die wir durch die Anwendung der in unserem Managementsystem dargelegten Grunds\u00e4tze erreichen werden.<\/p><p>Diese Richtlinie wird mindestens einmal im Jahr bei der \u00dcberpr\u00fcfung des Systems durch die Gesch\u00e4ftsleitung \u00fcberpr\u00fcft.<\/p><p><i><em>In Zaragoza, am 26. Mai 2017<\/em><br \/><\/i>Victor Manuel Pinilla Bielsa<\/p>\t\t\t\t\t\t\t\t<\/div>\n\t\t\t\t<\/div>\n\t\t\t\t\t<\/div>\n\t\t<\/div>\n\t\t\t\t\t<\/div>\n\t\t<\/section>\n\t\t\t\t<\/div>\n\t\t","protected":false},"excerpt":{"rendered":"<p>Qualitaetspolitik Aneyron Promociones S.L. Die Gesch\u00e4ftsleitung von ANEYRON PROMOCIONES S.L., einem Unternehmen, das sich der Entwicklung, der Herstellung und dem Vertrieb von Transfer- und Thermoklebeanwendungen widmet, ist sich in ihrem st\u00e4ndigen Bestreben, seine Kunden zufrieden zu stellen, der Notwendigkeit bewusst, die Effizienz des Qualit\u00e4tsmanagementsystems, seiner Prozesse und Produkte st\u00e4ndig zu verbessern, sich den Bed\u00fcrfnissen und &#8230; <a title=\"Qualitaetspolitik\" class=\"read-more\" href=\"https:\/\/id-unlimited.es\/de\/qualitaetspolitik\/\" aria-label=\"Mehr Informationen \u00fcber Qualitaetspolitik\">Weiterlesen<\/a><\/p>\n","protected":false},"author":2,"featured_media":0,"parent":0,"menu_order":0,"comment_status":"closed","ping_status":"closed","template":"","meta":{"footnotes":""},"class_list":["post-2802","page","type-page","status-publish"],"_links":{"self":[{"href":"https:\/\/id-unlimited.es\/de\/wp-json\/wp\/v2\/pages\/2802","targetHints":{"allow":["GET"]}}],"collection":[{"href":"https:\/\/id-unlimited.es\/de\/wp-json\/wp\/v2\/pages"}],"about":[{"href":"https:\/\/id-unlimited.es\/de\/wp-json\/wp\/v2\/types\/page"}],"author":[{"embeddable":true,"href":"https:\/\/id-unlimited.es\/de\/wp-json\/wp\/v2\/users\/2"}],"replies":[{"embeddable":true,"href":"https:\/\/id-unlimited.es\/de\/wp-json\/wp\/v2\/comments?post=2802"}],"version-history":[{"count":7,"href":"https:\/\/id-unlimited.es\/de\/wp-json\/wp\/v2\/pages\/2802\/revisions"}],"predecessor-version":[{"id":2985,"href":"https:\/\/id-unlimited.es\/de\/wp-json\/wp\/v2\/pages\/2802\/revisions\/2985"}],"wp:attachment":[{"href":"https:\/\/id-unlimited.es\/de\/wp-json\/wp\/v2\/media?parent=2802"}],"curies":[{"name":"wp","href":"https:\/\/api.w.org\/{rel}","templated":true}]}}