{"id":2794,"date":"2021-01-26T14:13:27","date_gmt":"2021-01-26T13:13:27","guid":{"rendered":"https:\/\/aneyron.com\/contact\/"},"modified":"2025-11-20T12:24:11","modified_gmt":"2025-11-20T11:24:11","slug":"kontakt","status":"publish","type":"page","link":"https:\/\/id-unlimited.es\/de\/kontakt\/","title":{"rendered":"Kontakt"},"content":{"rendered":"\t\t<div data-elementor-type=\"wp-post\" data-elementor-id=\"2794\" class=\"elementor elementor-2794 elementor-16\" data-elementor-post-type=\"page\">\n\t\t\t\t\t\t<section class=\"elementor-section elementor-top-section elementor-element elementor-element-3833b403 elementor-section-boxed elementor-section-height-default elementor-section-height-default\" data-id=\"3833b403\" data-element_type=\"section\">\n\t\t\t\t\t\t<div class=\"elementor-container elementor-column-gap-default\">\n\t\t\t\t\t<div class=\"elementor-column elementor-col-100 elementor-top-column elementor-element elementor-element-36b45987\" data-id=\"36b45987\" data-element_type=\"column\">\n\t\t\t<div class=\"elementor-widget-wrap elementor-element-populated\">\n\t\t\t\t\t\t<div class=\"elementor-element elementor-element-32127c44 elementor-widget elementor-widget-spacer\" data-id=\"32127c44\" data-element_type=\"widget\" data-widget_type=\"spacer.default\">\n\t\t\t\t<div class=\"elementor-widget-container\">\n\t\t\t\t\t\t\t<div class=\"elementor-spacer\">\n\t\t\t<div class=\"elementor-spacer-inner\"><\/div>\n\t\t<\/div>\n\t\t\t\t\t\t<\/div>\n\t\t\t\t<\/div>\n\t\t\t\t<div class=\"elementor-element elementor-element-2b24e767 elementor-widget elementor-widget-text-editor\" data-id=\"2b24e767\" data-element_type=\"widget\" data-widget_type=\"text-editor.default\">\n\t\t\t\t<div class=\"elementor-widget-container\">\n\t\t\t\t\t\t\t\t\t<h2>ADRESSE<\/h2>\t\t\t\t\t\t\t\t<\/div>\n\t\t\t\t<\/div>\n\t\t\t\t<div class=\"elementor-element elementor-element-7094f7e2 elementor-widget__width-initial elementor-widget elementor-widget-html\" data-id=\"7094f7e2\" data-element_type=\"widget\" data-widget_type=\"html.default\">\n\t\t\t\t<div class=\"elementor-widget-container\">\n\t\t\t\t\t<div class=\"subrayado\"><\/div>\t\t\t\t<\/div>\n\t\t\t\t<\/div>\n\t\t\t\t<div class=\"elementor-element elementor-element-00ea13d elementor-widget elementor-widget-spacer\" data-id=\"00ea13d\" data-element_type=\"widget\" data-widget_type=\"spacer.default\">\n\t\t\t\t<div class=\"elementor-widget-container\">\n\t\t\t\t\t\t\t<div class=\"elementor-spacer\">\n\t\t\t<div class=\"elementor-spacer-inner\"><\/div>\n\t\t<\/div>\n\t\t\t\t\t\t<\/div>\n\t\t\t\t<\/div>\n\t\t\t\t<div class=\"elementor-element elementor-element-2c53e5b2 elementor-widget elementor-widget-text-editor\" data-id=\"2c53e5b2\" data-element_type=\"widget\" data-widget_type=\"text-editor.default\">\n\t\t\t\t<div class=\"elementor-widget-container\">\n\t\t\t\t\t\t\t\t\t<p>Unsere Einrichtungen entsprechen dem neuesten Stand der Technik. Wir k\u00f6nnen jedes Kleidungsst\u00fcck individuell gestalten und uns dar\u00fcber hinaus an die Bed\u00fcrfnisse unserer Kunden anpassen. Wir sind Hersteller und kontrollieren die gesamte Produktionskette. Sagen Sie uns, was Sie brauchen, und wir k\u00f6nnen Ihnen eine spezifische L\u00f6sung f\u00fcr jeden Bereich anbieten. Sie k\u00f6nnen uns per E-Mail oder Telefon kontaktieren und wir sind so schnell wie m\u00f6glich f\u00fcr Sie da.<\/p>\t\t\t\t\t\t\t\t<\/div>\n\t\t\t\t<\/div>\n\t\t\t\t\t<\/div>\n\t\t<\/div>\n\t\t\t\t\t<\/div>\n\t\t<\/section>\n\t\t\t\t<section class=\"elementor-section elementor-top-section elementor-element elementor-element-5e648fbd elementor-section-content-top elementor-section-boxed elementor-section-height-default elementor-section-height-default\" data-id=\"5e648fbd\" data-element_type=\"section\">\n\t\t\t\t\t\t<div class=\"elementor-container elementor-column-gap-wider\">\n\t\t\t\t\t<div class=\"elementor-column elementor-col-50 elementor-top-column elementor-element elementor-element-1d8997a0\" data-id=\"1d8997a0\" data-element_type=\"column\">\n\t\t\t<div class=\"elementor-widget-wrap elementor-element-populated\">\n\t\t\t\t\t\t<div class=\"elementor-element elementor-element-41577750 elementor-widget elementor-widget-google_maps\" data-id=\"41577750\" data-element_type=\"widget\" data-widget_type=\"google_maps.default\">\n\t\t\t\t<div class=\"elementor-widget-container\">\n\t\t\t\t\t\t\t<div class=\"elementor-custom-embed\">\n\t\t\t<iframe loading=\"lazy\"\n\t\t\t\t\tsrc=\"https:\/\/maps.google.com\/maps?q=Aneyron%20Promociones%20S.L.&#038;t=m&#038;z=10&#038;output=embed&#038;iwloc=near\"\n\t\t\t\t\ttitle=\"Aneyron Promociones S.L.\"\n\t\t\t\t\taria-label=\"Aneyron Promociones S.L.\"\n\t\t\t><\/iframe>\n\t\t<\/div>\n\t\t\t\t\t\t<\/div>\n\t\t\t\t<\/div>\n\t\t\t\t<div class=\"elementor-element elementor-element-b508699 elementor-widget elementor-widget-spacer\" data-id=\"b508699\" data-element_type=\"widget\" data-widget_type=\"spacer.default\">\n\t\t\t\t<div class=\"elementor-widget-container\">\n\t\t\t\t\t\t\t<div class=\"elementor-spacer\">\n\t\t\t<div class=\"elementor-spacer-inner\"><\/div>\n\t\t<\/div>\n\t\t\t\t\t\t<\/div>\n\t\t\t\t<\/div>\n\t\t\t\t<div class=\"elementor-element elementor-element-69c1a0fd elementor-widget elementor-widget-text-editor\" data-id=\"69c1a0fd\" data-element_type=\"widget\" data-widget_type=\"text-editor.default\">\n\t\t\t\t<div class=\"elementor-widget-container\">\n\t\t\t\t\t\t\t\t\t<p><strong>Headquarter<br \/><\/strong>C\/ Pe\u00f1a Oroel 5-F. P.I. Valdeconsejo<br \/>50410 Cuarte de Huerva. Zaragoza (Spain)<br \/>+34 976 126 142 \u00b7 +34 976 452 036<br \/><a class=\"azul\" href=\"mailto:ventas@id-unlimited.es\">ventas@id-unlimited.es<\/a><\/p>\t\t\t\t\t\t\t\t<\/div>\n\t\t\t\t<\/div>\n\t\t\t\t\t<\/div>\n\t\t<\/div>\n\t\t\t\t<div class=\"elementor-column elementor-col-50 elementor-top-column elementor-element elementor-element-579d7cfd\" data-id=\"579d7cfd\" data-element_type=\"column\">\n\t\t\t<div class=\"elementor-widget-wrap elementor-element-populated\">\n\t\t\t\t\t\t<div class=\"elementor-element elementor-element-77ccf7f3 elementor-widget elementor-widget-google_maps\" data-id=\"77ccf7f3\" data-element_type=\"widget\" data-widget_type=\"google_maps.default\">\n\t\t\t\t<div class=\"elementor-widget-container\">\n\t\t\t\t\t\t\t<div class=\"elementor-custom-embed\">\n\t\t\t<iframe loading=\"lazy\"\n\t\t\t\t\tsrc=\"https:\/\/maps.google.com\/maps?q=%20Overvliet%2050%203545%20NH%20Utrecht&#038;t=m&#038;z=11&#038;output=embed&#038;iwloc=near\"\n\t\t\t\t\ttitle=\" Overvliet 50 3545 NH Utrecht\"\n\t\t\t\t\taria-label=\" Overvliet 50 3545 NH Utrecht\"\n\t\t\t><\/iframe>\n\t\t<\/div>\n\t\t\t\t\t\t<\/div>\n\t\t\t\t<\/div>\n\t\t\t\t<div class=\"elementor-element elementor-element-1d073eae elementor-widget elementor-widget-spacer\" data-id=\"1d073eae\" data-element_type=\"widget\" data-widget_type=\"spacer.default\">\n\t\t\t\t<div class=\"elementor-widget-container\">\n\t\t\t\t\t\t\t<div class=\"elementor-spacer\">\n\t\t\t<div class=\"elementor-spacer-inner\"><\/div>\n\t\t<\/div>\n\t\t\t\t\t\t<\/div>\n\t\t\t\t<\/div>\n\t\t\t\t<div class=\"elementor-element elementor-element-26d395a4 elementor-widget elementor-widget-text-editor\" data-id=\"26d395a4\" data-element_type=\"widget\" data-widget_type=\"text-editor.default\">\n\t\t\t\t<div class=\"elementor-widget-container\">\n\t\t\t\t\t\t\t\t\t<p><strong>ID Unlimited Benelux<br \/><\/strong>Overvliet 50<br \/>3545 NH Utrecht. Netherlands<br \/>+31 6 155 74 800<\/p>\t\t\t\t\t\t\t\t<\/div>\n\t\t\t\t<\/div>\n\t\t\t\t\t<\/div>\n\t\t<\/div>\n\t\t\t\t\t<\/div>\n\t\t<\/section>\n\t\t\t\t<section class=\"elementor-section elementor-top-section elementor-element elementor-element-e657bd5 elementor-section-boxed elementor-section-height-default elementor-section-height-default\" data-id=\"e657bd5\" data-element_type=\"section\">\n\t\t\t\t\t\t<div class=\"elementor-container elementor-column-gap-default\">\n\t\t\t\t\t<div class=\"elementor-column elementor-col-100 elementor-top-column elementor-element elementor-element-ccde080\" data-id=\"ccde080\" data-element_type=\"column\">\n\t\t\t<div class=\"elementor-widget-wrap elementor-element-populated\">\n\t\t\t\t\t\t<div class=\"elementor-element elementor-element-6d2f843b elementor-widget elementor-widget-spacer\" data-id=\"6d2f843b\" data-element_type=\"widget\" data-widget_type=\"spacer.default\">\n\t\t\t\t<div class=\"elementor-widget-container\">\n\t\t\t\t\t\t\t<div class=\"elementor-spacer\">\n\t\t\t<div class=\"elementor-spacer-inner\"><\/div>\n\t\t<\/div>\n\t\t\t\t\t\t<\/div>\n\t\t\t\t<\/div>\n\t\t\t\t\t<\/div>\n\t\t<\/div>\n\t\t\t\t\t<\/div>\n\t\t<\/section>\n\t\t\t\t<\/div>\n\t\t","protected":false},"excerpt":{"rendered":"<p>ADRESSE Unsere Einrichtungen entsprechen dem neuesten Stand der Technik. Wir k\u00f6nnen jedes Kleidungsst\u00fcck individuell gestalten und uns dar\u00fcber hinaus an die Bed\u00fcrfnisse unserer Kunden anpassen. Wir sind Hersteller und kontrollieren die gesamte Produktionskette. Sagen Sie uns, was Sie brauchen, und wir k\u00f6nnen Ihnen eine spezifische L\u00f6sung f\u00fcr jeden Bereich anbieten. Sie k\u00f6nnen uns per E-Mail &#8230; <a title=\"Kontakt\" class=\"read-more\" href=\"https:\/\/id-unlimited.es\/de\/kontakt\/\" aria-label=\"Mehr Informationen \u00fcber Kontakt\">Weiterlesen<\/a><\/p>\n","protected":false},"author":2,"featured_media":0,"parent":0,"menu_order":0,"comment_status":"closed","ping_status":"closed","template":"","meta":{"footnotes":""},"class_list":["post-2794","page","type-page","status-publish"],"_links":{"self":[{"href":"https:\/\/id-unlimited.es\/de\/wp-json\/wp\/v2\/pages\/2794","targetHints":{"allow":["GET"]}}],"collection":[{"href":"https:\/\/id-unlimited.es\/de\/wp-json\/wp\/v2\/pages"}],"about":[{"href":"https:\/\/id-unlimited.es\/de\/wp-json\/wp\/v2\/types\/page"}],"author":[{"embeddable":true,"href":"https:\/\/id-unlimited.es\/de\/wp-json\/wp\/v2\/users\/2"}],"replies":[{"embeddable":true,"href":"https:\/\/id-unlimited.es\/de\/wp-json\/wp\/v2\/comments?post=2794"}],"version-history":[{"count":19,"href":"https:\/\/id-unlimited.es\/de\/wp-json\/wp\/v2\/pages\/2794\/revisions"}],"predecessor-version":[{"id":3328,"href":"https:\/\/id-unlimited.es\/de\/wp-json\/wp\/v2\/pages\/2794\/revisions\/3328"}],"wp:attachment":[{"href":"https:\/\/id-unlimited.es\/de\/wp-json\/wp\/v2\/media?parent=2794"}],"curies":[{"name":"wp","href":"https:\/\/api.w.org\/{rel}","templated":true}]}}