{"id":2777,"date":"2020-02-26T13:57:06","date_gmt":"2020-02-26T12:57:06","guid":{"rendered":"https:\/\/aneyron.com\/personalizacion\/"},"modified":"2025-11-27T16:16:18","modified_gmt":"2025-11-27T15:16:18","slug":"personalisierung","status":"publish","type":"page","link":"https:\/\/id-unlimited.es\/de\/personalisierung\/","title":{"rendered":"Personalisierung"},"content":{"rendered":"\t\t<div data-elementor-type=\"wp-page\" data-elementor-id=\"2777\" class=\"elementor elementor-2777 elementor-880\" data-elementor-post-type=\"page\">\n\t\t\t\t\t\t<section class=\"elementor-section elementor-top-section elementor-element elementor-element-072dbef elementor-section-boxed elementor-section-height-default elementor-section-height-default\" data-id=\"072dbef\" data-element_type=\"section\">\n\t\t\t\t\t\t<div class=\"elementor-container elementor-column-gap-default\">\n\t\t\t\t\t<div class=\"elementor-column elementor-col-100 elementor-top-column elementor-element elementor-element-4c18601\" data-id=\"4c18601\" data-element_type=\"column\">\n\t\t\t<div class=\"elementor-widget-wrap elementor-element-populated\">\n\t\t\t\t\t\t<div class=\"elementor-element elementor-element-c405e5c elementor-widget elementor-widget-text-editor\" data-id=\"c405e5c\" data-element_type=\"widget\" data-widget_type=\"text-editor.default\">\n\t\t\t\t<div class=\"elementor-widget-container\">\n\t\t\t\t\t\t\t\t\t<h2 style=\"text-align: center;\">IDEA LAB<\/h2><p style=\"text-align: center; font-size: 1.15em; line-height: 1em; color: #008bab;\">SPEZIALISTEN IN DER PERSONALISIERUNG VON SPORTBEKLEIDUNG<\/p><p style=\"text-align: center; font-size: 1.15em; line-height: 1.5em;\">Dank unserer Fachleute in den Bereichen Grafikdesign, Produktentwicklung und -herstellung sowie Positionierung k\u00f6nnen wir unseren Kunden hochwertige Anpassungen bieten.<\/p>\t\t\t\t\t\t\t\t<\/div>\n\t\t\t\t<\/div>\n\t\t\t\t\t<\/div>\n\t\t<\/div>\n\t\t\t\t\t<\/div>\n\t\t<\/section>\n\t\t\t\t<section class=\"elementor-section elementor-top-section elementor-element elementor-element-57ef55f7 elementor-section-content-middle elementor-section-boxed elementor-section-height-default elementor-section-height-default\" data-id=\"57ef55f7\" data-element_type=\"section\">\n\t\t\t\t\t\t<div class=\"elementor-container elementor-column-gap-default\">\n\t\t\t\t\t<div class=\"elementor-column elementor-col-100 elementor-top-column elementor-element elementor-element-43fc75b6\" data-id=\"43fc75b6\" data-element_type=\"column\">\n\t\t\t<div class=\"elementor-widget-wrap elementor-element-populated\">\n\t\t\t\t\t\t<div class=\"elementor-element elementor-element-15ffd1a dos-columnas elementor-widget elementor-widget-text-editor\" data-id=\"15ffd1a\" data-element_type=\"widget\" data-widget_type=\"text-editor.default\">\n\t\t\t\t<div class=\"elementor-widget-container\">\n\t\t\t\t\t\t\t\t\t<p>Bei ID Unlimited SPAIN geben sich Kreativit\u00e4t und Technologie die Hand, um qualitativ hochwertige, exklusive Kleidungsst\u00fccke zu fertigen. Zeit ist Geld, und darum leiten wir unsere Kunden bei der Erstellung und Entwicklung von Merchandising-Linien f\u00fcr Clubs an und helfen ihnen. Wir arbeiten gemeinsam daran, die von unseren Kunden gesetzten Wachstumsziele zu erreichen. Wir engagieren uns f\u00fcr Ihre Projekte und helfen Ihnen, diese zu dimensionieren.<\/p>\t\t\t\t\t\t\t\t<\/div>\n\t\t\t\t<\/div>\n\t\t\t\t\t<\/div>\n\t\t<\/div>\n\t\t\t\t\t<\/div>\n\t\t<\/section>\n\t\t\t\t<section class=\"elementor-section elementor-top-section elementor-element elementor-element-337140a3 elementor-section-boxed elementor-section-height-default elementor-section-height-default\" data-id=\"337140a3\" data-element_type=\"section\" data-settings=\"{&quot;background_background&quot;:&quot;classic&quot;}\">\n\t\t\t\t\t\t<div class=\"elementor-container elementor-column-gap-default\">\n\t\t\t\t\t<div class=\"elementor-column elementor-col-50 elementor-top-column elementor-element elementor-element-108ea402\" data-id=\"108ea402\" data-element_type=\"column\">\n\t\t\t<div class=\"elementor-widget-wrap elementor-element-populated\">\n\t\t\t\t\t\t<div class=\"elementor-element elementor-element-47006565 elementor-widget elementor-widget-image\" data-id=\"47006565\" data-element_type=\"widget\" data-widget_type=\"image.default\">\n\t\t\t\t<div class=\"elementor-widget-container\">\n\t\t\t\t\t\t\t\t\t\t\t\t\t\t\t<img fetchpriority=\"high\" decoding=\"async\" width=\"806\" height=\"262\" src=\"https:\/\/id-unlimited.es\/wp-content\/uploads\/2020\/02\/idea-lab-personalizacion-3.jpg\" class=\"attachment-full size-full wp-image-1038\" alt=\"\" srcset=\"https:\/\/id-unlimited.es\/wp-content\/uploads\/2020\/02\/idea-lab-personalizacion-3.jpg 806w, https:\/\/id-unlimited.es\/wp-content\/uploads\/2020\/02\/idea-lab-personalizacion-3-300x98.jpg 300w, https:\/\/id-unlimited.es\/wp-content\/uploads\/2020\/02\/idea-lab-personalizacion-3-768x250.jpg 768w\" sizes=\"(max-width: 806px) 100vw, 806px\" \/>\t\t\t\t\t\t\t\t\t\t\t\t\t\t\t<\/div>\n\t\t\t\t<\/div>\n\t\t\t\t<section class=\"elementor-section elementor-inner-section elementor-element elementor-element-7445b3bd elementor-section-boxed elementor-section-height-default elementor-section-height-default\" data-id=\"7445b3bd\" data-element_type=\"section\">\n\t\t\t\t\t\t<div class=\"elementor-container elementor-column-gap-default\">\n\t\t\t\t\t<div class=\"elementor-column elementor-col-50 elementor-inner-column elementor-element elementor-element-5bbd3c3c\" data-id=\"5bbd3c3c\" data-element_type=\"column\">\n\t\t\t<div class=\"elementor-widget-wrap elementor-element-populated\">\n\t\t\t\t\t\t<div class=\"elementor-element elementor-element-1dca1915 elementor-widget elementor-widget-text-editor\" data-id=\"1dca1915\" data-element_type=\"widget\" data-widget_type=\"text-editor.default\">\n\t\t\t\t<div class=\"elementor-widget-container\">\n\t\t\t\t\t\t\t\t\t<h2>\u201eSie liefern das Kleidungsst\u00fcck und wir die Ideen\u201c<\/h2>\nBei ID Unlimited SPAIN arbeiten Fachleute aus den Bereichen Grafikdesign, Produktentwicklung und Herstellung sowie Positionierung der Aufdrucke Hand in Hand. Wir helfen unseren Kunden dabei <strong>Merchandising-Linien f\u00fcr ihre Clubs zu kreieren und zu entwickeln<\/strong>. Wir arbeiten, damit Sie Ihre Wachstumsziele erreichen. Deshalb lassen wir uns auf Ihre Projekte ein und helfen Ihnen, diese zu dimensionieren.\n<br>\n<br>\n\n<a class=\"enlace-seccion\" href=\"https:\/\/id-unlimited.es\/de\/kontakt\/\">Sagen Sie uns, was Sie brauchen &gt;<\/a>\t\t\t\t\t\t\t\t<\/div>\n\t\t\t\t<\/div>\n\t\t\t\t\t<\/div>\n\t\t<\/div>\n\t\t\t\t<div class=\"elementor-column elementor-col-50 elementor-inner-column elementor-element elementor-element-71efc4e0\" data-id=\"71efc4e0\" data-element_type=\"column\" data-settings=\"{&quot;background_background&quot;:&quot;classic&quot;}\">\n\t\t\t<div class=\"elementor-widget-wrap elementor-element-populated\">\n\t\t\t\t\t\t\t<\/div>\n\t\t<\/div>\n\t\t\t\t\t<\/div>\n\t\t<\/section>\n\t\t\t\t\t<\/div>\n\t\t<\/div>\n\t\t\t\t<div class=\"elementor-column elementor-col-50 elementor-top-column elementor-element elementor-element-26308d4f\" data-id=\"26308d4f\" data-element_type=\"column\" data-settings=\"{&quot;background_background&quot;:&quot;classic&quot;}\">\n\t\t\t<div class=\"elementor-widget-wrap elementor-element-populated\">\n\t\t\t\t\t\t\t<\/div>\n\t\t<\/div>\n\t\t\t\t\t<\/div>\n\t\t<\/section>\n\t\t\t\t<section class=\"elementor-section elementor-top-section elementor-element elementor-element-435ddde elementor-section-stretched elementor-section-boxed elementor-section-height-default elementor-section-height-default\" data-id=\"435ddde\" data-element_type=\"section\" data-settings=\"{&quot;stretch_section&quot;:&quot;section-stretched&quot;,&quot;background_background&quot;:&quot;classic&quot;}\">\n\t\t\t\t\t\t<div class=\"elementor-container elementor-column-gap-default\">\n\t\t\t\t\t<div class=\"elementor-column elementor-col-100 elementor-top-column elementor-element elementor-element-c8dd6dd\" data-id=\"c8dd6dd\" data-element_type=\"column\">\n\t\t\t<div class=\"elementor-widget-wrap elementor-element-populated\">\n\t\t\t\t\t\t<div class=\"elementor-element elementor-element-3d712f2e centrado elementor-widget elementor-widget-text-editor\" data-id=\"3d712f2e\" data-element_type=\"widget\" data-widget_type=\"text-editor.default\">\n\t\t\t\t<div class=\"elementor-widget-container\">\n\t\t\t\t\t\t\t\t\t<p class=\"txt-subrayado\">Unsere Prozesse<\/p>\t\t\t\t\t\t\t\t<\/div>\n\t\t\t\t<\/div>\n\t\t\t\t<section class=\"elementor-section elementor-inner-section elementor-element elementor-element-153b573 elementor-section-boxed elementor-section-height-default elementor-section-height-default\" data-id=\"153b573\" data-element_type=\"section\">\n\t\t\t\t\t\t<div class=\"elementor-container elementor-column-gap-wider\">\n\t\t\t\t\t<div class=\"elementor-column elementor-col-33 elementor-inner-column elementor-element elementor-element-37c0b1d\" data-id=\"37c0b1d\" data-element_type=\"column\">\n\t\t\t<div class=\"elementor-widget-wrap elementor-element-populated\">\n\t\t\t\t\t\t<div class=\"elementor-element elementor-element-21dca64 elementor-widget elementor-widget-image\" data-id=\"21dca64\" data-element_type=\"widget\" data-widget_type=\"image.default\">\n\t\t\t\t<div class=\"elementor-widget-container\">\n\t\t\t\t\t\t\t\t\t\t\t\t\t\t\t<img decoding=\"async\" width=\"390\" height=\"436\" src=\"https:\/\/id-unlimited.es\/wp-content\/uploads\/2020\/02\/PASO1.jpg\" class=\"attachment-large size-large wp-image-1041\" alt=\"\" srcset=\"https:\/\/id-unlimited.es\/wp-content\/uploads\/2020\/02\/PASO1.jpg 390w, https:\/\/id-unlimited.es\/wp-content\/uploads\/2020\/02\/PASO1-268x300.jpg 268w\" sizes=\"(max-width: 390px) 100vw, 390px\" \/>\t\t\t\t\t\t\t\t\t\t\t\t\t\t\t<\/div>\n\t\t\t\t<\/div>\n\t\t\t\t<div class=\"elementor-element elementor-element-6e529650 elementor-widget elementor-widget-text-editor\" data-id=\"6e529650\" data-element_type=\"widget\" data-widget_type=\"text-editor.default\">\n\t\t\t\t<div class=\"elementor-widget-container\">\n\t\t\t\t\t\t\t\t\t<h3>1. <strong>Design<\/strong><\/h3><p>Auf der Grundlage der Kundenw\u00fcnsche entwerfen wir exklusive Designs, die zu den Bed\u00fcrfnissen und der Verwendung der Kleidungsst\u00fccke passen.<\/p>\t\t\t\t\t\t\t\t<\/div>\n\t\t\t\t<\/div>\n\t\t\t\t\t<\/div>\n\t\t<\/div>\n\t\t\t\t<div class=\"elementor-column elementor-col-33 elementor-inner-column elementor-element elementor-element-c37c5e1\" data-id=\"c37c5e1\" data-element_type=\"column\">\n\t\t\t<div class=\"elementor-widget-wrap elementor-element-populated\">\n\t\t\t\t\t\t<div class=\"elementor-element elementor-element-4d03472 elementor-widget elementor-widget-image\" data-id=\"4d03472\" data-element_type=\"widget\" data-widget_type=\"image.default\">\n\t\t\t\t<div class=\"elementor-widget-container\">\n\t\t\t\t\t\t\t\t\t\t\t\t\t\t\t<img decoding=\"async\" width=\"390\" height=\"436\" src=\"https:\/\/id-unlimited.es\/wp-content\/uploads\/2020\/02\/PASO2.jpg\" class=\"attachment-large size-large wp-image-1044\" alt=\"\" srcset=\"https:\/\/id-unlimited.es\/wp-content\/uploads\/2020\/02\/PASO2.jpg 390w, https:\/\/id-unlimited.es\/wp-content\/uploads\/2020\/02\/PASO2-268x300.jpg 268w\" sizes=\"(max-width: 390px) 100vw, 390px\" \/>\t\t\t\t\t\t\t\t\t\t\t\t\t\t\t<\/div>\n\t\t\t\t<\/div>\n\t\t\t\t<div class=\"elementor-element elementor-element-1c49a34 elementor-widget elementor-widget-text-editor\" data-id=\"1c49a34\" data-element_type=\"widget\" data-widget_type=\"text-editor.default\">\n\t\t\t\t<div class=\"elementor-widget-container\">\n\t\t\t\t\t\t\t\t\t<h3>2. <strong>Technische Umsetzung<\/strong><\/h3><p>Unser Team kennt die Prozesse besser als jeder andere, um die am besten geeignete technische L\u00f6sung f\u00fcr den jeweiligen Stoff und das Design auszuw\u00e4hlen.<\/p>\t\t\t\t\t\t\t\t<\/div>\n\t\t\t\t<\/div>\n\t\t\t\t\t<\/div>\n\t\t<\/div>\n\t\t\t\t<div class=\"elementor-column elementor-col-33 elementor-inner-column elementor-element elementor-element-4c4940d\" data-id=\"4c4940d\" data-element_type=\"column\">\n\t\t\t<div class=\"elementor-widget-wrap elementor-element-populated\">\n\t\t\t\t\t\t<div class=\"elementor-element elementor-element-f874ee7 elementor-widget elementor-widget-image\" data-id=\"f874ee7\" data-element_type=\"widget\" data-widget_type=\"image.default\">\n\t\t\t\t<div class=\"elementor-widget-container\">\n\t\t\t\t\t\t\t\t\t\t\t\t\t\t\t<img loading=\"lazy\" decoding=\"async\" width=\"390\" height=\"436\" src=\"https:\/\/id-unlimited.es\/wp-content\/uploads\/2021\/01\/Idea-lab-personalizacion-taller-planchado.jpg\" class=\"attachment-large size-large wp-image-2162\" alt=\"Idea-lab-personalizacion-taller-planchado\" srcset=\"https:\/\/id-unlimited.es\/wp-content\/uploads\/2021\/01\/Idea-lab-personalizacion-taller-planchado.jpg 390w, https:\/\/id-unlimited.es\/wp-content\/uploads\/2021\/01\/Idea-lab-personalizacion-taller-planchado-268x300.jpg 268w\" sizes=\"(max-width: 390px) 100vw, 390px\" \/>\t\t\t\t\t\t\t\t\t\t\t\t\t\t\t<\/div>\n\t\t\t\t<\/div>\n\t\t\t\t<div class=\"elementor-element elementor-element-63e20b5 elementor-widget elementor-widget-text-editor\" data-id=\"63e20b5\" data-element_type=\"widget\" data-widget_type=\"text-editor.default\">\n\t\t\t\t<div class=\"elementor-widget-container\">\n\t\t\t\t\t\t\t\t\t<h3>3. <strong>Stoffbearbeitung und B\u00fcgelvorgang<\/strong><\/h3><p>In unserer gro\u00dfen Konfektions- und Bearbeitungswerkstatt verf\u00fcgen wir \u00fcber die geeigneten Ger\u00e4tschaften und hochqualifizierte Teams.<\/p>\t\t\t\t\t\t\t\t<\/div>\n\t\t\t\t<\/div>\n\t\t\t\t\t<\/div>\n\t\t<\/div>\n\t\t\t\t\t<\/div>\n\t\t<\/section>\n\t\t\t\t\t<\/div>\n\t\t<\/div>\n\t\t\t\t\t<\/div>\n\t\t<\/section>\n\t\t\t\t<\/div>\n\t\t","protected":false},"excerpt":{"rendered":"<p>IDEA LAB SPEZIALISTEN IN DER PERSONALISIERUNG VON SPORTBEKLEIDUNG Dank unserer Fachleute in den Bereichen Grafikdesign, Produktentwicklung und -herstellung sowie Positionierung k\u00f6nnen wir unseren Kunden hochwertige Anpassungen bieten. Bei ID Unlimited SPAIN geben sich Kreativit\u00e4t und Technologie die Hand, um qualitativ hochwertige, exklusive Kleidungsst\u00fccke zu fertigen. Zeit ist Geld, und darum leiten wir unsere Kunden bei &#8230; <a title=\"Personalisierung\" class=\"read-more\" href=\"https:\/\/id-unlimited.es\/de\/personalisierung\/\" aria-label=\"Mehr Informationen \u00fcber Personalisierung\">Weiterlesen<\/a><\/p>\n","protected":false},"author":2,"featured_media":0,"parent":0,"menu_order":0,"comment_status":"closed","ping_status":"closed","template":"","meta":{"footnotes":""},"class_list":["post-2777","page","type-page","status-publish"],"_links":{"self":[{"href":"https:\/\/id-unlimited.es\/de\/wp-json\/wp\/v2\/pages\/2777","targetHints":{"allow":["GET"]}}],"collection":[{"href":"https:\/\/id-unlimited.es\/de\/wp-json\/wp\/v2\/pages"}],"about":[{"href":"https:\/\/id-unlimited.es\/de\/wp-json\/wp\/v2\/types\/page"}],"author":[{"embeddable":true,"href":"https:\/\/id-unlimited.es\/de\/wp-json\/wp\/v2\/users\/2"}],"replies":[{"embeddable":true,"href":"https:\/\/id-unlimited.es\/de\/wp-json\/wp\/v2\/comments?post=2777"}],"version-history":[{"count":28,"href":"https:\/\/id-unlimited.es\/de\/wp-json\/wp\/v2\/pages\/2777\/revisions"}],"predecessor-version":[{"id":3435,"href":"https:\/\/id-unlimited.es\/de\/wp-json\/wp\/v2\/pages\/2777\/revisions\/3435"}],"wp:attachment":[{"href":"https:\/\/id-unlimited.es\/de\/wp-json\/wp\/v2\/media?parent=2777"}],"curies":[{"name":"wp","href":"https:\/\/api.w.org\/{rel}","templated":true}]}}