{"id":2761,"date":"2019-03-06T15:46:41","date_gmt":"2019-03-06T15:46:41","guid":{"rendered":"https:\/\/aneyron.com\/servicios\/"},"modified":"2025-11-20T10:32:46","modified_gmt":"2025-11-20T09:32:46","slug":"services","status":"publish","type":"page","link":"https:\/\/id-unlimited.es\/de\/services\/","title":{"rendered":"Services"},"content":{"rendered":"\t\t<div data-elementor-type=\"wp-post\" data-elementor-id=\"2761\" class=\"elementor elementor-2761 elementor-12\" data-elementor-post-type=\"page\">\n\t\t\t\t\t\t<section class=\"elementor-section elementor-top-section elementor-element elementor-element-65e526cd elementor-section-boxed elementor-section-height-default elementor-section-height-default\" data-id=\"65e526cd\" data-element_type=\"section\">\n\t\t\t\t\t\t<div class=\"elementor-container elementor-column-gap-default\">\n\t\t\t\t\t<div class=\"elementor-column elementor-col-100 elementor-top-column elementor-element elementor-element-349e6efd\" data-id=\"349e6efd\" data-element_type=\"column\">\n\t\t\t<div class=\"elementor-widget-wrap elementor-element-populated\">\n\t\t\t\t\t\t<div class=\"elementor-element elementor-element-680d31a2 dos-columnas elementor-widget elementor-widget-text-editor\" data-id=\"680d31a2\" data-element_type=\"widget\" data-widget_type=\"text-editor.default\">\n\t\t\t\t<div class=\"elementor-widget-container\">\n\t\t\t\t\t\t\t\t\t<p>Bei ID Unlimited SPAIN bieten wir einen kompletten und professionellen Service und steuern dazu alle Phasen der Produktion, vom Entwurf bis zum Druck des Endprodukts. So optimieren wir die Produktqualit\u00e4t und die Kosten. Dank unserer Produktionskapazit\u00e4ten und unserer Flexibilit\u00e4t haben wir uns als Marktf\u00fchrer in der Herstellung von Anwendungen f\u00fcr den Textilsektor in all seinen Bereichen positioniert: Sport, Arbeit und Mode.<\/p>\t\t\t\t\t\t\t\t<\/div>\n\t\t\t\t<\/div>\n\t\t\t\t\t<\/div>\n\t\t<\/div>\n\t\t\t\t\t<\/div>\n\t\t<\/section>\n\t\t\t\t<section class=\"elementor-section elementor-top-section elementor-element elementor-element-dbd4662 elementor-section-boxed elementor-section-height-default elementor-section-height-default\" data-id=\"dbd4662\" data-element_type=\"section\">\n\t\t\t\t\t\t<div class=\"elementor-container elementor-column-gap-default\">\n\t\t\t\t\t<div class=\"elementor-column elementor-col-100 elementor-top-column elementor-element elementor-element-a9752cb\" data-id=\"a9752cb\" data-element_type=\"column\">\n\t\t\t<div class=\"elementor-widget-wrap elementor-element-populated\">\n\t\t\t\t\t\t<div class=\"elementor-element elementor-element-c140f56 elementor-widget elementor-widget-spacer\" data-id=\"c140f56\" data-element_type=\"widget\" data-widget_type=\"spacer.default\">\n\t\t\t\t<div class=\"elementor-widget-container\">\n\t\t\t\t\t\t\t<div class=\"elementor-spacer\">\n\t\t\t<div class=\"elementor-spacer-inner\"><\/div>\n\t\t<\/div>\n\t\t\t\t\t\t<\/div>\n\t\t\t\t<\/div>\n\t\t\t\t\t<\/div>\n\t\t<\/div>\n\t\t\t\t\t<\/div>\n\t\t<\/section>\n\t\t\t\t<section class=\"elementor-section elementor-top-section elementor-element elementor-element-8f0c46e servicios elementor-section-boxed elementor-section-height-default elementor-section-height-default\" data-id=\"8f0c46e\" data-element_type=\"section\">\n\t\t\t\t\t\t<div class=\"elementor-container elementor-column-gap-default\">\n\t\t\t\t\t<div class=\"elementor-column elementor-col-33 elementor-top-column elementor-element elementor-element-da42a43\" data-id=\"da42a43\" data-element_type=\"column\">\n\t\t\t<div class=\"elementor-widget-wrap elementor-element-populated\">\n\t\t\t\t\t\t<div class=\"elementor-element elementor-element-898b558 elementor-widget elementor-widget-image\" data-id=\"898b558\" data-element_type=\"widget\" data-widget_type=\"image.default\">\n\t\t\t\t<div class=\"elementor-widget-container\">\n\t\t\t\t\t\t\t\t\t\t\t\t\t\t\t<img fetchpriority=\"high\" decoding=\"async\" width=\"390\" height=\"436\" src=\"https:\/\/id-unlimited.es\/wp-content\/uploads\/2021\/01\/Servicios-diseno-aneyron-transferencias-autoadhesivas-textiles.jpg\" class=\"attachment-large size-large wp-image-2768\" alt=\"\" srcset=\"https:\/\/id-unlimited.es\/wp-content\/uploads\/2021\/01\/Servicios-diseno-aneyron-transferencias-autoadhesivas-textiles.jpg 390w, https:\/\/id-unlimited.es\/wp-content\/uploads\/2021\/01\/Servicios-diseno-aneyron-transferencias-autoadhesivas-textiles-268x300.jpg 268w\" sizes=\"(max-width: 390px) 100vw, 390px\" \/>\t\t\t\t\t\t\t\t\t\t\t\t\t\t\t<\/div>\n\t\t\t\t<\/div>\n\t\t\t\t<div class=\"elementor-element elementor-element-5571e25 titulo-servicio elementor-widget elementor-widget-text-editor\" data-id=\"5571e25\" data-element_type=\"widget\" data-widget_type=\"text-editor.default\">\n\t\t\t\t<div class=\"elementor-widget-container\">\n\t\t\t\t\t\t\t\t\t<h3>DESIGN<\/h3>\t\t\t\t\t\t\t\t<\/div>\n\t\t\t\t<\/div>\n\t\t\t\t<div class=\"elementor-element elementor-element-90e8b89 elementor-widget-divider--view-line elementor-widget elementor-widget-divider\" data-id=\"90e8b89\" data-element_type=\"widget\" data-widget_type=\"divider.default\">\n\t\t\t\t<div class=\"elementor-widget-container\">\n\t\t\t\t\t\t\t<div class=\"elementor-divider\">\n\t\t\t<span class=\"elementor-divider-separator\">\n\t\t\t\t\t\t<\/span>\n\t\t<\/div>\n\t\t\t\t\t\t<\/div>\n\t\t\t\t<\/div>\n\t\t\t\t<div class=\"elementor-element elementor-element-2ef9541 elementor-widget elementor-widget-text-editor\" data-id=\"2ef9541\" data-element_type=\"widget\" data-widget_type=\"text-editor.default\">\n\t\t\t\t<div class=\"elementor-widget-container\">\n\t\t\t\t\t\t\t\t\t<p>Dank einer eigenen Designabteilung aus hochqualifizierten Fachleuten k\u00f6nnen wir ma\u00dfgeschneiderte L\u00f6sungen anfertigen, die den Bed\u00fcrfnissen unserer Kunden entsprechen.<\/p>\t\t\t\t\t\t\t\t<\/div>\n\t\t\t\t<\/div>\n\t\t\t\t\t<\/div>\n\t\t<\/div>\n\t\t\t\t<div class=\"elementor-column elementor-col-33 elementor-top-column elementor-element elementor-element-6ae38e7\" data-id=\"6ae38e7\" data-element_type=\"column\">\n\t\t\t<div class=\"elementor-widget-wrap elementor-element-populated\">\n\t\t\t\t\t\t<div class=\"elementor-element elementor-element-47f9425 elementor-widget elementor-widget-image\" data-id=\"47f9425\" data-element_type=\"widget\" data-widget_type=\"image.default\">\n\t\t\t\t<div class=\"elementor-widget-container\">\n\t\t\t\t\t\t\t\t\t\t\t\t\t\t\t<img decoding=\"async\" width=\"390\" height=\"436\" src=\"https:\/\/id-unlimited.es\/wp-content\/uploads\/2021\/01\/Servicios-fabricacion-aneyron-transferencias-autoadhesivas-textiles.jpg\" class=\"attachment-large size-large wp-image-2770\" alt=\"\" srcset=\"https:\/\/id-unlimited.es\/wp-content\/uploads\/2021\/01\/Servicios-fabricacion-aneyron-transferencias-autoadhesivas-textiles.jpg 390w, https:\/\/id-unlimited.es\/wp-content\/uploads\/2021\/01\/Servicios-fabricacion-aneyron-transferencias-autoadhesivas-textiles-268x300.jpg 268w\" sizes=\"(max-width: 390px) 100vw, 390px\" \/>\t\t\t\t\t\t\t\t\t\t\t\t\t\t\t<\/div>\n\t\t\t\t<\/div>\n\t\t\t\t<div class=\"elementor-element elementor-element-b0cb1e2 titulo-servicio elementor-widget elementor-widget-text-editor\" data-id=\"b0cb1e2\" data-element_type=\"widget\" data-widget_type=\"text-editor.default\">\n\t\t\t\t<div class=\"elementor-widget-container\">\n\t\t\t\t\t\t\t\t\t<h3>HERSTELLUNG<\/h3>\t\t\t\t\t\t\t\t<\/div>\n\t\t\t\t<\/div>\n\t\t\t\t<div class=\"elementor-element elementor-element-c9e5782 elementor-widget-divider--view-line elementor-widget elementor-widget-divider\" data-id=\"c9e5782\" data-element_type=\"widget\" data-widget_type=\"divider.default\">\n\t\t\t\t<div class=\"elementor-widget-container\">\n\t\t\t\t\t\t\t<div class=\"elementor-divider\">\n\t\t\t<span class=\"elementor-divider-separator\">\n\t\t\t\t\t\t<\/span>\n\t\t<\/div>\n\t\t\t\t\t\t<\/div>\n\t\t\t\t<\/div>\n\t\t\t\t<div class=\"elementor-element elementor-element-0cb7757 elementor-widget elementor-widget-text-editor\" data-id=\"0cb7757\" data-element_type=\"widget\" data-widget_type=\"text-editor.default\">\n\t\t\t\t<div class=\"elementor-widget-container\">\n\t\t\t\t\t\t\t\t\t<p>An unserem mehr als 2.500 m<sup>2<\/sup> gro\u00dfen Standort arbeiten wir mit der neuesten Technologie f\u00fcr die Herstellung von thermoadh\u00e4siven Transfers.<\/p>\t\t\t\t\t\t\t\t<\/div>\n\t\t\t\t<\/div>\n\t\t\t\t\t<\/div>\n\t\t<\/div>\n\t\t\t\t<div class=\"elementor-column elementor-col-33 elementor-top-column elementor-element elementor-element-95f25d4\" data-id=\"95f25d4\" data-element_type=\"column\">\n\t\t\t<div class=\"elementor-widget-wrap elementor-element-populated\">\n\t\t\t\t\t\t<div class=\"elementor-element elementor-element-7778b52 elementor-widget elementor-widget-image\" data-id=\"7778b52\" data-element_type=\"widget\" data-widget_type=\"image.default\">\n\t\t\t\t<div class=\"elementor-widget-container\">\n\t\t\t\t\t\t\t\t\t\t\t\t\t\t\t<img decoding=\"async\" width=\"390\" height=\"436\" src=\"https:\/\/id-unlimited.es\/wp-content\/uploads\/2021\/01\/Servicios-estampacion-aneyron-transferencias-autoadhesivas-textiles.jpg\" class=\"attachment-large size-large wp-image-2769\" alt=\"\" srcset=\"https:\/\/id-unlimited.es\/wp-content\/uploads\/2021\/01\/Servicios-estampacion-aneyron-transferencias-autoadhesivas-textiles.jpg 390w, https:\/\/id-unlimited.es\/wp-content\/uploads\/2021\/01\/Servicios-estampacion-aneyron-transferencias-autoadhesivas-textiles-268x300.jpg 268w\" sizes=\"(max-width: 390px) 100vw, 390px\" \/>\t\t\t\t\t\t\t\t\t\t\t\t\t\t\t<\/div>\n\t\t\t\t<\/div>\n\t\t\t\t<div class=\"elementor-element elementor-element-393bc5b titulo-servicio elementor-widget elementor-widget-text-editor\" data-id=\"393bc5b\" data-element_type=\"widget\" data-widget_type=\"text-editor.default\">\n\t\t\t\t<div class=\"elementor-widget-container\">\n\t\t\t\t\t\t\t\t\t<h3>HEISSPR\u00c4GUNG<\/h3>\t\t\t\t\t\t\t\t<\/div>\n\t\t\t\t<\/div>\n\t\t\t\t<div class=\"elementor-element elementor-element-fef61f6 elementor-widget-divider--view-line elementor-widget elementor-widget-divider\" data-id=\"fef61f6\" data-element_type=\"widget\" data-widget_type=\"divider.default\">\n\t\t\t\t<div class=\"elementor-widget-container\">\n\t\t\t\t\t\t\t<div class=\"elementor-divider\">\n\t\t\t<span class=\"elementor-divider-separator\">\n\t\t\t\t\t\t<\/span>\n\t\t<\/div>\n\t\t\t\t\t\t<\/div>\n\t\t\t\t<\/div>\n\t\t\t\t<div class=\"elementor-element elementor-element-77192d6 elementor-widget elementor-widget-text-editor\" data-id=\"77192d6\" data-element_type=\"widget\" data-widget_type=\"text-editor.default\">\n\t\t\t\t<div class=\"elementor-widget-container\">\n\t\t\t\t\t\t\t\t\t<p>Wir bieten einen professionellen Pr\u00e4geservice mit modernsten Hei\u00dfpr\u00e4gepressen an, die eine absolute Qualit\u00e4t in der Anwendung gew\u00e4hrleisten.<\/p>\t\t\t\t\t\t\t\t<\/div>\n\t\t\t\t<\/div>\n\t\t\t\t\t<\/div>\n\t\t<\/div>\n\t\t\t\t\t<\/div>\n\t\t<\/section>\n\t\t\t\t<section class=\"elementor-section elementor-top-section elementor-element elementor-element-1d27a60 servicios elementor-section-boxed elementor-section-height-default elementor-section-height-default\" data-id=\"1d27a60\" data-element_type=\"section\">\n\t\t\t\t\t\t<div class=\"elementor-container elementor-column-gap-default\">\n\t\t\t\t\t<div class=\"elementor-column elementor-col-66 elementor-top-column elementor-element elementor-element-d9c9d3f\" data-id=\"d9c9d3f\" data-element_type=\"column\">\n\t\t\t<div class=\"elementor-widget-wrap elementor-element-populated\">\n\t\t\t\t\t\t<div class=\"elementor-element elementor-element-7946cb7 elementor-widget elementor-widget-image\" data-id=\"7946cb7\" data-element_type=\"widget\" data-widget_type=\"image.default\">\n\t\t\t\t<div class=\"elementor-widget-container\">\n\t\t\t\t\t\t\t\t\t\t\t\t\t\t\t<img loading=\"lazy\" decoding=\"async\" width=\"740\" height=\"275\" src=\"https:\/\/id-unlimited.es\/wp-content\/uploads\/2021\/01\/Servicios-flexibilidad-aneyron-transferencias-autoadhesivas-textiles.jpg\" class=\"attachment-large size-large wp-image-2771\" alt=\"\" srcset=\"https:\/\/id-unlimited.es\/wp-content\/uploads\/2021\/01\/Servicios-flexibilidad-aneyron-transferencias-autoadhesivas-textiles.jpg 740w, https:\/\/id-unlimited.es\/wp-content\/uploads\/2021\/01\/Servicios-flexibilidad-aneyron-transferencias-autoadhesivas-textiles-300x111.jpg 300w\" sizes=\"(max-width: 740px) 100vw, 740px\" \/>\t\t\t\t\t\t\t\t\t\t\t\t\t\t\t<\/div>\n\t\t\t\t<\/div>\n\t\t\t\t\t<\/div>\n\t\t<\/div>\n\t\t\t\t<div class=\"elementor-column elementor-col-33 elementor-top-column elementor-element elementor-element-bb7c043\" data-id=\"bb7c043\" data-element_type=\"column\">\n\t\t\t<div class=\"elementor-widget-wrap elementor-element-populated\">\n\t\t\t\t\t\t<div class=\"elementor-element elementor-element-4f4de11 titulo-servicio elementor-widget elementor-widget-text-editor\" data-id=\"4f4de11\" data-element_type=\"widget\" data-widget_type=\"text-editor.default\">\n\t\t\t\t<div class=\"elementor-widget-container\">\n\t\t\t\t\t\t\t\t\t<h3>FLEXIBILIT\u00c4T<\/h3>\t\t\t\t\t\t\t\t<\/div>\n\t\t\t\t<\/div>\n\t\t\t\t<div class=\"elementor-element elementor-element-72e7a90 elementor-widget-divider--view-line elementor-widget elementor-widget-divider\" data-id=\"72e7a90\" data-element_type=\"widget\" data-widget_type=\"divider.default\">\n\t\t\t\t<div class=\"elementor-widget-container\">\n\t\t\t\t\t\t\t<div class=\"elementor-divider\">\n\t\t\t<span class=\"elementor-divider-separator\">\n\t\t\t\t\t\t<\/span>\n\t\t<\/div>\n\t\t\t\t\t\t<\/div>\n\t\t\t\t<\/div>\n\t\t\t\t<div class=\"elementor-element elementor-element-bf22ed0 elementor-widget elementor-widget-text-editor\" data-id=\"bf22ed0\" data-element_type=\"widget\" data-widget_type=\"text-editor.default\">\n\t\t\t\t<div class=\"elementor-widget-container\">\n\t\t\t\t\t\t\t\t\t<p>Wir passen unsere Produkte und Dienstleistungen an die Bed\u00fcrfnisse eines jeden Kunden an. Auf diese Weise bieten wir totale Flexibilit\u00e4t, um einen ganzheitlichen, personalisierten Service zu bieten.<\/p>\t\t\t\t\t\t\t\t<\/div>\n\t\t\t\t<\/div>\n\t\t\t\t\t<\/div>\n\t\t<\/div>\n\t\t\t\t\t<\/div>\n\t\t<\/section>\n\t\t\t\t<section class=\"elementor-section elementor-top-section elementor-element elementor-element-1195a4d servicios elementor-section-boxed elementor-section-height-default elementor-section-height-default\" data-id=\"1195a4d\" data-element_type=\"section\">\n\t\t\t\t\t\t<div class=\"elementor-container elementor-column-gap-default\">\n\t\t\t\t\t<div class=\"elementor-column elementor-col-66 elementor-top-column elementor-element elementor-element-ba575a3\" data-id=\"ba575a3\" data-element_type=\"column\">\n\t\t\t<div class=\"elementor-widget-wrap elementor-element-populated\">\n\t\t\t\t\t\t<div class=\"elementor-element elementor-element-56fafa1 elementor-widget elementor-widget-image\" data-id=\"56fafa1\" data-element_type=\"widget\" data-widget_type=\"image.default\">\n\t\t\t\t<div class=\"elementor-widget-container\">\n\t\t\t\t\t\t\t\t\t\t\t\t\t\t\t<img loading=\"lazy\" decoding=\"async\" width=\"740\" height=\"275\" src=\"https:\/\/id-unlimited.es\/wp-content\/uploads\/2019\/03\/servicios-05.jpg\" class=\"attachment-large size-large wp-image-2767\" alt=\"\" srcset=\"https:\/\/id-unlimited.es\/wp-content\/uploads\/2019\/03\/servicios-05.jpg 740w, https:\/\/id-unlimited.es\/wp-content\/uploads\/2019\/03\/servicios-05-300x111.jpg 300w\" sizes=\"(max-width: 740px) 100vw, 740px\" \/>\t\t\t\t\t\t\t\t\t\t\t\t\t\t\t<\/div>\n\t\t\t\t<\/div>\n\t\t\t\t\t<\/div>\n\t\t<\/div>\n\t\t\t\t<div class=\"elementor-column elementor-col-33 elementor-top-column elementor-element elementor-element-9cf25c6\" data-id=\"9cf25c6\" data-element_type=\"column\">\n\t\t\t<div class=\"elementor-widget-wrap elementor-element-populated\">\n\t\t\t\t\t\t<div class=\"elementor-element elementor-element-9450985 titulo-servicio elementor-widget elementor-widget-text-editor\" data-id=\"9450985\" data-element_type=\"widget\" data-widget_type=\"text-editor.default\">\n\t\t\t\t<div class=\"elementor-widget-container\">\n\t\t\t\t\t\t\t\t\t<h3>DISTRIBUTION<\/h3>\t\t\t\t\t\t\t\t<\/div>\n\t\t\t\t<\/div>\n\t\t\t\t<div class=\"elementor-element elementor-element-34f00c5 elementor-widget-divider--view-line elementor-widget elementor-widget-divider\" data-id=\"34f00c5\" data-element_type=\"widget\" data-widget_type=\"divider.default\">\n\t\t\t\t<div class=\"elementor-widget-container\">\n\t\t\t\t\t\t\t<div class=\"elementor-divider\">\n\t\t\t<span class=\"elementor-divider-separator\">\n\t\t\t\t\t\t<\/span>\n\t\t<\/div>\n\t\t\t\t\t\t<\/div>\n\t\t\t\t<\/div>\n\t\t\t\t<div class=\"elementor-element elementor-element-aca6c3c elementor-widget elementor-widget-text-editor\" data-id=\"aca6c3c\" data-element_type=\"widget\" data-widget_type=\"text-editor.default\">\n\t\t\t\t<div class=\"elementor-widget-container\">\n\t\t\t\t\t\t\t\t\t<p>Effiziente Kommunikation und Abhol- und Lieferservice sorgen daf\u00fcr, dass die Sendungen in einwandfreiem Zustand und termingerecht am Zielort ankommen.<\/p>\t\t\t\t\t\t\t\t<\/div>\n\t\t\t\t<\/div>\n\t\t\t\t\t<\/div>\n\t\t<\/div>\n\t\t\t\t\t<\/div>\n\t\t<\/section>\n\t\t\t\t<section class=\"elementor-section elementor-top-section elementor-element elementor-element-5c5a411 elementor-section-boxed elementor-section-height-default elementor-section-height-default\" data-id=\"5c5a411\" data-element_type=\"section\">\n\t\t\t\t\t\t<div class=\"elementor-container elementor-column-gap-default\">\n\t\t\t\t\t<div class=\"elementor-column elementor-col-100 elementor-top-column elementor-element elementor-element-5677385\" data-id=\"5677385\" data-element_type=\"column\">\n\t\t\t<div class=\"elementor-widget-wrap elementor-element-populated\">\n\t\t\t\t\t\t<div class=\"elementor-element elementor-element-301b067 elementor-widget elementor-widget-spacer\" data-id=\"301b067\" data-element_type=\"widget\" data-widget_type=\"spacer.default\">\n\t\t\t\t<div class=\"elementor-widget-container\">\n\t\t\t\t\t\t\t<div class=\"elementor-spacer\">\n\t\t\t<div class=\"elementor-spacer-inner\"><\/div>\n\t\t<\/div>\n\t\t\t\t\t\t<\/div>\n\t\t\t\t<\/div>\n\t\t\t\t\t<\/div>\n\t\t<\/div>\n\t\t\t\t\t<\/div>\n\t\t<\/section>\n\t\t\t\t<\/div>\n\t\t","protected":false},"excerpt":{"rendered":"<p>Bei ID Unlimited SPAIN bieten wir einen kompletten und professionellen Service und steuern dazu alle Phasen der Produktion, vom Entwurf bis zum Druck des Endprodukts. So optimieren wir die Produktqualit\u00e4t und die Kosten. Dank unserer Produktionskapazit\u00e4ten und unserer Flexibilit\u00e4t haben wir uns als Marktf\u00fchrer in der Herstellung von Anwendungen f\u00fcr den Textilsektor in all seinen &#8230; <a title=\"Services\" class=\"read-more\" href=\"https:\/\/id-unlimited.es\/de\/services\/\" aria-label=\"Mehr Informationen \u00fcber Services\">Weiterlesen<\/a><\/p>\n","protected":false},"author":2,"featured_media":0,"parent":0,"menu_order":0,"comment_status":"closed","ping_status":"closed","template":"","meta":{"footnotes":""},"class_list":["post-2761","page","type-page","status-publish"],"_links":{"self":[{"href":"https:\/\/id-unlimited.es\/de\/wp-json\/wp\/v2\/pages\/2761","targetHints":{"allow":["GET"]}}],"collection":[{"href":"https:\/\/id-unlimited.es\/de\/wp-json\/wp\/v2\/pages"}],"about":[{"href":"https:\/\/id-unlimited.es\/de\/wp-json\/wp\/v2\/types\/page"}],"author":[{"embeddable":true,"href":"https:\/\/id-unlimited.es\/de\/wp-json\/wp\/v2\/users\/2"}],"replies":[{"embeddable":true,"href":"https:\/\/id-unlimited.es\/de\/wp-json\/wp\/v2\/comments?post=2761"}],"version-history":[{"count":7,"href":"https:\/\/id-unlimited.es\/de\/wp-json\/wp\/v2\/pages\/2761\/revisions"}],"predecessor-version":[{"id":3273,"href":"https:\/\/id-unlimited.es\/de\/wp-json\/wp\/v2\/pages\/2761\/revisions\/3273"}],"wp:attachment":[{"href":"https:\/\/id-unlimited.es\/de\/wp-json\/wp\/v2\/media?parent=2761"}],"curies":[{"name":"wp","href":"https:\/\/api.w.org\/{rel}","templated":true}]}}