{"id":2724,"date":"2019-03-06T15:46:31","date_gmt":"2019-03-06T15:46:31","guid":{"rendered":"https:\/\/aneyron.com\/inicio\/"},"modified":"2025-11-27T16:15:47","modified_gmt":"2025-11-27T15:15:47","slug":"inicio","status":"publish","type":"page","link":"https:\/\/id-unlimited.es\/de\/","title":{"rendered":"Home"},"content":{"rendered":"\t\t<div data-elementor-type=\"wp-post\" data-elementor-id=\"2724\" class=\"elementor elementor-2724 elementor-10\" data-elementor-post-type=\"page\">\n\t\t\t\t\t\t<section class=\"elementor-section elementor-top-section elementor-element elementor-element-aa21814 elementor-section-boxed elementor-section-height-default elementor-section-height-default\" data-id=\"aa21814\" data-element_type=\"section\">\n\t\t\t\t\t\t<div class=\"elementor-container elementor-column-gap-default\">\n\t\t\t\t\t<div class=\"elementor-column elementor-col-100 elementor-top-column elementor-element elementor-element-20601fb\" data-id=\"20601fb\" data-element_type=\"column\">\n\t\t\t<div class=\"elementor-widget-wrap elementor-element-populated\">\n\t\t\t\t\t\t<div class=\"elementor-element elementor-element-5cc5a3f elementor-widget elementor-widget-text-editor\" data-id=\"5cc5a3f\" data-element_type=\"widget\" data-widget_type=\"text-editor.default\">\n\t\t\t\t<div class=\"elementor-widget-container\">\n\t\t\t\t\t\t\t\t\t<a name=\"ancla-home\"> <\/a>\t\t\t\t\t\t\t\t<\/div>\n\t\t\t\t<\/div>\n\t\t\t\t\t<\/div>\n\t\t<\/div>\n\t\t\t\t\t<\/div>\n\t\t<\/section>\n\t\t\t\t<section class=\"elementor-section elementor-top-section elementor-element elementor-element-9fb7a98 elementor-section-boxed elementor-section-height-default elementor-section-height-default\" data-id=\"9fb7a98\" data-element_type=\"section\">\n\t\t\t\t\t\t<div class=\"elementor-container elementor-column-gap-default\">\n\t\t\t\t\t<div class=\"elementor-column elementor-col-50 elementor-top-column elementor-element elementor-element-75c418e\" data-id=\"75c418e\" data-element_type=\"column\">\n\t\t\t<div class=\"elementor-widget-wrap elementor-element-populated\">\n\t\t\t\t\t\t<div class=\"elementor-element elementor-element-d9bfa6e elementor-widget elementor-widget-text-editor\" data-id=\"d9bfa6e\" data-element_type=\"widget\" data-widget_type=\"text-editor.default\">\n\t\t\t\t<div class=\"elementor-widget-container\">\n\t\t\t\t\t\t\t\t\t<h3>ERFAHRUNG<\/h3><p>ID Unlimited SPAIN verf\u00fcgt \u00fcber umfassende Erfahrung im Textilsektor, vom Design \u00fcber die Produktion bis hin zum Vertrieb. Wir bieten eine breite Palette von Produkten, Materialien und kundenorientierten Dienstleistungen an.<\/p>\t\t\t\t\t\t\t\t<\/div>\n\t\t\t\t<\/div>\n\t\t\t\t\t<\/div>\n\t\t<\/div>\n\t\t\t\t<div class=\"elementor-column elementor-col-50 elementor-top-column elementor-element elementor-element-29d8a6b\" data-id=\"29d8a6b\" data-element_type=\"column\">\n\t\t\t<div class=\"elementor-widget-wrap elementor-element-populated\">\n\t\t\t\t\t\t<div class=\"elementor-element elementor-element-45e9749 elementor-widget elementor-widget-text-editor\" data-id=\"45e9749\" data-element_type=\"widget\" data-widget_type=\"text-editor.default\">\n\t\t\t\t<div class=\"elementor-widget-container\">\n\t\t\t\t\t\t\t\t\t<h3>FLEXIBILIT\u00c4T<\/h3>\nDie integrale Herstellung des Produkts erm\u00f6glicht uns eine agile und direkte Kommunikation mit dem Kunden. Die Liebe zum Detail und ein erstklassiger Lieferservice sind unsere Markenzeichen.\t\t\t\t\t\t\t\t<\/div>\n\t\t\t\t<\/div>\n\t\t\t\t\t<\/div>\n\t\t<\/div>\n\t\t\t\t\t<\/div>\n\t\t<\/section>\n\t\t\t\t<section class=\"elementor-section elementor-top-section elementor-element elementor-element-5547b2c elementor-section-boxed elementor-section-height-default elementor-section-height-default\" data-id=\"5547b2c\" data-element_type=\"section\">\n\t\t\t\t\t\t<div class=\"elementor-container elementor-column-gap-default\">\n\t\t\t\t\t<div class=\"elementor-column elementor-col-100 elementor-top-column elementor-element elementor-element-67089b9\" data-id=\"67089b9\" data-element_type=\"column\">\n\t\t\t<div class=\"elementor-widget-wrap elementor-element-populated\">\n\t\t\t\t\t\t<div class=\"elementor-element elementor-element-09795e2 elementor-widget elementor-widget-text-editor\" data-id=\"09795e2\" data-element_type=\"widget\" data-widget_type=\"text-editor.default\">\n\t\t\t\t<div class=\"elementor-widget-container\">\n\t\t\t\t\t\t\t\t\t<p><a class=\"enlace-seccion\" href=\"https:\/\/id-unlimited.es\/de\/services\/\">Lernen Sie unsere Dienstleistungen kennen &gt;<\/a><\/p>\t\t\t\t\t\t\t\t<\/div>\n\t\t\t\t<\/div>\n\t\t\t\t<div class=\"elementor-element elementor-element-8f86823 elementor-widget elementor-widget-spacer\" data-id=\"8f86823\" data-element_type=\"widget\" data-widget_type=\"spacer.default\">\n\t\t\t\t<div class=\"elementor-widget-container\">\n\t\t\t\t\t\t\t<div class=\"elementor-spacer\">\n\t\t\t<div class=\"elementor-spacer-inner\"><\/div>\n\t\t<\/div>\n\t\t\t\t\t\t<\/div>\n\t\t\t\t<\/div>\n\t\t\t\t\t<\/div>\n\t\t<\/div>\n\t\t\t\t\t<\/div>\n\t\t<\/section>\n\t\t\t\t<section class=\"elementor-section elementor-top-section elementor-element elementor-element-3857ceb elementor-section-boxed elementor-section-height-default elementor-section-height-default\" data-id=\"3857ceb\" data-element_type=\"section\" data-settings=\"{&quot;background_background&quot;:&quot;classic&quot;}\">\n\t\t\t\t\t\t<div class=\"elementor-container elementor-column-gap-default\">\n\t\t\t\t\t<div class=\"elementor-column elementor-col-50 elementor-top-column elementor-element elementor-element-5c7efbd\" data-id=\"5c7efbd\" data-element_type=\"column\" data-settings=\"{&quot;background_background&quot;:&quot;classic&quot;}\">\n\t\t\t<div class=\"elementor-widget-wrap elementor-element-populated\">\n\t\t\t\t\t\t\t<\/div>\n\t\t<\/div>\n\t\t\t\t<div class=\"elementor-column elementor-col-50 elementor-top-column elementor-element elementor-element-3bd0b7a\" data-id=\"3bd0b7a\" data-element_type=\"column\">\n\t\t\t<div class=\"elementor-widget-wrap elementor-element-populated\">\n\t\t\t\t\t\t<div class=\"elementor-element elementor-element-eaa177b elementor-widget elementor-widget-image\" data-id=\"eaa177b\" data-element_type=\"widget\" data-widget_type=\"image.default\">\n\t\t\t\t<div class=\"elementor-widget-container\">\n\t\t\t\t\t\t\t\t\t\t\t\t\t\t\t<img fetchpriority=\"high\" decoding=\"async\" width=\"806\" height=\"262\" src=\"https:\/\/id-unlimited.es\/wp-content\/uploads\/2021\/01\/ropa-laboral-aneyron-aplicaciones-termoadhesivas.jpg\" class=\"attachment-full size-full wp-image-2731\" alt=\"\" srcset=\"https:\/\/id-unlimited.es\/wp-content\/uploads\/2021\/01\/ropa-laboral-aneyron-aplicaciones-termoadhesivas.jpg 806w, https:\/\/id-unlimited.es\/wp-content\/uploads\/2021\/01\/ropa-laboral-aneyron-aplicaciones-termoadhesivas-300x98.jpg 300w, https:\/\/id-unlimited.es\/wp-content\/uploads\/2021\/01\/ropa-laboral-aneyron-aplicaciones-termoadhesivas-768x250.jpg 768w\" sizes=\"(max-width: 806px) 100vw, 806px\" \/>\t\t\t\t\t\t\t\t\t\t\t\t\t\t\t<\/div>\n\t\t\t\t<\/div>\n\t\t\t\t<section class=\"elementor-section elementor-inner-section elementor-element elementor-element-8787215 elementor-section-boxed elementor-section-height-default elementor-section-height-default\" data-id=\"8787215\" data-element_type=\"section\">\n\t\t\t\t\t\t<div class=\"elementor-container elementor-column-gap-default\">\n\t\t\t\t\t<div class=\"elementor-column elementor-col-50 elementor-inner-column elementor-element elementor-element-c394fef\" data-id=\"c394fef\" data-element_type=\"column\" data-settings=\"{&quot;background_background&quot;:&quot;classic&quot;}\">\n\t\t\t<div class=\"elementor-widget-wrap elementor-element-populated\">\n\t\t\t\t\t\t\t<\/div>\n\t\t<\/div>\n\t\t\t\t<div class=\"elementor-column elementor-col-50 elementor-inner-column elementor-element elementor-element-73485a6\" data-id=\"73485a6\" data-element_type=\"column\">\n\t\t\t<div class=\"elementor-widget-wrap elementor-element-populated\">\n\t\t\t\t\t\t<div class=\"elementor-element elementor-element-606c114 elementor-widget elementor-widget-text-editor\" data-id=\"606c114\" data-element_type=\"widget\" data-widget_type=\"text-editor.default\">\n\t\t\t\t<div class=\"elementor-widget-container\">\n\t\t\t\t\t\t\t\t\t<h2>PRODUKTE<\/h2><p>Wir sind Spezialisten f\u00fcr den Transferdruck und Textilsiebdruck von Logos, Sponsorennamen, Abzeichen, Namen, Alphabeten und offiziellen Nummern spanischer und europ\u00e4ischer Spitzen- und Nationalmannschaften.<\/p><p><a class=\"enlace-seccion\" href=\"https:\/\/id-unlimited.es\/productos\/\">Produkte anzeigen &gt;<\/a><\/p>\t\t\t\t\t\t\t\t<\/div>\n\t\t\t\t<\/div>\n\t\t\t\t\t<\/div>\n\t\t<\/div>\n\t\t\t\t\t<\/div>\n\t\t<\/section>\n\t\t\t\t\t<\/div>\n\t\t<\/div>\n\t\t\t\t\t<\/div>\n\t\t<\/section>\n\t\t\t\t<section class=\"elementor-section elementor-top-section elementor-element elementor-element-55f0e2b elementor-section-stretched elementor-section-full_width elementor-section-height-default elementor-section-height-default\" data-id=\"55f0e2b\" data-element_type=\"section\" data-settings=\"{&quot;stretch_section&quot;:&quot;section-stretched&quot;}\">\n\t\t\t\t\t\t<div class=\"elementor-container elementor-column-gap-default\">\n\t\t\t\t\t<div class=\"elementor-column elementor-col-50 elementor-top-column elementor-element elementor-element-2024f39\" data-id=\"2024f39\" data-element_type=\"column\" data-settings=\"{&quot;background_background&quot;:&quot;classic&quot;}\">\n\t\t\t<div class=\"elementor-widget-wrap elementor-element-populated\">\n\t\t\t\t\t\t<div class=\"elementor-element elementor-element-78be971 elementor-widget elementor-widget-text-editor\" data-id=\"78be971\" data-element_type=\"widget\" data-widget_type=\"text-editor.default\">\n\t\t\t\t<div class=\"elementor-widget-container\">\n\t\t\t\t\t\t\t\t\t<p class=\"txt-subrayado\">Unsere Priorit\u00e4ten<\/p>\t\t\t\t\t\t\t\t<\/div>\n\t\t\t\t<\/div>\n\t\t\t\t<div class=\"elementor-element elementor-element-fa0a2a4 elementor-widget elementor-widget-text-editor\" data-id=\"fa0a2a4\" data-element_type=\"widget\" data-widget_type=\"text-editor.default\">\n\t\t\t\t<div class=\"elementor-widget-container\">\n\t\t\t\t\t\t\t\t\t<h3>QUALIT\u00c4T<\/h3>\nUnser Produktionssystem garantiert optimale Produktqualit\u00e4t durch eine strenge Qualit\u00e4tskontrolle in allen Prozessen. Dar\u00fcber hinaus sind unsere Produkte von zertifizierten Labors gepr\u00fcft und zugelassen.\t\t\t\t\t\t\t\t<\/div>\n\t\t\t\t<\/div>\n\t\t\t\t<div class=\"elementor-element elementor-element-4ef9627 elementor-widget elementor-widget-text-editor\" data-id=\"4ef9627\" data-element_type=\"widget\" data-widget_type=\"text-editor.default\">\n\t\t\t\t<div class=\"elementor-widget-container\">\n\t\t\t\t\t\t\t\t\t<h3>TECHNOLOGIE<\/h3>\nWir stellen Ihnen unsere fortschrittliche Technologie in den verschiedenen Fertigungsprozessen zur Verf\u00fcgung, und das alles unter der Leitung eines kreativen und fachkundigen technischen Teams, das bereit ist, auf jeden Bedarf zu reagieren.\t\t\t\t\t\t\t\t<\/div>\n\t\t\t\t<\/div>\n\t\t\t\t<div class=\"elementor-element elementor-element-e872360 elementor-widget elementor-widget-text-editor\" data-id=\"e872360\" data-element_type=\"widget\" data-widget_type=\"text-editor.default\">\n\t\t\t\t<div class=\"elementor-widget-container\">\n\t\t\t\t\t\t\t\t\t<h3>SEKTOREN<\/h3><p>Die verschiedenen Produktqualit\u00e4ten, die wir in unserem Katalog anbieten, orientieren sich an unterschiedlichen Bereichen innerhalb der Textilbranche, wobei Sport, Arbeit und Mode unsere Hauptbet\u00e4tigungsfelder sind.<\/p>\t\t\t\t\t\t\t\t<\/div>\n\t\t\t\t<\/div>\n\t\t\t\t\t<\/div>\n\t\t<\/div>\n\t\t\t\t<div class=\"elementor-column elementor-col-50 elementor-top-column elementor-element elementor-element-2fbff75 elementor-hidden-phone\" data-id=\"2fbff75\" data-element_type=\"column\" data-settings=\"{&quot;background_background&quot;:&quot;classic&quot;}\">\n\t\t\t<div class=\"elementor-widget-wrap elementor-element-populated\">\n\t\t\t\t\t\t\t<\/div>\n\t\t<\/div>\n\t\t\t\t\t<\/div>\n\t\t<\/section>\n\t\t\t\t<\/div>\n\t\t","protected":false},"excerpt":{"rendered":"<p>ERFAHRUNG ID Unlimited SPAIN verf\u00fcgt \u00fcber umfassende Erfahrung im Textilsektor, vom Design \u00fcber die Produktion bis hin zum Vertrieb. Wir bieten eine breite Palette von Produkten, Materialien und kundenorientierten Dienstleistungen an. FLEXIBILIT\u00c4T Die integrale Herstellung des Produkts erm\u00f6glicht uns eine agile und direkte Kommunikation mit dem Kunden. Die Liebe zum Detail und ein erstklassiger Lieferservice &#8230; <a title=\"Home\" class=\"read-more\" href=\"https:\/\/id-unlimited.es\/de\/\" aria-label=\"Mehr Informationen \u00fcber Home\">Weiterlesen<\/a><\/p>\n","protected":false},"author":2,"featured_media":0,"parent":0,"menu_order":0,"comment_status":"closed","ping_status":"closed","template":"","meta":{"footnotes":""},"class_list":["post-2724","page","type-page","status-publish"],"_links":{"self":[{"href":"https:\/\/id-unlimited.es\/de\/wp-json\/wp\/v2\/pages\/2724","targetHints":{"allow":["GET"]}}],"collection":[{"href":"https:\/\/id-unlimited.es\/de\/wp-json\/wp\/v2\/pages"}],"about":[{"href":"https:\/\/id-unlimited.es\/de\/wp-json\/wp\/v2\/types\/page"}],"author":[{"embeddable":true,"href":"https:\/\/id-unlimited.es\/de\/wp-json\/wp\/v2\/users\/2"}],"replies":[{"embeddable":true,"href":"https:\/\/id-unlimited.es\/de\/wp-json\/wp\/v2\/comments?post=2724"}],"version-history":[{"count":28,"href":"https:\/\/id-unlimited.es\/de\/wp-json\/wp\/v2\/pages\/2724\/revisions"}],"predecessor-version":[{"id":3432,"href":"https:\/\/id-unlimited.es\/de\/wp-json\/wp\/v2\/pages\/2724\/revisions\/3432"}],"wp:attachment":[{"href":"https:\/\/id-unlimited.es\/de\/wp-json\/wp\/v2\/media?parent=2724"}],"curies":[{"name":"wp","href":"https:\/\/api.w.org\/{rel}","templated":true}]}}